{"id":4063,"date":"2026-04-22T17:55:53","date_gmt":"2026-04-22T20:55:53","guid":{"rendered":"https:\/\/glutenouy.com\/g7o2\/?page_id=4063"},"modified":"2026-04-22T18:21:15","modified_gmt":"2026-04-22T21:21:15","slug":"inicio","status":"publish","type":"page","link":"https:\/\/glutenouy.com\/g7o2\/","title":{"rendered":"INICIO"},"content":{"rendered":"\t\t<div data-elementor-type=\"wp-page\" data-elementor-id=\"4063\" class=\"elementor elementor-4063\">\n\t\t\t\t\t\t<section class=\"elementor-section elementor-top-section elementor-element elementor-element-3c3c182 elementor-section-boxed elementor-section-height-default elementor-section-height-default\" data-id=\"3c3c182\" data-element_type=\"section\">\n\t\t\t\t\t\t<div class=\"elementor-container elementor-column-gap-default\">\n\t\t\t\t\t<div class=\"elementor-column elementor-col-100 elementor-top-column elementor-element elementor-element-6c97a62\" data-id=\"6c97a62\" data-element_type=\"column\">\n\t\t\t<div class=\"elementor-widget-wrap elementor-element-populated\">\n\t\t\t\t\t\t<div class=\"elementor-element elementor-element-f8ab3a9 elementor-widget__width-initial elementor-widget elementor-widget-shortcode\" data-id=\"f8ab3a9\" data-element_type=\"widget\" data-widget_type=\"shortcode.default\">\n\t\t\t\t<div class=\"elementor-widget-container\">\n\t\t\t\t\t\t\t<div class=\"elementor-shortcode\"><\/div>\n\t\t\t\t\t\t<\/div>\n\t\t\t\t<\/div>\n\t\t\t\t\t<\/div>\n\t\t<\/div>\n\t\t\t\t\t<\/div>\n\t\t<\/section>\n\t\t\t\t<section class=\"elementor-section elementor-top-section elementor-element elementor-element-c446207 elementor-section-boxed elementor-section-height-default elementor-section-height-default\" data-id=\"c446207\" data-element_type=\"section\">\n\t\t\t\t\t\t<div class=\"elementor-container elementor-column-gap-default\">\n\t\t\t\t\t<div class=\"elementor-column elementor-col-20 elementor-top-column elementor-element elementor-element-6508a01\" data-id=\"6508a01\" data-element_type=\"column\">\n\t\t\t<div class=\"elementor-widget-wrap elementor-element-populated\">\n\t\t\t\t\t\t<div class=\"elementor-element elementor-element-b371bbd elementor-widget elementor-widget-button\" data-id=\"b371bbd\" data-element_type=\"widget\" data-widget_type=\"button.default\">\n\t\t\t\t<div class=\"elementor-widget-container\">\n\t\t\t\t\t\t\t\t\t<div class=\"elementor-button-wrapper\">\n\t\t\t\t\t<a class=\"elementor-button elementor-button-link elementor-size-sm\" href=\"https:\/\/glutenouy.com\/g7o2\/categoria-producto\/productos\/\">\n\t\t\t\t\t\t<span class=\"elementor-button-content-wrapper\">\n\t\t\t\t\t\t\t\t\t<span class=\"elementor-button-text\">PRODUCTOS<\/span>\n\t\t\t\t\t<\/span>\n\t\t\t\t\t<\/a>\n\t\t\t\t<\/div>\n\t\t\t\t\t\t\t\t<\/div>\n\t\t\t\t<\/div>\n\t\t\t\t\t<\/div>\n\t\t<\/div>\n\t\t\t\t<div class=\"elementor-column elementor-col-20 elementor-top-column elementor-element elementor-element-17c5097\" data-id=\"17c5097\" data-element_type=\"column\">\n\t\t\t<div class=\"elementor-widget-wrap elementor-element-populated\">\n\t\t\t\t\t\t<div class=\"elementor-element elementor-element-165c013 elementor-widget elementor-widget-button\" data-id=\"165c013\" data-element_type=\"widget\" data-widget_type=\"button.default\">\n\t\t\t\t<div class=\"elementor-widget-container\">\n\t\t\t\t\t\t\t\t\t<div class=\"elementor-button-wrapper\">\n\t\t\t\t\t<a class=\"elementor-button elementor-button-link elementor-size-sm\" href=\"https:\/\/glutenouy.com\/g7o2\/locales-que-tienen-nuestros-productos\/\">\n\t\t\t\t\t\t<span class=\"elementor-button-content-wrapper\">\n\t\t\t\t\t\t\t\t\t<span class=\"elementor-button-text\">PUNTOS DE VENTA<\/span>\n\t\t\t\t\t<\/span>\n\t\t\t\t\t<\/a>\n\t\t\t\t<\/div>\n\t\t\t\t\t\t\t\t<\/div>\n\t\t\t\t<\/div>\n\t\t\t\t\t<\/div>\n\t\t<\/div>\n\t\t\t\t<div class=\"elementor-column elementor-col-20 elementor-top-column elementor-element elementor-element-8e0cb7b\" data-id=\"8e0cb7b\" data-element_type=\"column\">\n\t\t\t<div class=\"elementor-widget-wrap elementor-element-populated\">\n\t\t\t\t\t\t<div class=\"elementor-element elementor-element-96d413f elementor-widget elementor-widget-button\" data-id=\"96d413f\" data-element_type=\"widget\" data-widget_type=\"button.default\">\n\t\t\t\t<div class=\"elementor-widget-container\">\n\t\t\t\t\t\t\t\t\t<div class=\"elementor-button-wrapper\">\n\t\t\t\t\t<a class=\"elementor-button elementor-button-link elementor-size-sm\" href=\"#\">\n\t\t\t\t\t\t<span class=\"elementor-button-content-wrapper\">\n\t\t\t\t\t\t\t\t\t<span class=\"elementor-button-text\">CONTACTANOS<\/span>\n\t\t\t\t\t<\/span>\n\t\t\t\t\t<\/a>\n\t\t\t\t<\/div>\n\t\t\t\t\t\t\t\t<\/div>\n\t\t\t\t<\/div>\n\t\t\t\t\t<\/div>\n\t\t<\/div>\n\t\t\t\t<div class=\"elementor-column elementor-col-20 elementor-top-column elementor-element elementor-element-be69adb\" data-id=\"be69adb\" data-element_type=\"column\">\n\t\t\t<div class=\"elementor-widget-wrap elementor-element-populated\">\n\t\t\t\t\t\t<div class=\"elementor-element elementor-element-3b13ddb elementor-widget elementor-widget-button\" data-id=\"3b13ddb\" data-element_type=\"widget\" data-widget_type=\"button.default\">\n\t\t\t\t<div class=\"elementor-widget-container\">\n\t\t\t\t\t\t\t\t\t<div class=\"elementor-button-wrapper\">\n\t\t\t\t\t<a class=\"elementor-button elementor-button-link elementor-size-sm\" href=\"https:\/\/glutenouy.com\/g7o2\/tienda\/\">\n\t\t\t\t\t\t<span class=\"elementor-button-content-wrapper\">\n\t\t\t\t\t\t\t\t\t<span class=\"elementor-button-text\">TIENDA<\/span>\n\t\t\t\t\t<\/span>\n\t\t\t\t\t<\/a>\n\t\t\t\t<\/div>\n\t\t\t\t\t\t\t\t<\/div>\n\t\t\t\t<\/div>\n\t\t\t\t\t<\/div>\n\t\t<\/div>\n\t\t\t\t<div class=\"elementor-column elementor-col-20 elementor-top-column elementor-element elementor-element-6e0ee71\" data-id=\"6e0ee71\" data-element_type=\"column\">\n\t\t\t<div class=\"elementor-widget-wrap elementor-element-populated\">\n\t\t\t\t\t\t<div class=\"elementor-element elementor-element-6bbab45 elementor-widget elementor-widget-button\" data-id=\"6bbab45\" data-element_type=\"widget\" data-widget_type=\"button.default\">\n\t\t\t\t<div class=\"elementor-widget-container\">\n\t\t\t\t\t\t\t\t\t<div class=\"elementor-button-wrapper\">\n\t\t\t\t\t<a class=\"elementor-button elementor-button-link elementor-size-sm elementor-animation-buzz\" href=\"#\">\n\t\t\t\t\t\t<span class=\"elementor-button-content-wrapper\">\n\t\t\t\t\t\t\t\t\t<span class=\"elementor-button-text\">    BLOG        <\/span>\n\t\t\t\t\t<\/span>\n\t\t\t\t\t<\/a>\n\t\t\t\t<\/div>\n\t\t\t\t\t\t\t\t<\/div>\n\t\t\t\t<\/div>\n\t\t\t\t\t<\/div>\n\t\t<\/div>\n\t\t\t\t\t<\/div>\n\t\t<\/section>\n\t\t\t\t<section class=\"elementor-section elementor-top-section elementor-element elementor-element-0911ead elementor-section-boxed elementor-section-height-default elementor-section-height-default\" data-id=\"0911ead\" data-element_type=\"section\">\n\t\t\t\t\t\t<div class=\"elementor-container elementor-column-gap-default\">\n\t\t\t\t\t<div class=\"elementor-column elementor-col-100 elementor-top-column elementor-element elementor-element-57bff81\" data-id=\"57bff81\" data-element_type=\"column\">\n\t\t\t<div class=\"elementor-widget-wrap elementor-element-populated\">\n\t\t\t\t\t\t<div class=\"elementor-element elementor-element-f306aa6 elementor-position-top elementor-widget elementor-widget-image-box\" data-id=\"f306aa6\" data-element_type=\"widget\" data-widget_type=\"image-box.default\">\n\t\t\t\t<div class=\"elementor-widget-container\">\n\t\t\t\t\t<div class=\"elementor-image-box-wrapper\"><figure class=\"elementor-image-box-img\"><img fetchpriority=\"high\" decoding=\"async\" width=\"225\" height=\"225\" src=\"https:\/\/i0.wp.com\/glutenouy.com\/g7o2\/wp-content\/uploads\/2026\/04\/images.png?fit=225%2C225&amp;ssl=1\" class=\"attachment-full size-full wp-image-4069\" alt=\"\" srcset=\"https:\/\/i0.wp.com\/glutenouy.com\/g7o2\/wp-content\/uploads\/2026\/04\/images.png?w=225&amp;ssl=1 225w, https:\/\/i0.wp.com\/glutenouy.com\/g7o2\/wp-content\/uploads\/2026\/04\/images.png?resize=150%2C150&amp;ssl=1 150w, https:\/\/i0.wp.com\/glutenouy.com\/g7o2\/wp-content\/uploads\/2026\/04\/images.png?resize=100%2C100&amp;ssl=1 100w, https:\/\/i0.wp.com\/glutenouy.com\/g7o2\/wp-content\/uploads\/2026\/04\/images.png?resize=64%2C64&amp;ssl=1 64w\" sizes=\"(max-width: 225px) 100vw, 225px\" \/><\/figure><div class=\"elementor-image-box-content\"><h3 class=\"elementor-image-box-title\">DESCUENTOS DE 15% Y 25% CON TARJETAS SCOTIA<\/h3><p class=\"elementor-image-box-description\">25%\ntarjetas de cr\u00e9dito Platinum, Infinite, Gold y D\u00e9bito Premium\n  <\/p><\/div><\/div>\t\t\t\t<\/div>\n\t\t\t\t<\/div>\n\t\t\t\t<div class=\"elementor-element elementor-element-476a406 elementor-widget elementor-widget-heading\" data-id=\"476a406\" data-element_type=\"widget\" data-widget_type=\"heading.default\">\n\t\t\t\t<div class=\"elementor-widget-container\">\n\t\t\t\t\t<h2 class=\"elementor-heading-title elementor-size-default\">Estamos ubicados en Scoser\u00eda 2637<\/h2>\t\t\t\t<\/div>\n\t\t\t\t<\/div>\n\t\t\t\t<div class=\"elementor-element elementor-element-4eebb3c elementor-widget elementor-widget-google_maps\" data-id=\"4eebb3c\" data-element_type=\"widget\" data-widget_type=\"google_maps.default\">\n\t\t\t\t<div class=\"elementor-widget-container\">\n\t\t\t\t\t\t\t<div class=\"elementor-custom-embed\">\n\t\t\t<iframe loading=\"lazy\"\n\t\t\t\t\tsrc=\"https:\/\/maps.google.com\/maps?q=Scoseria%202637&#038;t=m&#038;z=14&#038;output=embed&#038;iwloc=near\"\n\t\t\t\t\ttitle=\"Scoseria 2637\"\n\t\t\t\t\taria-label=\"Scoseria 2637\"\n\t\t\t><\/iframe>\n\t\t<\/div>\n\t\t\t\t\t\t<\/div>\n\t\t\t\t<\/div>\n\t\t\t\t\t<\/div>\n\t\t<\/div>\n\t\t\t\t\t<\/div>\n\t\t<\/section>\n\t\t\t\t<section class=\"elementor-section elementor-top-section elementor-element elementor-element-561966d elementor-section-boxed elementor-section-height-default elementor-section-height-default\" data-id=\"561966d\" data-element_type=\"section\">\n\t\t\t\t\t\t<div class=\"elementor-container elementor-column-gap-default\">\n\t\t\t\t\t<div class=\"elementor-column elementor-col-100 elementor-top-column elementor-element elementor-element-ea61ade\" data-id=\"ea61ade\" data-element_type=\"column\">\n\t\t\t<div class=\"elementor-widget-wrap elementor-element-populated\">\n\t\t\t\t\t\t<div class=\"elementor-element elementor-element-7620d01 elementor-arrows-position-inside elementor-pagination-position-outside elementor-widget elementor-widget-image-carousel\" data-id=\"7620d01\" data-element_type=\"widget\" data-settings=\"{&quot;navigation&quot;:&quot;both&quot;,&quot;autoplay&quot;:&quot;yes&quot;,&quot;pause_on_hover&quot;:&quot;yes&quot;,&quot;pause_on_interaction&quot;:&quot;yes&quot;,&quot;autoplay_speed&quot;:5000,&quot;infinite&quot;:&quot;yes&quot;,&quot;speed&quot;:500}\" data-widget_type=\"image-carousel.default\">\n\t\t\t\t<div class=\"elementor-widget-container\">\n\t\t\t\t\t\t\t<div class=\"elementor-image-carousel-wrapper swiper\" role=\"region\" aria-roledescription=\"carousel\" aria-label=\"Carrusel de im\u00e1genes\" dir=\"ltr\">\n\t\t\t<div class=\"elementor-image-carousel swiper-wrapper\" aria-live=\"off\">\n\t\t\t\t\t\t\t\t<div class=\"swiper-slide\" role=\"group\" aria-roledescription=\"slide\" aria-label=\"1 de 5\"><figure class=\"swiper-slide-inner\"><img decoding=\"async\" class=\"swiper-slide-image\" src=\"https:\/\/i0.wp.com\/glutenouy.com\/g7o2\/wp-content\/uploads\/2025\/10\/20251028_140827_resized.jpg?resize=150%2C150&amp;ssl=1\" alt=\"20251028_140827_resized\" \/><\/figure><\/div><div class=\"swiper-slide\" role=\"group\" aria-roledescription=\"slide\" aria-label=\"2 de 5\"><figure class=\"swiper-slide-inner\"><img decoding=\"async\" class=\"swiper-slide-image\" src=\"https:\/\/i0.wp.com\/glutenouy.com\/g7o2\/wp-content\/uploads\/2025\/10\/20251028_140817_resized-1.jpg?resize=150%2C150&amp;ssl=1\" alt=\"20251028_140817_resized\" \/><\/figure><\/div><div class=\"swiper-slide\" role=\"group\" aria-roledescription=\"slide\" aria-label=\"3 de 5\"><figure class=\"swiper-slide-inner\"><img decoding=\"async\" class=\"swiper-slide-image\" src=\"https:\/\/i0.wp.com\/glutenouy.com\/g7o2\/wp-content\/uploads\/2025\/10\/20251028_140947_resized.jpg?resize=150%2C150&amp;ssl=1\" alt=\"20251028_140947_resized\" \/><\/figure><\/div><div class=\"swiper-slide\" role=\"group\" aria-roledescription=\"slide\" aria-label=\"4 de 5\"><figure class=\"swiper-slide-inner\"><img decoding=\"async\" class=\"swiper-slide-image\" src=\"https:\/\/i0.wp.com\/glutenouy.com\/g7o2\/wp-content\/uploads\/2025\/10\/20251028_140848_resized.jpg?resize=150%2C150&amp;ssl=1\" alt=\"20251028_140848_resized\" \/><\/figure><\/div><div class=\"swiper-slide\" role=\"group\" aria-roledescription=\"slide\" aria-label=\"5 de 5\"><figure class=\"swiper-slide-inner\"><img decoding=\"async\" class=\"swiper-slide-image\" src=\"https:\/\/i0.wp.com\/glutenouy.com\/g7o2\/wp-content\/uploads\/2025\/10\/20251028_141202_resized.jpg?resize=150%2C150&amp;ssl=1\" alt=\"20251028_141202_resized\" \/><\/figure><\/div>\t\t\t<\/div>\n\t\t\t\t\t\t\t\t\t\t\t\t<div class=\"elementor-swiper-button elementor-swiper-button-prev\" role=\"button\" tabindex=\"0\">\n\t\t\t\t\t\t<i aria-hidden=\"true\" class=\"eicon-chevron-left\"><\/i>\t\t\t\t\t<\/div>\n\t\t\t\t\t<div class=\"elementor-swiper-button elementor-swiper-button-next\" role=\"button\" tabindex=\"0\">\n\t\t\t\t\t\t<i aria-hidden=\"true\" class=\"eicon-chevron-right\"><\/i>\t\t\t\t\t<\/div>\n\t\t\t\t\n\t\t\t\t\t\t\t\t\t<div class=\"swiper-pagination\"><\/div>\n\t\t\t\t\t\t\t\t\t<\/div>\n\t\t\t\t\t\t<\/div>\n\t\t\t\t<\/div>\n\t\t\t\t\t<\/div>\n\t\t<\/div>\n\t\t\t\t\t<\/div>\n\t\t<\/section>\n\t\t\t\t<section class=\"elementor-section elementor-top-section elementor-element elementor-element-9ea08e9 elementor-section-boxed elementor-section-height-default elementor-section-height-default\" data-id=\"9ea08e9\" data-element_type=\"section\">\n\t\t\t\t\t\t<div class=\"elementor-container elementor-column-gap-default\">\n\t\t\t\t\t<div class=\"elementor-column elementor-col-50 elementor-top-column elementor-element elementor-element-55f817a\" data-id=\"55f817a\" data-element_type=\"column\">\n\t\t\t<div class=\"elementor-widget-wrap elementor-element-populated\">\n\t\t\t\t\t\t<div class=\"elementor-element elementor-element-89910f8 elementor-widget elementor-widget-image\" data-id=\"89910f8\" data-element_type=\"widget\" data-widget_type=\"image.default\">\n\t\t\t\t<div class=\"elementor-widget-container\">\n\t\t\t\t\t\t\t\t\t\t\t\t\t\t\t<img decoding=\"async\" width=\"730\" height=\"411\" src=\"https:\/\/i0.wp.com\/glutenouy.com\/g7o2\/wp-content\/uploads\/2026\/04\/Isologotipo-vertical_RGB_ID_Uruguay.jpg?fit=730%2C411&amp;ssl=1\" class=\"attachment-large size-large wp-image-4070\" alt=\"\" srcset=\"https:\/\/i0.wp.com\/glutenouy.com\/g7o2\/wp-content\/uploads\/2026\/04\/Isologotipo-vertical_RGB_ID_Uruguay.jpg?w=2560&amp;ssl=1 2560w, https:\/\/i0.wp.com\/glutenouy.com\/g7o2\/wp-content\/uploads\/2026\/04\/Isologotipo-vertical_RGB_ID_Uruguay.jpg?resize=300%2C169&amp;ssl=1 300w, https:\/\/i0.wp.com\/glutenouy.com\/g7o2\/wp-content\/uploads\/2026\/04\/Isologotipo-vertical_RGB_ID_Uruguay.jpg?resize=1024%2C576&amp;ssl=1 1024w, https:\/\/i0.wp.com\/glutenouy.com\/g7o2\/wp-content\/uploads\/2026\/04\/Isologotipo-vertical_RGB_ID_Uruguay.jpg?resize=768%2C432&amp;ssl=1 768w, https:\/\/i0.wp.com\/glutenouy.com\/g7o2\/wp-content\/uploads\/2026\/04\/Isologotipo-vertical_RGB_ID_Uruguay.jpg?resize=1536%2C864&amp;ssl=1 1536w, https:\/\/i0.wp.com\/glutenouy.com\/g7o2\/wp-content\/uploads\/2026\/04\/Isologotipo-vertical_RGB_ID_Uruguay.jpg?resize=2048%2C1152&amp;ssl=1 2048w, https:\/\/i0.wp.com\/glutenouy.com\/g7o2\/wp-content\/uploads\/2026\/04\/Isologotipo-vertical_RGB_ID_Uruguay.jpg?resize=600%2C338&amp;ssl=1 600w, https:\/\/i0.wp.com\/glutenouy.com\/g7o2\/wp-content\/uploads\/2026\/04\/Isologotipo-vertical_RGB_ID_Uruguay.jpg?resize=64%2C36&amp;ssl=1 64w, https:\/\/i0.wp.com\/glutenouy.com\/g7o2\/wp-content\/uploads\/2026\/04\/Isologotipo-vertical_RGB_ID_Uruguay.jpg?w=1460&amp;ssl=1 1460w, https:\/\/i0.wp.com\/glutenouy.com\/g7o2\/wp-content\/uploads\/2026\/04\/Isologotipo-vertical_RGB_ID_Uruguay.jpg?w=2190&amp;ssl=1 2190w\" sizes=\"(max-width: 730px) 100vw, 730px\" \/>\t\t\t\t\t\t\t\t\t\t\t\t\t\t\t<\/div>\n\t\t\t\t<\/div>\n\t\t\t\t\t<\/div>\n\t\t<\/div>\n\t\t\t\t<div class=\"elementor-column elementor-col-50 elementor-top-column elementor-element elementor-element-76f3a25\" data-id=\"76f3a25\" data-element_type=\"column\">\n\t\t\t<div class=\"elementor-widget-wrap elementor-element-populated\">\n\t\t\t\t\t\t<div class=\"elementor-element elementor-element-7e873a4 elementor-widget elementor-widget-heading\" data-id=\"7e873a4\" data-element_type=\"widget\" data-widget_type=\"heading.default\">\n\t\t\t\t<div class=\"elementor-widget-container\">\n\t\t\t\t\t<h2 class=\"elementor-heading-title elementor-size-default\">PedidosYa de Lunes a Viernes de 11:00 a 18:30 horas Sabados de 11 a 13:30<\/h2>\t\t\t\t<\/div>\n\t\t\t\t<\/div>\n\t\t\t\t\t<\/div>\n\t\t<\/div>\n\t\t\t\t\t<\/div>\n\t\t<\/section>\n\t\t\t\t<section class=\"elementor-section elementor-top-section elementor-element elementor-element-7d1e8fe elementor-section-boxed elementor-section-height-default elementor-section-height-default\" data-id=\"7d1e8fe\" data-element_type=\"section\">\n\t\t\t\t\t\t<div class=\"elementor-container elementor-column-gap-default\">\n\t\t\t\t\t<div class=\"elementor-column elementor-col-100 elementor-top-column elementor-element elementor-element-3e43b6f\" data-id=\"3e43b6f\" data-element_type=\"column\">\n\t\t\t<div class=\"elementor-widget-wrap elementor-element-populated\">\n\t\t\t\t\t\t<div class=\"elementor-element elementor-element-42fd40b elementor-widget elementor-widget-text-editor\" data-id=\"42fd40b\" data-element_type=\"widget\" data-widget_type=\"text-editor.default\">\n\t\t\t\t<div class=\"elementor-widget-container\">\n\t\t\t\t\t\t\t\t\t<h2><span style=\"color: #ffffff;\"><strong>&#8220;La verdadera delicia es la vida saludable&#8221;<\/strong><\/span><br \/><span style=\"color: #ffffff;\"><strong>Tal vez estamos aprendiendo definitivamente el sentido del buen comer. Desde remotas \u00e9pocas los banquetes fueron sin\u00f3nimo de una vida plena en placeres. M\u00e1s ac\u00e1 en el tiempo, la influencia de los inmigrantes nos culturiz\u00f3 acerca del valor de una alimentaci\u00f3n suculenta. Las guerras europeas hab\u00edan calado hondo en las necesidades humanas donde un plato de comida era todo.<\/strong><\/span><br \/><span style=\"color: #ffffff;\"><strong>La sociedad contemporanea protagoniza un tiempo de mayor reflexi\u00f3n sobre el rol de los alimenos. La ingesta cobra un mejor sentido en armon\u00eda con el organismo, con el cuerpo y los requerimientos cotidianos. El placer de los sabores mantiene absoluta vigencia pero la prioridad es sentirnos sanos y saludables.<\/strong><\/span><\/h2>\t\t\t\t\t\t\t\t<\/div>\n\t\t\t\t<\/div>\n\t\t\t\t\t<\/div>\n\t\t<\/div>\n\t\t\t\t\t<\/div>\n\t\t<\/section>\n\t\t\t\t<\/div>\n\t\t","protected":false},"excerpt":{"rendered":"<p>PRODUCTOS PUNTOS DE VENTA CONTACTANOS TIENDA BLOG DESCUENTOS DE 15% Y 25% CON TARJETAS SCOTIA 25% tarjetas de cr\u00e9dito Platinum, Infinite, Gold y D\u00e9bito Premium Estamos ubicados en Scoser\u00eda 2637 PedidosYa de Lunes a Viernes de 11:00 a 18:30 horas&#8230; <\/p>\n<div class=\"readmore-section\"><a class=\"readmore-btn\" href=\"https:\/\/glutenouy.com\/g7o2\/\">Seguir leyendo <i class=\"fa fa-arrow-right\"><\/i><\/a><\/div>\n","protected":false},"author":3,"featured_media":0,"parent":0,"menu_order":1,"comment_status":"open","ping_status":"closed","template":"elementor_header_footer","meta":{"footnotes":""},"class_list":["post-4063","page","type-page","status-publish","hentry"],"jetpack_sharing_enabled":true,"_links":{"self":[{"href":"https:\/\/glutenouy.com\/g7o2\/wp-json\/wp\/v2\/pages\/4063","targetHints":{"allow":["GET"]}}],"collection":[{"href":"https:\/\/glutenouy.com\/g7o2\/wp-json\/wp\/v2\/pages"}],"about":[{"href":"https:\/\/glutenouy.com\/g7o2\/wp-json\/wp\/v2\/types\/page"}],"author":[{"embeddable":true,"href":"https:\/\/glutenouy.com\/g7o2\/wp-json\/wp\/v2\/users\/3"}],"replies":[{"embeddable":true,"href":"https:\/\/glutenouy.com\/g7o2\/wp-json\/wp\/v2\/comments?post=4063"}],"version-history":[{"count":5,"href":"https:\/\/glutenouy.com\/g7o2\/wp-json\/wp\/v2\/pages\/4063\/revisions"}],"predecessor-version":[{"id":4094,"href":"https:\/\/glutenouy.com\/g7o2\/wp-json\/wp\/v2\/pages\/4063\/revisions\/4094"}],"wp:attachment":[{"href":"https:\/\/glutenouy.com\/g7o2\/wp-json\/wp\/v2\/media?parent=4063"}],"curies":[{"name":"wp","href":"https:\/\/api.w.org\/{rel}","templated":true}]}}