{"id":4120,"date":"2026-05-06T13:56:56","date_gmt":"2026-05-06T16:56:56","guid":{"rendered":"https:\/\/glutenouy.com\/g7o2\/?page_id=4120"},"modified":"2026-05-07T13:37:10","modified_gmt":"2026-05-07T16:37:10","slug":"inicio-nueva","status":"publish","type":"page","link":"https:\/\/glutenouy.com\/g7o2\/","title":{"rendered":"INICIO"},"content":{"rendered":"\t\t<div data-elementor-type=\"wp-page\" data-elementor-id=\"4120\" class=\"elementor elementor-4120\">\n\t\t\t\t\t\t<section class=\"elementor-section elementor-top-section elementor-element elementor-element-32d0c11 elementor-section-boxed elementor-section-height-default elementor-section-height-default\" data-id=\"32d0c11\" data-element_type=\"section\" data-e-type=\"section\">\n\t\t\t\t\t\t<div class=\"elementor-container elementor-column-gap-default\">\n\t\t\t\t\t<div class=\"elementor-column elementor-col-100 elementor-top-column elementor-element elementor-element-2fd64dd\" data-id=\"2fd64dd\" data-element_type=\"column\" data-e-type=\"column\">\n\t\t\t<div class=\"elementor-widget-wrap elementor-element-populated\">\n\t\t\t\t\t\t<div class=\"elementor-element elementor-element-263dea2 elementor-widget elementor-widget-heading\" data-id=\"263dea2\" data-element_type=\"widget\" data-e-type=\"widget\" data-widget_type=\"heading.default\">\n\t\t\t\t<div class=\"elementor-widget-container\">\n\t\t\t\t\t<h2 class=\"elementor-heading-title elementor-size-default\">Gluten<b>o.\n<br>Productos 100% libres de gluten<\/b><br><\/h2>\t\t\t\t<\/div>\n\t\t\t\t<\/div>\n\t\t\t\t\t<\/div>\n\t\t<\/div>\n\t\t\t\t\t<\/div>\n\t\t<\/section>\n\t\t\t\t<section class=\"elementor-section elementor-top-section elementor-element elementor-element-cdaa2ed elementor-section-boxed elementor-section-height-default elementor-section-height-default\" data-id=\"cdaa2ed\" data-element_type=\"section\" data-e-type=\"section\">\n\t\t\t\t\t\t<div class=\"elementor-container elementor-column-gap-default\">\n\t\t\t\t\t<div class=\"elementor-column elementor-col-100 elementor-top-column elementor-element elementor-element-ac5bfe2\" data-id=\"ac5bfe2\" data-element_type=\"column\" data-e-type=\"column\">\n\t\t\t<div class=\"elementor-widget-wrap\">\n\t\t\t\t\t\t\t<\/div>\n\t\t<\/div>\n\t\t\t\t\t<\/div>\n\t\t<\/section>\n\t\t\t\t<section class=\"elementor-section elementor-top-section elementor-element elementor-element-13dff01 elementor-section-boxed elementor-section-height-default elementor-section-height-default\" data-id=\"13dff01\" data-element_type=\"section\" data-e-type=\"section\">\n\t\t\t\t\t\t<div class=\"elementor-container elementor-column-gap-default\">\n\t\t\t\t\t<div class=\"elementor-column elementor-col-100 elementor-top-column elementor-element elementor-element-c190a15\" data-id=\"c190a15\" data-element_type=\"column\" data-e-type=\"column\">\n\t\t\t<div class=\"elementor-widget-wrap elementor-element-populated\">\n\t\t\t\t\t\t<div class=\"elementor-element elementor-element-622f48e elementor-widget elementor-widget-shortcode\" data-id=\"622f48e\" data-element_type=\"widget\" data-e-type=\"widget\" data-widget_type=\"shortcode.default\">\n\t\t\t\t<div class=\"elementor-widget-container\">\n\t\t\t\t\t\t\t<div class=\"elementor-shortcode\"><\/div>\n\t\t\t\t\t\t<\/div>\n\t\t\t\t<\/div>\n\t\t\t\t<div class=\"elementor-element elementor-element-0d099f1 elementor-widget elementor-widget-shortcode\" data-id=\"0d099f1\" data-element_type=\"widget\" data-e-type=\"widget\" data-widget_type=\"shortcode.default\">\n\t\t\t\t<div class=\"elementor-widget-container\">\n\t\t\t\t\t\t\t<div class=\"elementor-shortcode\">\n        <section class=\"gluteno-ultima-novedad\">\n            <h2>\u00daltima novedad<\/h2>\n\n            <article class=\"gluteno-novedad-card\">\n                <div class=\"gluteno-novedad-imagen\">\n                    <img decoding=\"async\" src=\"https:\/\/i0.wp.com\/glutenouy.com\/g7o2\/wp-content\/uploads\/2020\/12\/WhatsApp-Image-2022-02-14-at-09.46.39-2.jpeg?fit=730%2C548&#038;ssl=1\" alt=\"MENU DEL DIA $ 660\">\n                <\/div>\n\n                <div class=\"gluteno-novedad-contenido\">\n                    <h3>MENU DEL DIA $ 660<\/h3>\n                    <p>Solicita por WhatsApp\u00a0 094824285 cual es el men\u00fa del d\u00eda. Si no te divierte el men\u00fa, tienes diferentes platos a elecci\u00f3n: Milanesas...<\/p>\n                    <a href=\"https:\/\/glutenouy.com\/g7o2\/2024\/05\/14\/menu-diario\/\">Ver novedad<\/a>\n                <\/div>\n            <\/article>\n        <\/section>\n\n        <\/div>\n\t\t\t\t\t\t<\/div>\n\t\t\t\t<\/div>\n\t\t\t\t\t<\/div>\n\t\t<\/div>\n\t\t\t\t\t<\/div>\n\t\t<\/section>\n\t\t\t\t<section class=\"elementor-section elementor-top-section elementor-element elementor-element-c8f24dc elementor-section-boxed elementor-section-height-default elementor-section-height-default\" data-id=\"c8f24dc\" data-element_type=\"section\" data-e-type=\"section\">\n\t\t\t\t\t\t<div class=\"elementor-container elementor-column-gap-default\">\n\t\t\t\t\t<div class=\"elementor-column elementor-col-100 elementor-top-column elementor-element elementor-element-42d551c\" data-id=\"42d551c\" data-element_type=\"column\" data-e-type=\"column\">\n\t\t\t<div class=\"elementor-widget-wrap elementor-element-populated\">\n\t\t\t\t\t\t<div class=\"elementor-element elementor-element-d824bff elementor-widget elementor-widget-html\" data-id=\"d824bff\" data-element_type=\"widget\" data-e-type=\"widget\" data-widget_type=\"html.default\">\n\t\t\t\t<div class=\"elementor-widget-container\">\n\t\t\t\t\t<section class=\"gluteno-mapa\">\n  <h2>Encontranos<\/h2>\n  <p>Scoseria 2637, Montevideo<\/p>\n\n  <div class=\"gluteno-mapa-contenedor\">\n    <iframe\n      src=\"https:\/\/www.google.com\/maps?q=Scoseria%202637%2C%20Montevideo%2C%20Uruguay&output=embed\"\n      width=\"100%\"\n      height=\"420\"\n      style=\"border:0;\"\n      allowfullscreen=\"\"\n      loading=\"lazy\"\n      referrerpolicy=\"no-referrer-when-downgrade\">\n    <\/iframe>\n  <\/div>\n<\/section>\n<a class=\"gluteno-mapa-boton\" href=\"https:\/\/www.google.com\/maps\/search\/?api=1&query=Scoseria%202637%2C%20Montevideo%2C%20Uruguay\" target=\"_blank\" rel=\"noopener\">\n  C\u00f3mo llegar\n<\/a>\n\n<style>\n.gluteno-mapa {\n  max-width: 1100px;\n  margin: 45px auto;\n  padding: 0 18px;\n  text-align: center;\n  font-family: inherit;\n}\n\n.gluteno-mapa h2 {\n  font-size: 30px;\n  margin-bottom: 8px;\n  color: #222;\n  font-weight: 700;\n}\n\n.gluteno-mapa p {\n  font-size: 16px;\n  color: #555;\n  margin-bottom: 22px;\n}\n\n.gluteno-mapa-contenedor {\n  width: 100%;\n  overflow: hidden;\n  border-radius: 22px;\n  box-shadow: 0 8px 28px rgba(0,0,0,0.12);\n  border: 1px solid #eeeeee;\n}\n\n.gluteno-mapa-contenedor iframe {\n  display: block;\n  width: 100%;\n  height: 420px;\n}\n\n\/* Versi\u00f3n celular *\/\n@media (max-width: 768px) {\n  .gluteno-mapa {\n    margin: 30px auto;\n    padding: 0 14px;\n  }\n\n  .gluteno-mapa h2 {\n    font-size: 24px;\n  }\n\n  .gluteno-mapa p {\n    font-size: 15px;\n  }\n\n  .gluteno-mapa-contenedor {\n    border-radius: 18px;\n  }\n\n  .gluteno-mapa-contenedor iframe {\n    height: 320px;\n  }\n}\n<\/style>\t\t\t\t<\/div>\n\t\t\t\t<\/div>\n\t\t\t\t\t<\/div>\n\t\t<\/div>\n\t\t\t\t\t<\/div>\n\t\t<\/section>\n\t\t\t\t<section class=\"elementor-section elementor-top-section elementor-element elementor-element-5e3cbc5 elementor-section-boxed elementor-section-height-default elementor-section-height-default\" data-id=\"5e3cbc5\" data-element_type=\"section\" data-e-type=\"section\">\n\t\t\t\t\t\t<div class=\"elementor-container elementor-column-gap-default\">\n\t\t\t\t\t<div class=\"elementor-column elementor-col-100 elementor-top-column elementor-element elementor-element-d83001a\" data-id=\"d83001a\" data-element_type=\"column\" data-e-type=\"column\">\n\t\t\t<div class=\"elementor-widget-wrap elementor-element-populated\">\n\t\t\t\t\t\t<div class=\"elementor-element elementor-element-0b6e90c elementor-widget elementor-widget-button\" data-id=\"0b6e90c\" data-element_type=\"widget\" data-e-type=\"widget\" data-widget_type=\"button.default\">\n\t\t\t\t<div class=\"elementor-widget-container\">\n\t\t\t\t\t\t\t\t\t<div class=\"elementor-button-wrapper\">\n\t\t\t\t\t<a class=\"elementor-button elementor-button-link elementor-size-sm\" href=\"https:\/\/glutenouy.com\/g7o2\/novedades\/\">\n\t\t\t\t\t\t<span class=\"elementor-button-content-wrapper\">\n\t\t\t\t\t\t\t\t\t<span class=\"elementor-button-text\">Novedades<\/span>\n\t\t\t\t\t<\/span>\n\t\t\t\t\t<\/a>\n\t\t\t\t<\/div>\n\t\t\t\t\t\t\t\t<\/div>\n\t\t\t\t<\/div>\n\t\t\t\t<div class=\"elementor-element elementor-element-56a4beb elementor-widget elementor-widget-button\" data-id=\"56a4beb\" data-element_type=\"widget\" data-e-type=\"widget\" data-widget_type=\"button.default\">\n\t\t\t\t<div class=\"elementor-widget-container\">\n\t\t\t\t\t\t\t\t\t<div class=\"elementor-button-wrapper\">\n\t\t\t\t\t<a class=\"elementor-button elementor-button-link elementor-size-sm\" href=\"https:\/\/glutenouy.com\/g7o2\/categoria-producto\/productos\/\">\n\t\t\t\t\t\t<span class=\"elementor-button-content-wrapper\">\n\t\t\t\t\t\t\t\t\t<span class=\"elementor-button-text\">  Productos <\/span>\n\t\t\t\t\t<\/span>\n\t\t\t\t\t<\/a>\n\t\t\t\t<\/div>\n\t\t\t\t\t\t\t\t<\/div>\n\t\t\t\t<\/div>\n\t\t\t\t\t<\/div>\n\t\t<\/div>\n\t\t\t\t\t<\/div>\n\t\t<\/section>\n\t\t\t\t<section class=\"elementor-section elementor-top-section elementor-element elementor-element-ae83224 elementor-section-boxed elementor-section-height-default elementor-section-height-default\" data-id=\"ae83224\" data-element_type=\"section\" data-e-type=\"section\">\n\t\t\t\t\t\t<div class=\"elementor-container elementor-column-gap-default\">\n\t\t\t\t\t<div class=\"elementor-column elementor-col-100 elementor-top-column elementor-element elementor-element-11d9780\" data-id=\"11d9780\" data-element_type=\"column\" data-e-type=\"column\">\n\t\t\t<div class=\"elementor-widget-wrap elementor-element-populated\">\n\t\t\t\t\t\t<div class=\"elementor-element elementor-element-33052dc elementor-widget elementor-widget-button\" data-id=\"33052dc\" data-element_type=\"widget\" data-e-type=\"widget\" data-widget_type=\"button.default\">\n\t\t\t\t<div class=\"elementor-widget-container\">\n\t\t\t\t\t\t\t\t\t<div class=\"elementor-button-wrapper\">\n\t\t\t\t\t<a class=\"elementor-button elementor-button-link elementor-size-sm\" href=\"https:\/\/glutenouy.com\/g7o2\/locales-que-tienen-nuestros-productos\/\">\n\t\t\t\t\t\t<span class=\"elementor-button-content-wrapper\">\n\t\t\t\t\t\t\t\t\t<span class=\"elementor-button-text\">Puntos de venta<\/span>\n\t\t\t\t\t<\/span>\n\t\t\t\t\t<\/a>\n\t\t\t\t<\/div>\n\t\t\t\t\t\t\t\t<\/div>\n\t\t\t\t<\/div>\n\t\t\t\t\t<\/div>\n\t\t<\/div>\n\t\t\t\t\t<\/div>\n\t\t<\/section>\n\t\t\t\t<section class=\"elementor-section elementor-top-section elementor-element elementor-element-a176f15 elementor-section-boxed elementor-section-height-default elementor-section-height-default\" data-id=\"a176f15\" data-element_type=\"section\" data-e-type=\"section\">\n\t\t\t\t\t\t<div class=\"elementor-container elementor-column-gap-default\">\n\t\t\t\t\t<div class=\"elementor-column elementor-col-100 elementor-top-column elementor-element elementor-element-83f1377\" data-id=\"83f1377\" data-element_type=\"column\" data-e-type=\"column\">\n\t\t\t<div class=\"elementor-widget-wrap elementor-element-populated\">\n\t\t\t\t\t\t<div class=\"elementor-element elementor-element-cec3f5a elementor-widget elementor-widget-button\" data-id=\"cec3f5a\" data-element_type=\"widget\" data-e-type=\"widget\" data-widget_type=\"button.default\">\n\t\t\t\t<div class=\"elementor-widget-container\">\n\t\t\t\t\t\t\t\t\t<div class=\"elementor-button-wrapper\">\n\t\t\t\t\t<a class=\"elementor-button elementor-button-link elementor-size-sm\" href=\"https:\/\/glutenouy.com\/g7o2\/contacto\/\">\n\t\t\t\t\t\t<span class=\"elementor-button-content-wrapper\">\n\t\t\t\t\t\t\t\t\t<span class=\"elementor-button-text\">Contactanos<\/span>\n\t\t\t\t\t<\/span>\n\t\t\t\t\t<\/a>\n\t\t\t\t<\/div>\n\t\t\t\t\t\t\t\t<\/div>\n\t\t\t\t<\/div>\n\t\t\t\t\t<\/div>\n\t\t<\/div>\n\t\t\t\t\t<\/div>\n\t\t<\/section>\n\t\t\t\t<section class=\"elementor-section elementor-top-section elementor-element elementor-element-b04b163 elementor-section-boxed elementor-section-height-default elementor-section-height-default\" data-id=\"b04b163\" data-element_type=\"section\" data-e-type=\"section\">\n\t\t\t\t\t\t<div class=\"elementor-container elementor-column-gap-default\">\n\t\t\t\t\t<div class=\"elementor-column elementor-col-100 elementor-top-column elementor-element elementor-element-8cb578d\" data-id=\"8cb578d\" data-element_type=\"column\" data-e-type=\"column\">\n\t\t\t<div class=\"elementor-widget-wrap elementor-element-populated\">\n\t\t\t\t\t\t<div class=\"elementor-element elementor-element-816751e elementor-widget elementor-widget-image\" data-id=\"816751e\" data-element_type=\"widget\" data-e-type=\"widget\" data-widget_type=\"image.default\">\n\t\t\t\t<div class=\"elementor-widget-container\">\n\t\t\t\t\t\t\t\t\t\t\t\t\t\t\t<img fetchpriority=\"high\" decoding=\"async\" width=\"576\" height=\"1024\" src=\"https:\/\/i0.wp.com\/glutenouy.com\/g7o2\/wp-content\/uploads\/2026\/05\/ChatGPT-Image-6-may-2026-01_31_21-p.m.png?fit=576%2C1024&amp;ssl=1\" class=\"attachment-large size-large wp-image-4144\" alt=\"\" srcset=\"https:\/\/i0.wp.com\/glutenouy.com\/g7o2\/wp-content\/uploads\/2026\/05\/ChatGPT-Image-6-may-2026-01_31_21-p.m.png?w=941&amp;ssl=1 941w, https:\/\/i0.wp.com\/glutenouy.com\/g7o2\/wp-content\/uploads\/2026\/05\/ChatGPT-Image-6-may-2026-01_31_21-p.m.png?resize=169%2C300&amp;ssl=1 169w, https:\/\/i0.wp.com\/glutenouy.com\/g7o2\/wp-content\/uploads\/2026\/05\/ChatGPT-Image-6-may-2026-01_31_21-p.m.png?resize=576%2C1024&amp;ssl=1 576w, https:\/\/i0.wp.com\/glutenouy.com\/g7o2\/wp-content\/uploads\/2026\/05\/ChatGPT-Image-6-may-2026-01_31_21-p.m.png?resize=768%2C1365&amp;ssl=1 768w, https:\/\/i0.wp.com\/glutenouy.com\/g7o2\/wp-content\/uploads\/2026\/05\/ChatGPT-Image-6-may-2026-01_31_21-p.m.png?resize=864%2C1536&amp;ssl=1 864w, https:\/\/i0.wp.com\/glutenouy.com\/g7o2\/wp-content\/uploads\/2026\/05\/ChatGPT-Image-6-may-2026-01_31_21-p.m.png?resize=600%2C1066&amp;ssl=1 600w, https:\/\/i0.wp.com\/glutenouy.com\/g7o2\/wp-content\/uploads\/2026\/05\/ChatGPT-Image-6-may-2026-01_31_21-p.m.png?resize=64%2C114&amp;ssl=1 64w\" sizes=\"(max-width: 576px) 100vw, 576px\" \/>\t\t\t\t\t\t\t\t\t\t\t\t\t\t\t<\/div>\n\t\t\t\t<\/div>\n\t\t\t\t\t<\/div>\n\t\t<\/div>\n\t\t\t\t\t<\/div>\n\t\t<\/section>\n\t\t\t\t<section class=\"elementor-section elementor-top-section elementor-element elementor-element-e5baa40 elementor-section-boxed elementor-section-height-default elementor-section-height-default\" data-id=\"e5baa40\" data-element_type=\"section\" data-e-type=\"section\">\n\t\t\t\t\t\t<div class=\"elementor-container elementor-column-gap-default\">\n\t\t\t\t\t<div class=\"elementor-column elementor-col-100 elementor-top-column elementor-element elementor-element-1a54cb4\" data-id=\"1a54cb4\" data-element_type=\"column\" data-e-type=\"column\">\n\t\t\t<div class=\"elementor-widget-wrap\">\n\t\t\t\t\t\t\t<\/div>\n\t\t<\/div>\n\t\t\t\t\t<\/div>\n\t\t<\/section>\n\t\t\t\t<\/div>\n\t\t","protected":false},"excerpt":{"rendered":"<p>Gluteno. Productos 100% libres de gluten Encontranos Scoseria 2637, Montevideo C\u00f3mo llegar Novedades Productos Puntos de venta Contactanos<\/p>\n","protected":false},"author":3,"featured_media":0,"parent":0,"menu_order":1,"comment_status":"open","ping_status":"closed","template":"elementor_header_footer","meta":{"footnotes":""},"class_list":["post-4120","page","type-page","status-publish","hentry"],"jetpack_sharing_enabled":true,"_links":{"self":[{"href":"https:\/\/glutenouy.com\/g7o2\/wp-json\/wp\/v2\/pages\/4120","targetHints":{"allow":["GET"]}}],"collection":[{"href":"https:\/\/glutenouy.com\/g7o2\/wp-json\/wp\/v2\/pages"}],"about":[{"href":"https:\/\/glutenouy.com\/g7o2\/wp-json\/wp\/v2\/types\/page"}],"author":[{"embeddable":true,"href":"https:\/\/glutenouy.com\/g7o2\/wp-json\/wp\/v2\/users\/3"}],"replies":[{"embeddable":true,"href":"https:\/\/glutenouy.com\/g7o2\/wp-json\/wp\/v2\/comments?post=4120"}],"version-history":[{"count":5,"href":"https:\/\/glutenouy.com\/g7o2\/wp-json\/wp\/v2\/pages\/4120\/revisions"}],"predecessor-version":[{"id":4168,"href":"https:\/\/glutenouy.com\/g7o2\/wp-json\/wp\/v2\/pages\/4120\/revisions\/4168"}],"wp:attachment":[{"href":"https:\/\/glutenouy.com\/g7o2\/wp-json\/wp\/v2\/media?parent=4120"}],"curies":[{"name":"wp","href":"https:\/\/api.w.org\/{rel}","templated":true}]}}