{"id":638,"date":"2020-12-01T14:19:09","date_gmt":"2020-12-01T14:19:09","guid":{"rendered":"https:\/\/glutenouy.com\/g7o2\/?page_id=638"},"modified":"2025-10-30T14:47:09","modified_gmt":"2025-10-30T17:47:09","slug":"gluteno","status":"publish","type":"page","link":"https:\/\/glutenouy.com\/g7o2\/gluteno\/","title":{"rendered":"Gluteno"},"content":{"rendered":"<p><strong>Gluteno<\/strong> es una casa de comidas <strong>saludables,<\/strong> que existe hace 15 a\u00f1os en Montevideo-Uruguay, en el barrio <strong>Punta Carretas.<\/strong><\/p>\n<p>En su local, se elaboran alimentos <strong>gluten free<\/strong> (no trigo, avena, cebada ni centeno), aptos para celiacos (Habilitados por el MSP reg. 2045) y para todas aquellas personas que tengan intolerancia al trigo.<\/p>\n<p><strong>Gluteno<\/strong> es ideal para personas que quieran <strong>cuidar su salud.<\/strong><br \/>\nNuestros productos son saludables ya que para su elaboraci\u00f3n se utilizan materias primas sin conservantes ni aditivos, bajos en contenido graso sin grasas trans y con bajo contenido en sal. No se realizan frituras. Las preparaciones se cocinan al horno, al wok y a la plancha con aceite vegetal alto oleico. Toda la materia prima es magra y descremada. Los vegetales y frutas son de primera calidad.<br \/>\nEn sustituci\u00f3n del trigo se utilizan otras harinas y almidones tales como:<br \/>\nharinas de arroz, de soja, de mandioca; f\u00e9culas y almidones de ma\u00edz, de mandioca, de papa y tambi\u00e9n qu\u00ednoa. Toda la materia prima cuenta con certificaci\u00f3n libre de gluten.<\/p>\n<p>Entre nuestros productos se destacan los panes (de queso, de s\u00e1ndwich, lactal, lactal con semillas, pitas, tortugas, de panchos, scons, de brioche), las pizzas, tartas, empanadas y variedad de platos salados; alfajores, budines, postres y galletitas con y sin az\u00facar.<\/p>\n<p>Se puede comer en el local o se env\u00eda sin costo a su domicilio particular o de trabajo de lunes a viernes en la zona de pocitos y aleda\u00f1os(de 10 a 16 hs) y en el centro y barrios pr\u00f3ximos de lunes a viernes al medio d\u00eda.<br \/>\nLos env\u00edos fuera de zona tienen costo.<\/p>\n<p style=\"text-align: center;\">\n\n\t\t<style type=\"text\/css\">\n\t\t\t#gallery-1 {\n\t\t\t\tmargin: auto;\n\t\t\t}\n\t\t\t#gallery-1 .gallery-item {\n\t\t\t\tfloat: left;\n\t\t\t\tmargin-top: 10px;\n\t\t\t\ttext-align: center;\n\t\t\t\twidth: 33%;\n\t\t\t}\n\t\t\t#gallery-1 img {\n\t\t\t\tborder: 2px solid #cfcfcf;\n\t\t\t}\n\t\t\t#gallery-1 .gallery-caption {\n\t\t\t\tmargin-left: 0;\n\t\t\t}\n\t\t\t\/* see gallery_shortcode() in wp-includes\/media.php *\/\n\t\t<\/style>\n\t\t<div id='gallery-1' class='gallery galleryid-638 gallery-columns-3 gallery-size-thumbnail'><dl class='gallery-item'>\n\t\t\t<dt class='gallery-icon portrait'>\n\t\t\t\t<a href='https:\/\/glutenouy.com\/g7o2\/gluteno\/20251028_141202_resized\/'><img decoding=\"async\" width=\"150\" height=\"150\" src=\"https:\/\/i0.wp.com\/glutenouy.com\/g7o2\/wp-content\/uploads\/2025\/10\/20251028_141202_resized.jpg?resize=150%2C150&amp;ssl=1\" class=\"attachment-thumbnail size-thumbnail\" alt=\"\" srcset=\"https:\/\/i0.wp.com\/glutenouy.com\/g7o2\/wp-content\/uploads\/2025\/10\/20251028_141202_resized.jpg?resize=150%2C150&amp;ssl=1 150w, https:\/\/i0.wp.com\/glutenouy.com\/g7o2\/wp-content\/uploads\/2025\/10\/20251028_141202_resized.jpg?resize=300%2C300&amp;ssl=1 300w, https:\/\/i0.wp.com\/glutenouy.com\/g7o2\/wp-content\/uploads\/2025\/10\/20251028_141202_resized.jpg?resize=100%2C100&amp;ssl=1 100w, https:\/\/i0.wp.com\/glutenouy.com\/g7o2\/wp-content\/uploads\/2025\/10\/20251028_141202_resized.jpg?zoom=3&amp;resize=150%2C150&amp;ssl=1 450w\" sizes=\"(max-width: 150px) 100vw, 150px\" \/><\/a>\n\t\t\t<\/dt><\/dl><dl class='gallery-item'>\n\t\t\t<dt class='gallery-icon portrait'>\n\t\t\t\t<a href='https:\/\/glutenouy.com\/g7o2\/20251028_140817_resized-3\/'><img decoding=\"async\" width=\"150\" height=\"150\" src=\"https:\/\/i0.wp.com\/glutenouy.com\/g7o2\/wp-content\/uploads\/2025\/10\/20251028_140817_resized-2.jpg?resize=150%2C150&amp;ssl=1\" class=\"attachment-thumbnail size-thumbnail\" alt=\"\" srcset=\"https:\/\/i0.wp.com\/glutenouy.com\/g7o2\/wp-content\/uploads\/2025\/10\/20251028_140817_resized-2.jpg?resize=150%2C150&amp;ssl=1 150w, https:\/\/i0.wp.com\/glutenouy.com\/g7o2\/wp-content\/uploads\/2025\/10\/20251028_140817_resized-2.jpg?resize=300%2C300&amp;ssl=1 300w, https:\/\/i0.wp.com\/glutenouy.com\/g7o2\/wp-content\/uploads\/2025\/10\/20251028_140817_resized-2.jpg?resize=100%2C100&amp;ssl=1 100w, https:\/\/i0.wp.com\/glutenouy.com\/g7o2\/wp-content\/uploads\/2025\/10\/20251028_140817_resized-2.jpg?zoom=3&amp;resize=150%2C150&amp;ssl=1 450w\" sizes=\"(max-width: 150px) 100vw, 150px\" \/><\/a>\n\t\t\t<\/dt><\/dl><dl class='gallery-item'>\n\t\t\t<dt class='gallery-icon portrait'>\n\t\t\t\t<a href='https:\/\/glutenouy.com\/g7o2\/20251028_140947_resized\/'><img decoding=\"async\" width=\"150\" height=\"150\" src=\"https:\/\/i0.wp.com\/glutenouy.com\/g7o2\/wp-content\/uploads\/2025\/10\/20251028_140947_resized.jpg?resize=150%2C150&amp;ssl=1\" class=\"attachment-thumbnail size-thumbnail\" alt=\"\" srcset=\"https:\/\/i0.wp.com\/glutenouy.com\/g7o2\/wp-content\/uploads\/2025\/10\/20251028_140947_resized.jpg?resize=150%2C150&amp;ssl=1 150w, https:\/\/i0.wp.com\/glutenouy.com\/g7o2\/wp-content\/uploads\/2025\/10\/20251028_140947_resized.jpg?resize=300%2C300&amp;ssl=1 300w, https:\/\/i0.wp.com\/glutenouy.com\/g7o2\/wp-content\/uploads\/2025\/10\/20251028_140947_resized.jpg?resize=100%2C100&amp;ssl=1 100w, https:\/\/i0.wp.com\/glutenouy.com\/g7o2\/wp-content\/uploads\/2025\/10\/20251028_140947_resized.jpg?zoom=3&amp;resize=150%2C150&amp;ssl=1 450w\" sizes=\"(max-width: 150px) 100vw, 150px\" \/><\/a>\n\t\t\t<\/dt><\/dl><br style=\"clear: both\" \/><dl class='gallery-item'>\n\t\t\t<dt class='gallery-icon portrait'>\n\t\t\t\t<a href='https:\/\/glutenouy.com\/g7o2\/20251028_140848_resized\/'><img loading=\"lazy\" decoding=\"async\" width=\"150\" height=\"150\" src=\"https:\/\/i0.wp.com\/glutenouy.com\/g7o2\/wp-content\/uploads\/2025\/10\/20251028_140848_resized.jpg?resize=150%2C150&amp;ssl=1\" class=\"attachment-thumbnail size-thumbnail\" alt=\"\" srcset=\"https:\/\/i0.wp.com\/glutenouy.com\/g7o2\/wp-content\/uploads\/2025\/10\/20251028_140848_resized.jpg?resize=150%2C150&amp;ssl=1 150w, https:\/\/i0.wp.com\/glutenouy.com\/g7o2\/wp-content\/uploads\/2025\/10\/20251028_140848_resized.jpg?resize=300%2C300&amp;ssl=1 300w, https:\/\/i0.wp.com\/glutenouy.com\/g7o2\/wp-content\/uploads\/2025\/10\/20251028_140848_resized.jpg?resize=100%2C100&amp;ssl=1 100w, https:\/\/i0.wp.com\/glutenouy.com\/g7o2\/wp-content\/uploads\/2025\/10\/20251028_140848_resized.jpg?zoom=3&amp;resize=150%2C150&amp;ssl=1 450w\" sizes=\"(max-width: 150px) 100vw, 150px\" \/><\/a>\n\t\t\t<\/dt><\/dl><dl class='gallery-item'>\n\t\t\t<dt class='gallery-icon portrait'>\n\t\t\t\t<a href='https:\/\/glutenouy.com\/g7o2\/20251028_140827_resized\/'><img loading=\"lazy\" decoding=\"async\" width=\"150\" height=\"150\" src=\"https:\/\/i0.wp.com\/glutenouy.com\/g7o2\/wp-content\/uploads\/2025\/10\/20251028_140827_resized.jpg?resize=150%2C150&amp;ssl=1\" class=\"attachment-thumbnail size-thumbnail\" alt=\"\" srcset=\"https:\/\/i0.wp.com\/glutenouy.com\/g7o2\/wp-content\/uploads\/2025\/10\/20251028_140827_resized.jpg?resize=150%2C150&amp;ssl=1 150w, https:\/\/i0.wp.com\/glutenouy.com\/g7o2\/wp-content\/uploads\/2025\/10\/20251028_140827_resized.jpg?resize=300%2C300&amp;ssl=1 300w, https:\/\/i0.wp.com\/glutenouy.com\/g7o2\/wp-content\/uploads\/2025\/10\/20251028_140827_resized.jpg?resize=100%2C100&amp;ssl=1 100w, https:\/\/i0.wp.com\/glutenouy.com\/g7o2\/wp-content\/uploads\/2025\/10\/20251028_140827_resized.jpg?zoom=3&amp;resize=150%2C150&amp;ssl=1 450w\" sizes=\"(max-width: 150px) 100vw, 150px\" \/><\/a>\n\t\t\t<\/dt><\/dl><dl class='gallery-item'>\n\t\t\t<dt class='gallery-icon portrait'>\n\t\t\t\t<a href='https:\/\/glutenouy.com\/g7o2\/20251028_140817_resized-2\/'><img loading=\"lazy\" decoding=\"async\" width=\"150\" height=\"150\" src=\"https:\/\/i0.wp.com\/glutenouy.com\/g7o2\/wp-content\/uploads\/2025\/10\/20251028_140817_resized-1.jpg?resize=150%2C150&amp;ssl=1\" class=\"attachment-thumbnail size-thumbnail\" alt=\"\" srcset=\"https:\/\/i0.wp.com\/glutenouy.com\/g7o2\/wp-content\/uploads\/2025\/10\/20251028_140817_resized-1.jpg?resize=150%2C150&amp;ssl=1 150w, https:\/\/i0.wp.com\/glutenouy.com\/g7o2\/wp-content\/uploads\/2025\/10\/20251028_140817_resized-1.jpg?resize=300%2C300&amp;ssl=1 300w, https:\/\/i0.wp.com\/glutenouy.com\/g7o2\/wp-content\/uploads\/2025\/10\/20251028_140817_resized-1.jpg?resize=100%2C100&amp;ssl=1 100w, https:\/\/i0.wp.com\/glutenouy.com\/g7o2\/wp-content\/uploads\/2025\/10\/20251028_140817_resized-1.jpg?zoom=3&amp;resize=150%2C150&amp;ssl=1 450w\" sizes=\"(max-width: 150px) 100vw, 150px\" \/><\/a>\n\t\t\t<\/dt><\/dl><br style=\"clear: both\" \/>\n\t\t<\/div>\n\n<p style=\"text-align: center;\">&#8220;]<\/p>\n<hr \/>\n<p style=\"text-align: center;\">HORARIOS<\/p>\n<p>&nbsp;<\/p>\n<ul>\n<li>LUNES A VIERNES DE 11 A 19 HS- SABADO 10:30 a 14 hs.<\/li>\n<li>DELIVERY DE LUNES A VIERNES DE 10 A 16 HS<\/li>\n<li>PEDIDOSYA DE 11 A 18.30 hs de lunes a vierenes, sabado de 10:30 a 13:30 hs<\/li>\n<li><span style=\"color: #800000;\">ENV\u00cdOS: VALOR M\u00cdNIMO $500<\/span><\/li>\n<li>LOS PEDIDOS DE LA WEB REQUIEREN COORDINACION<\/li>\n<li>LOS PEDIDOS FUERA DE LA ZONA DE ENVIO TIENEN COSTO<\/li>\n<\/ul>\n<p><img data-recalc-dims=\"1\" loading=\"lazy\" decoding=\"async\" class=\"size-full wp-image-20 aligncenter\" src=\"https:\/\/i0.wp.com\/glutenouy.com\/g7o2\/wp-content\/uploads\/2020\/10\/head-logo.png?resize=220%2C60&#038;ssl=1\" alt=\"Gluteno sana ingesta\" width=\"220\" height=\"60\" \/><\/p>\n","protected":false},"excerpt":{"rendered":"<p>Gluteno es una casa de comidas saludables, que existe hace 15 a\u00f1os en Montevideo-Uruguay, en el barrio Punta Carretas. En su local, se elaboran alimentos gluten free (no trigo, avena, cebada ni centeno), aptos para celiacos (Habilitados por el MSP&#8230; <\/p>\n<div class=\"readmore-section\"><a class=\"readmore-btn\" href=\"https:\/\/glutenouy.com\/g7o2\/gluteno\/\">Seguir leyendo <i class=\"fa fa-arrow-right\"><\/i><\/a><\/div>\n","protected":false},"author":1,"featured_media":3932,"parent":0,"menu_order":6,"comment_status":"closed","ping_status":"closed","template":"","meta":{"footnotes":""},"class_list":["post-638","page","type-page","status-publish","has-post-thumbnail","hentry"],"jetpack_sharing_enabled":true,"_links":{"self":[{"href":"https:\/\/glutenouy.com\/g7o2\/wp-json\/wp\/v2\/pages\/638","targetHints":{"allow":["GET"]}}],"collection":[{"href":"https:\/\/glutenouy.com\/g7o2\/wp-json\/wp\/v2\/pages"}],"about":[{"href":"https:\/\/glutenouy.com\/g7o2\/wp-json\/wp\/v2\/types\/page"}],"author":[{"embeddable":true,"href":"https:\/\/glutenouy.com\/g7o2\/wp-json\/wp\/v2\/users\/1"}],"replies":[{"embeddable":true,"href":"https:\/\/glutenouy.com\/g7o2\/wp-json\/wp\/v2\/comments?post=638"}],"version-history":[{"count":7,"href":"https:\/\/glutenouy.com\/g7o2\/wp-json\/wp\/v2\/pages\/638\/revisions"}],"predecessor-version":[{"id":3938,"href":"https:\/\/glutenouy.com\/g7o2\/wp-json\/wp\/v2\/pages\/638\/revisions\/3938"}],"wp:featuredmedia":[{"embeddable":true,"href":"https:\/\/glutenouy.com\/g7o2\/wp-json\/wp\/v2\/media\/3932"}],"wp:attachment":[{"href":"https:\/\/glutenouy.com\/g7o2\/wp-json\/wp\/v2\/media?parent=638"}],"curies":[{"name":"wp","href":"https:\/\/api.w.org\/{rel}","templated":true}]}}