{"id":1087,"date":"2021-02-12T10:31:32","date_gmt":"2021-02-12T13:31:32","guid":{"rendered":"https:\/\/glutenouy.com\/g7o2\/?post_type=product&#038;p=1087"},"modified":"2026-02-03T11:16:33","modified_gmt":"2026-02-03T14:16:33","slug":"empanada-capresse","status":"publish","type":"product","link":"https:\/\/glutenouy.com\/g7o2\/producto\/empanada-capresse\/","title":{"rendered":"Empanada Capresse"},"content":{"rendered":"<p>Ingredientes:<\/p>\n<p>Masa: Harina de arroz, harina de mandioca, almid\u00f3n de ma\u00edz, huevos, aceite alto oleico, polvo de hornear, sal.<\/p>\n<p>Relleno: Tomate, muzzarella, dambo, albahaca, almid\u00f3n de ma\u00edz.<\/p>\n<p>COMPOSICI\u00d3N NUTRICIONAL:<\/p>\n<table style=\"height: 76px;\" width=\"5\">\n<tbody>\n<tr>\n<td width=\"122\"><\/td>\n<td width=\"113\">Calor\u00edas &#8211; 309<\/td>\n<td width=\"173\">H. de Carbono &#8211; 25<\/td>\n<td width=\"97\">Prote\u00ednas &#8211; 14<\/td>\n<td width=\"137\">Grasas &#8211; 17<\/td>\n<\/tr>\n<tr>\n<td width=\"122\"><\/td>\n<td width=\"113\">Na\u00a0 &#8211; 320<\/td>\n<td width=\"173\">Gr. Saturadas &#8211; 8<\/td>\n<td width=\"97\">Fibra &#8211; 0.9<\/td>\n<td width=\"137\">Grasas trans &#8211; 0<\/td>\n<\/tr>\n<\/tbody>\n<\/table>\n","protected":false},"excerpt":{"rendered":"<p>Ingredientes: Masa: Harina de arroz, harina de mandioca, almid\u00f3n de ma\u00edz, huevos, aceite alto oleico, polvo de hornear, sal. Relleno: Tomate, muzzarella, dambo, albahaca, almid\u00f3n de ma\u00edz. COMPOSICI\u00d3N NUTRICIONAL: Calor\u00edas &#8211; 309 H. de Carbono &#8211; 25 Prote\u00ednas &#8211; 14&#8230; <\/p>\n<div class=\"readmore-section\"><a class=\"readmore-btn\" href=\"https:\/\/glutenouy.com\/g7o2\/producto\/empanada-capresse\/\">Seguir leyendo <i class=\"fa fa-arrow-right\"><\/i><\/a><\/div>\n","protected":false},"featured_media":2500,"comment_status":"closed","ping_status":"closed","template":"","meta":[],"product_brand":[],"product_cat":[24],"product_tag":[],"class_list":{"0":"post-1087","1":"product","2":"type-product","3":"status-publish","4":"has-post-thumbnail","6":"product_cat-empanadas","8":"first","9":"instock","10":"taxable","11":"shipping-taxable","12":"purchasable","13":"product-type-simple"},"jetpack_sharing_enabled":true,"_links":{"self":[{"href":"https:\/\/glutenouy.com\/g7o2\/wp-json\/wp\/v2\/product\/1087","targetHints":{"allow":["GET"]}}],"collection":[{"href":"https:\/\/glutenouy.com\/g7o2\/wp-json\/wp\/v2\/product"}],"about":[{"href":"https:\/\/glutenouy.com\/g7o2\/wp-json\/wp\/v2\/types\/product"}],"replies":[{"embeddable":true,"href":"https:\/\/glutenouy.com\/g7o2\/wp-json\/wp\/v2\/comments?post=1087"}],"version-history":[{"count":4,"href":"https:\/\/glutenouy.com\/g7o2\/wp-json\/wp\/v2\/product\/1087\/revisions"}],"predecessor-version":[{"id":1759,"href":"https:\/\/glutenouy.com\/g7o2\/wp-json\/wp\/v2\/product\/1087\/revisions\/1759"}],"wp:featuredmedia":[{"embeddable":true,"href":"https:\/\/glutenouy.com\/g7o2\/wp-json\/wp\/v2\/media\/2500"}],"wp:attachment":[{"href":"https:\/\/glutenouy.com\/g7o2\/wp-json\/wp\/v2\/media?parent=1087"}],"wp:term":[{"taxonomy":"product_brand","embeddable":true,"href":"https:\/\/glutenouy.com\/g7o2\/wp-json\/wp\/v2\/product_brand?post=1087"},{"taxonomy":"product_cat","embeddable":true,"href":"https:\/\/glutenouy.com\/g7o2\/wp-json\/wp\/v2\/product_cat?post=1087"},{"taxonomy":"product_tag","embeddable":true,"href":"https:\/\/glutenouy.com\/g7o2\/wp-json\/wp\/v2\/product_tag?post=1087"}],"curies":[{"name":"wp","href":"https:\/\/api.w.org\/{rel}","templated":true}]}}