{"id":112,"date":"2020-11-06T14:38:56","date_gmt":"2020-11-06T17:38:56","guid":{"rendered":"https:\/\/glutenouy.com\/g7o2\/?post_type=product&#038;p=112"},"modified":"2025-02-03T12:17:08","modified_gmt":"2025-02-03T15:17:08","slug":"palitos-banados-x-50-g-sin-azucar","status":"publish","type":"product","link":"https:\/\/glutenouy.com\/g7o2\/producto\/palitos-banados-x-50-g-sin-azucar\/","title":{"rendered":"Palitos ba\u00f1ados x 50 g sin az\u00facar"},"content":{"rendered":"<p>Ingredientes:<\/p>\n<p>Almid\u00f3n de ma\u00edz, harina de arroz, leche en polvo descremada, polvo de hornear, sucralosa, vainilla, margarina Qually Light, huevos, cobertura amarga.<\/p>\n<p>COMPOSICI\u00d3N NUTRICIONAL por porci\u00f3n 50g:<\/p>\n<table style=\"height: 72px;\" width=\"20\">\n<tbody>\n<tr>\n<td width=\"122\"><\/td>\n<td width=\"113\">Calor\u00edas &#8211; 223<\/td>\n<td width=\"173\">H. de Carbono &#8211; 26<\/td>\n<td width=\"97\">Prote\u00ednas &#8211; 3.7<\/td>\n<td width=\"137\">Grasas &#8211; 11<\/td>\n<\/tr>\n<tr>\n<td width=\"122\"><\/td>\n<td>Na &#8211; 69<\/td>\n<td width=\"173\">Fibra &#8211; 1.5<\/td>\n<td>Fibra &#8211; 3<\/td>\n<td width=\"137\">Grasas saturadas &#8211; 0<\/td>\n<\/tr>\n<\/tbody>\n<\/table>\n","protected":false},"excerpt":{"rendered":"<p>Ingredientes: Almid\u00f3n de ma\u00edz, harina de arroz, leche en polvo descremada, polvo de hornear, sucralosa, vainilla, margarina Qually Light, huevos, cobertura amarga. COMPOSICI\u00d3N NUTRICIONAL por porci\u00f3n 50g: Calor\u00edas &#8211; 223 H. de Carbono &#8211; 26 Prote\u00ednas &#8211; 3.7 Grasas &#8211;&#8230; <\/p>\n<div class=\"readmore-section\"><a class=\"readmore-btn\" href=\"https:\/\/glutenouy.com\/g7o2\/producto\/palitos-banados-x-50-g-sin-azucar\/\">Seguir leyendo <i class=\"fa fa-arrow-right\"><\/i><\/a><\/div>\n","protected":false},"featured_media":556,"comment_status":"open","ping_status":"closed","template":"","meta":[],"product_brand":[],"product_cat":[38],"product_tag":[],"class_list":{"0":"post-112","1":"product","2":"type-product","3":"status-publish","4":"has-post-thumbnail","6":"product_cat-para-el-te-sin-azucar","8":"first","9":"instock","10":"taxable","11":"shipping-taxable","12":"purchasable","13":"product-type-simple"},"jetpack_sharing_enabled":true,"_links":{"self":[{"href":"https:\/\/glutenouy.com\/g7o2\/wp-json\/wp\/v2\/product\/112","targetHints":{"allow":["GET"]}}],"collection":[{"href":"https:\/\/glutenouy.com\/g7o2\/wp-json\/wp\/v2\/product"}],"about":[{"href":"https:\/\/glutenouy.com\/g7o2\/wp-json\/wp\/v2\/types\/product"}],"replies":[{"embeddable":true,"href":"https:\/\/glutenouy.com\/g7o2\/wp-json\/wp\/v2\/comments?post=112"}],"version-history":[{"count":3,"href":"https:\/\/glutenouy.com\/g7o2\/wp-json\/wp\/v2\/product\/112\/revisions"}],"predecessor-version":[{"id":1775,"href":"https:\/\/glutenouy.com\/g7o2\/wp-json\/wp\/v2\/product\/112\/revisions\/1775"}],"wp:featuredmedia":[{"embeddable":true,"href":"https:\/\/glutenouy.com\/g7o2\/wp-json\/wp\/v2\/media\/556"}],"wp:attachment":[{"href":"https:\/\/glutenouy.com\/g7o2\/wp-json\/wp\/v2\/media?parent=112"}],"wp:term":[{"taxonomy":"product_brand","embeddable":true,"href":"https:\/\/glutenouy.com\/g7o2\/wp-json\/wp\/v2\/product_brand?post=112"},{"taxonomy":"product_cat","embeddable":true,"href":"https:\/\/glutenouy.com\/g7o2\/wp-json\/wp\/v2\/product_cat?post=112"},{"taxonomy":"product_tag","embeddable":true,"href":"https:\/\/glutenouy.com\/g7o2\/wp-json\/wp\/v2\/product_tag?post=112"}],"curies":[{"name":"wp","href":"https:\/\/api.w.org\/{rel}","templated":true}]}}