{"id":133,"date":"2020-11-06T15:07:25","date_gmt":"2020-11-06T18:07:25","guid":{"rendered":"https:\/\/glutenouy.com\/g7o2\/?post_type=product&#038;p=133"},"modified":"2026-02-03T12:39:31","modified_gmt":"2026-02-03T15:39:31","slug":"alfajor-de-maicena-con-coco-x4-sin-azucar","status":"publish","type":"product","link":"https:\/\/glutenouy.com\/g7o2\/producto\/alfajor-de-maicena-con-coco-x4-sin-azucar\/","title":{"rendered":"Alfajor de Maicena con Coco x 6 unidades (Sin Az\u00facar)"},"content":{"rendered":"<p>Ingredientes:<\/p>\n<p>Almid\u00f3n de ma\u00edz, harina de arroz, leche en polvo descremada, polvo de hornear, sucralosa, vainilla, margarina Qually Light, huevos, dulce de leche cero y coco.<\/p>\n<p>COMPOSICI\u00d3N NUTRICIONAL por porci\u00f3n: 35 g, 140 g x cajita:<\/p>\n<table style=\"height: 156px;\" width=\"185\">\n<tbody>\n<tr>\n<td width=\"122\"><\/td>\n<td width=\"113\">Calor\u00edas &#8211; 110<\/td>\n<td width=\"173\">H. de Carbono &#8211; 12.5<\/td>\n<td width=\"97\">Prote\u00ednas &#8211; 2.5<\/td>\n<td width=\"137\">Grasas &#8211; 4.5<\/td>\n<\/tr>\n<tr>\n<td width=\"122\"><\/td>\n<td width=\"113\">Na\u00a0 &#8211; 63<\/td>\n<td width=\"173\">Fibra &#8211; 6<\/td>\n<td width=\"97\">Grasas saturadas &#8211; 1.5<\/td>\n<td width=\"137\"><\/td>\n<\/tr>\n<\/tbody>\n<\/table>\n","protected":false},"excerpt":{"rendered":"<p>Ingredientes: Almid\u00f3n de ma\u00edz, harina de arroz, leche en polvo descremada, polvo de hornear, sucralosa, vainilla, margarina Qually Light, huevos, dulce de leche cero y coco. COMPOSICI\u00d3N NUTRICIONAL por porci\u00f3n: 35 g, 140 g x cajita: Calor\u00edas &#8211; 110 H&#8230;. <\/p>\n<div class=\"readmore-section\"><a class=\"readmore-btn\" href=\"https:\/\/glutenouy.com\/g7o2\/producto\/alfajor-de-maicena-con-coco-x4-sin-azucar\/\">Seguir leyendo <i class=\"fa fa-arrow-right\"><\/i><\/a><\/div>\n","protected":false},"featured_media":902,"comment_status":"open","ping_status":"closed","template":"","meta":[],"product_brand":[],"product_cat":[17,35,58,38],"product_tag":[],"class_list":{"0":"post-133","1":"product","2":"type-product","3":"status-publish","4":"has-post-thumbnail","6":"product_cat-productos","7":"product_cat-alfajores-light-sin-azucar","8":"product_cat-meriendas-para-el-cole","9":"product_cat-para-el-te-sin-azucar","11":"first","12":"instock","13":"taxable","14":"shipping-taxable","15":"purchasable","16":"product-type-simple"},"jetpack_sharing_enabled":true,"_links":{"self":[{"href":"https:\/\/glutenouy.com\/g7o2\/wp-json\/wp\/v2\/product\/133","targetHints":{"allow":["GET"]}}],"collection":[{"href":"https:\/\/glutenouy.com\/g7o2\/wp-json\/wp\/v2\/product"}],"about":[{"href":"https:\/\/glutenouy.com\/g7o2\/wp-json\/wp\/v2\/types\/product"}],"replies":[{"embeddable":true,"href":"https:\/\/glutenouy.com\/g7o2\/wp-json\/wp\/v2\/comments?post=133"}],"version-history":[{"count":5,"href":"https:\/\/glutenouy.com\/g7o2\/wp-json\/wp\/v2\/product\/133\/revisions"}],"predecessor-version":[{"id":3501,"href":"https:\/\/glutenouy.com\/g7o2\/wp-json\/wp\/v2\/product\/133\/revisions\/3501"}],"wp:featuredmedia":[{"embeddable":true,"href":"https:\/\/glutenouy.com\/g7o2\/wp-json\/wp\/v2\/media\/902"}],"wp:attachment":[{"href":"https:\/\/glutenouy.com\/g7o2\/wp-json\/wp\/v2\/media?parent=133"}],"wp:term":[{"taxonomy":"product_brand","embeddable":true,"href":"https:\/\/glutenouy.com\/g7o2\/wp-json\/wp\/v2\/product_brand?post=133"},{"taxonomy":"product_cat","embeddable":true,"href":"https:\/\/glutenouy.com\/g7o2\/wp-json\/wp\/v2\/product_cat?post=133"},{"taxonomy":"product_tag","embeddable":true,"href":"https:\/\/glutenouy.com\/g7o2\/wp-json\/wp\/v2\/product_tag?post=133"}],"curies":[{"name":"wp","href":"https:\/\/api.w.org\/{rel}","templated":true}]}}