{"id":1416,"date":"2021-06-21T13:50:27","date_gmt":"2021-06-21T16:50:27","guid":{"rendered":"https:\/\/glutenouy.com\/g7o2\/?post_type=product&#038;p=1416"},"modified":"2026-02-03T13:22:06","modified_gmt":"2026-02-03T16:22:06","slug":"box-de-desayuno-1","status":"publish","type":"product","link":"https:\/\/glutenouy.com\/g7o2\/producto\/box-de-desayuno-1\/","title":{"rendered":"Box de desayuno sin gluten con azucar"},"content":{"rendered":"<p>2 s\u00e1ndwiches de jam\u00f3n y queso<\/p>\n<p>2 medialunita de jam\u00f3n y queso<\/p>\n<p>2 pan de queso<\/p>\n<p>1 alfajor de coco<\/p>\n<p>1 alfajor brownies<\/p>\n","protected":false},"excerpt":{"rendered":"<p>2 s\u00e1ndwiches de jam\u00f3n y queso 2 medialunita de jam\u00f3n y queso 2 pan de queso 1 alfajor de coco 1 alfajor brownies<\/p>\n","protected":false},"featured_media":3480,"comment_status":"closed","ping_status":"closed","template":"","meta":[],"product_brand":[],"product_cat":[48],"product_tag":[],"class_list":{"0":"post-1416","1":"product","2":"type-product","3":"status-publish","4":"has-post-thumbnail","6":"product_cat-box-de-desayunos","8":"first","9":"instock","10":"taxable","11":"shipping-taxable","12":"purchasable","13":"product-type-simple"},"jetpack_sharing_enabled":true,"_links":{"self":[{"href":"https:\/\/glutenouy.com\/g7o2\/wp-json\/wp\/v2\/product\/1416","targetHints":{"allow":["GET"]}}],"collection":[{"href":"https:\/\/glutenouy.com\/g7o2\/wp-json\/wp\/v2\/product"}],"about":[{"href":"https:\/\/glutenouy.com\/g7o2\/wp-json\/wp\/v2\/types\/product"}],"replies":[{"embeddable":true,"href":"https:\/\/glutenouy.com\/g7o2\/wp-json\/wp\/v2\/comments?post=1416"}],"version-history":[{"count":5,"href":"https:\/\/glutenouy.com\/g7o2\/wp-json\/wp\/v2\/product\/1416\/revisions"}],"predecessor-version":[{"id":3796,"href":"https:\/\/glutenouy.com\/g7o2\/wp-json\/wp\/v2\/product\/1416\/revisions\/3796"}],"wp:featuredmedia":[{"embeddable":true,"href":"https:\/\/glutenouy.com\/g7o2\/wp-json\/wp\/v2\/media\/3480"}],"wp:attachment":[{"href":"https:\/\/glutenouy.com\/g7o2\/wp-json\/wp\/v2\/media?parent=1416"}],"wp:term":[{"taxonomy":"product_brand","embeddable":true,"href":"https:\/\/glutenouy.com\/g7o2\/wp-json\/wp\/v2\/product_brand?post=1416"},{"taxonomy":"product_cat","embeddable":true,"href":"https:\/\/glutenouy.com\/g7o2\/wp-json\/wp\/v2\/product_cat?post=1416"},{"taxonomy":"product_tag","embeddable":true,"href":"https:\/\/glutenouy.com\/g7o2\/wp-json\/wp\/v2\/product_tag?post=1416"}],"curies":[{"name":"wp","href":"https:\/\/api.w.org\/{rel}","templated":true}]}}