{"id":1421,"date":"2021-06-21T13:55:58","date_gmt":"2021-06-21T16:55:58","guid":{"rendered":"https:\/\/glutenouy.com\/g7o2\/?post_type=product&#038;p=1421"},"modified":"2026-02-03T13:22:19","modified_gmt":"2026-02-03T16:22:19","slug":"box-de-desayuno-3-sin-azucar","status":"publish","type":"product","link":"https:\/\/glutenouy.com\/g7o2\/producto\/box-de-desayuno-3-sin-azucar\/","title":{"rendered":"Box de desayuno sin az\u00facar"},"content":{"rendered":"<p>&nbsp;<\/p>\n<p>2 s\u00e1ndwiches semillas con lomito y queso<\/p>\n<p>2 s\u00e1ndwiches de jam\u00f3n y queso<\/p>\n<p>1 cuadrado carrot sin az\u00facar<\/p>\n<p>1 alfajor de bizcochuelo sin az\u00facar<\/p>\n<p>1 volcancito de dulce de leche<\/p>\n<p>&nbsp;<\/p>\n<p>&nbsp;<\/p>\n","protected":false},"excerpt":{"rendered":"<p>&nbsp; 2 s\u00e1ndwiches semillas con lomito y queso 2 s\u00e1ndwiches de jam\u00f3n y queso 1 cuadrado carrot sin az\u00facar 1 alfajor de bizcochuelo sin az\u00facar 1 volcancito de dulce de leche &nbsp; &nbsp;<\/p>\n","protected":false},"featured_media":3479,"comment_status":"closed","ping_status":"closed","template":"","meta":[],"product_brand":[],"product_cat":[48],"product_tag":[],"class_list":{"0":"post-1421","1":"product","2":"type-product","3":"status-publish","4":"has-post-thumbnail","6":"product_cat-box-de-desayunos","8":"first","9":"instock","10":"taxable","11":"shipping-taxable","12":"purchasable","13":"product-type-simple"},"jetpack_sharing_enabled":true,"_links":{"self":[{"href":"https:\/\/glutenouy.com\/g7o2\/wp-json\/wp\/v2\/product\/1421","targetHints":{"allow":["GET"]}}],"collection":[{"href":"https:\/\/glutenouy.com\/g7o2\/wp-json\/wp\/v2\/product"}],"about":[{"href":"https:\/\/glutenouy.com\/g7o2\/wp-json\/wp\/v2\/types\/product"}],"replies":[{"embeddable":true,"href":"https:\/\/glutenouy.com\/g7o2\/wp-json\/wp\/v2\/comments?post=1421"}],"version-history":[{"count":4,"href":"https:\/\/glutenouy.com\/g7o2\/wp-json\/wp\/v2\/product\/1421\/revisions"}],"predecessor-version":[{"id":3478,"href":"https:\/\/glutenouy.com\/g7o2\/wp-json\/wp\/v2\/product\/1421\/revisions\/3478"}],"wp:featuredmedia":[{"embeddable":true,"href":"https:\/\/glutenouy.com\/g7o2\/wp-json\/wp\/v2\/media\/3479"}],"wp:attachment":[{"href":"https:\/\/glutenouy.com\/g7o2\/wp-json\/wp\/v2\/media?parent=1421"}],"wp:term":[{"taxonomy":"product_brand","embeddable":true,"href":"https:\/\/glutenouy.com\/g7o2\/wp-json\/wp\/v2\/product_brand?post=1421"},{"taxonomy":"product_cat","embeddable":true,"href":"https:\/\/glutenouy.com\/g7o2\/wp-json\/wp\/v2\/product_cat?post=1421"},{"taxonomy":"product_tag","embeddable":true,"href":"https:\/\/glutenouy.com\/g7o2\/wp-json\/wp\/v2\/product_tag?post=1421"}],"curies":[{"name":"wp","href":"https:\/\/api.w.org\/{rel}","templated":true}]}}