{"id":144,"date":"2020-11-06T16:35:02","date_gmt":"2020-11-06T19:35:02","guid":{"rendered":"https:\/\/glutenouy.com\/g7o2\/?post_type=product&#038;p=144"},"modified":"2026-02-03T12:49:02","modified_gmt":"2026-02-03T15:49:02","slug":"alfajor-mini-yoyo-150-g","status":"publish","type":"product","link":"https:\/\/glutenouy.com\/g7o2\/producto\/alfajor-mini-yoyo-150-g\/","title":{"rendered":"Alfajor Mini Yoyo x 150 g"},"content":{"rendered":"<p>Ingredientes:<\/p>\n<p>Almid\u00f3n de ma\u00edz, harina de arroz, f\u00e9cula de mandioca, huevos, az\u00facar, miel, polvo de hornear, vainilla, dulce de leche, cobertura de chocolate.<\/p>\n<p>COMPOSICI\u00d3N NUTRICIONAL 20 g:<\/p>\n<table style=\"height: 75px;\" width=\"156\">\n<tbody>\n<tr>\n<td width=\"122\"><\/td>\n<td width=\"113\">Calor\u00edas &#8211; 58<\/td>\n<td width=\"173\">H. de Carbono &#8211; 58<\/td>\n<td width=\"97\">Prote\u00ednas &#8211; 1.2<\/td>\n<td width=\"137\">Grasas &#8211; 0.9<\/td>\n<\/tr>\n<tr>\n<td width=\"122\"><\/td>\n<td width=\"113\">Na\u00a0 &#8211; 11<\/td>\n<td width=\"173\">Fibra &#8211; 0.1<\/td>\n<td width=\"97\">Grasas saturadas &#8211; <span style=\"font-family: inherit; font-size: inherit;\">0.5<\/span><\/td>\n<td width=\"137\"><\/td>\n<\/tr>\n<\/tbody>\n<\/table>\n","protected":false},"excerpt":{"rendered":"<p>Ingredientes: Almid\u00f3n de ma\u00edz, harina de arroz, f\u00e9cula de mandioca, huevos, az\u00facar, miel, polvo de hornear, vainilla, dulce de leche, cobertura de chocolate. COMPOSICI\u00d3N NUTRICIONAL 20 g: Calor\u00edas &#8211; 58 H. de Carbono &#8211; 58 Prote\u00ednas &#8211; 1.2 Grasas &#8211;&#8230; <\/p>\n<div class=\"readmore-section\"><a class=\"readmore-btn\" href=\"https:\/\/glutenouy.com\/g7o2\/producto\/alfajor-mini-yoyo-150-g\/\">Seguir leyendo <i class=\"fa fa-arrow-right\"><\/i><\/a><\/div>\n","protected":false},"featured_media":0,"comment_status":"open","ping_status":"closed","template":"","meta":[],"product_brand":[],"product_cat":[17,34,58,25],"product_tag":[],"class_list":{"0":"post-144","1":"product","2":"type-product","3":"status-publish","5":"product_cat-productos","6":"product_cat-alfajores","7":"product_cat-meriendas-para-el-cole","8":"product_cat-para-el-te","10":"first","11":"instock","12":"taxable","13":"shipping-taxable","14":"purchasable","15":"product-type-simple"},"jetpack_sharing_enabled":true,"_links":{"self":[{"href":"https:\/\/glutenouy.com\/g7o2\/wp-json\/wp\/v2\/product\/144","targetHints":{"allow":["GET"]}}],"collection":[{"href":"https:\/\/glutenouy.com\/g7o2\/wp-json\/wp\/v2\/product"}],"about":[{"href":"https:\/\/glutenouy.com\/g7o2\/wp-json\/wp\/v2\/types\/product"}],"replies":[{"embeddable":true,"href":"https:\/\/glutenouy.com\/g7o2\/wp-json\/wp\/v2\/comments?post=144"}],"version-history":[{"count":5,"href":"https:\/\/glutenouy.com\/g7o2\/wp-json\/wp\/v2\/product\/144\/revisions"}],"predecessor-version":[{"id":3601,"href":"https:\/\/glutenouy.com\/g7o2\/wp-json\/wp\/v2\/product\/144\/revisions\/3601"}],"wp:attachment":[{"href":"https:\/\/glutenouy.com\/g7o2\/wp-json\/wp\/v2\/media?parent=144"}],"wp:term":[{"taxonomy":"product_brand","embeddable":true,"href":"https:\/\/glutenouy.com\/g7o2\/wp-json\/wp\/v2\/product_brand?post=144"},{"taxonomy":"product_cat","embeddable":true,"href":"https:\/\/glutenouy.com\/g7o2\/wp-json\/wp\/v2\/product_cat?post=144"},{"taxonomy":"product_tag","embeddable":true,"href":"https:\/\/glutenouy.com\/g7o2\/wp-json\/wp\/v2\/product_tag?post=144"}],"curies":[{"name":"wp","href":"https:\/\/api.w.org\/{rel}","templated":true}]}}