{"id":147,"date":"2020-11-06T16:38:16","date_gmt":"2020-11-06T19:38:16","guid":{"rendered":"https:\/\/glutenouy.com\/g7o2\/?post_type=product&#038;p=147"},"modified":"2026-02-03T12:48:45","modified_gmt":"2026-02-03T15:48:45","slug":"maicenitas-125-g","status":"publish","type":"product","link":"https:\/\/glutenouy.com\/g7o2\/producto\/maicenitas-125-g\/","title":{"rendered":"Mini yoyo de coco 150 g"},"content":{"rendered":"<p>Ingredientes: Almid\u00f3n de ma\u00edz, harina de arroz, huevos, az\u00facar, ralladura de lim\u00f3n, polvo de hornear y sal. Dulce de leche, coco rallado.<\/p>\n<p>&nbsp;<\/p>\n<p>COMPOSICI\u00d3N NUTRICIONAL x 30 g (una unidad):<\/p>\n<table style=\"height: 244px;\" width=\"169\">\n<tbody>\n<tr>\n<td width=\"192\"><\/td>\n<td width=\"82\">Calor\u00edas<\/p>\n<p>92<\/td>\n<td width=\"76\">H. de Carbono<\/p>\n<p>19<\/td>\n<td colspan=\"2\" width=\"85\">Prote\u00ednas<\/p>\n<p>1.3<\/td>\n<td width=\"93\">Grasas<\/p>\n<p>1.0<\/td>\n<\/tr>\n<tr>\n<td width=\"192\"><\/td>\n<td width=\"82\">Na<\/p>\n<p>18 mg<\/td>\n<td width=\"76\">Col<\/p>\n<p>9<\/td>\n<td width=\"66\">Fibra<\/p>\n<p>0.2<\/td>\n<td colspan=\"2\" width=\"112\">Grasas saturadas<\/p>\n<p>0.5<\/td>\n<\/tr>\n<\/tbody>\n<\/table>\n","protected":false},"excerpt":{"rendered":"<p>Ingredientes: Almid\u00f3n de ma\u00edz, harina de arroz, huevos, az\u00facar, ralladura de lim\u00f3n, polvo de hornear y sal. Dulce de leche, coco rallado. &nbsp; COMPOSICI\u00d3N NUTRICIONAL x 30 g (una unidad): Calor\u00edas 92 H. de Carbono 19 Prote\u00ednas 1.3 Grasas 1.0&#8230; <\/p>\n<div class=\"readmore-section\"><a class=\"readmore-btn\" href=\"https:\/\/glutenouy.com\/g7o2\/producto\/maicenitas-125-g\/\">Seguir leyendo <i class=\"fa fa-arrow-right\"><\/i><\/a><\/div>\n","protected":false},"featured_media":2203,"comment_status":"open","ping_status":"closed","template":"","meta":[],"product_brand":[],"product_cat":[17,34,58,25],"product_tag":[],"class_list":{"0":"post-147","1":"product","2":"type-product","3":"status-publish","4":"has-post-thumbnail","6":"product_cat-productos","7":"product_cat-alfajores","8":"product_cat-meriendas-para-el-cole","9":"product_cat-para-el-te","11":"first","12":"instock","13":"taxable","14":"shipping-taxable","15":"purchasable","16":"product-type-simple"},"jetpack_sharing_enabled":true,"_links":{"self":[{"href":"https:\/\/glutenouy.com\/g7o2\/wp-json\/wp\/v2\/product\/147","targetHints":{"allow":["GET"]}}],"collection":[{"href":"https:\/\/glutenouy.com\/g7o2\/wp-json\/wp\/v2\/product"}],"about":[{"href":"https:\/\/glutenouy.com\/g7o2\/wp-json\/wp\/v2\/types\/product"}],"replies":[{"embeddable":true,"href":"https:\/\/glutenouy.com\/g7o2\/wp-json\/wp\/v2\/comments?post=147"}],"version-history":[{"count":5,"href":"https:\/\/glutenouy.com\/g7o2\/wp-json\/wp\/v2\/product\/147\/revisions"}],"predecessor-version":[{"id":3654,"href":"https:\/\/glutenouy.com\/g7o2\/wp-json\/wp\/v2\/product\/147\/revisions\/3654"}],"wp:featuredmedia":[{"embeddable":true,"href":"https:\/\/glutenouy.com\/g7o2\/wp-json\/wp\/v2\/media\/2203"}],"wp:attachment":[{"href":"https:\/\/glutenouy.com\/g7o2\/wp-json\/wp\/v2\/media?parent=147"}],"wp:term":[{"taxonomy":"product_brand","embeddable":true,"href":"https:\/\/glutenouy.com\/g7o2\/wp-json\/wp\/v2\/product_brand?post=147"},{"taxonomy":"product_cat","embeddable":true,"href":"https:\/\/glutenouy.com\/g7o2\/wp-json\/wp\/v2\/product_cat?post=147"},{"taxonomy":"product_tag","embeddable":true,"href":"https:\/\/glutenouy.com\/g7o2\/wp-json\/wp\/v2\/product_tag?post=147"}],"curies":[{"name":"wp","href":"https:\/\/api.w.org\/{rel}","templated":true}]}}