{"id":153,"date":"2020-11-06T16:47:19","date_gmt":"2020-11-06T19:47:19","guid":{"rendered":"https:\/\/glutenouy.com\/g7o2\/?post_type=product&#038;p=153"},"modified":"2026-02-03T12:36:45","modified_gmt":"2026-02-03T15:36:45","slug":"postre-brownie-de-dulce-de-leche-y-merengue-italiano","status":"publish","type":"product","link":"https:\/\/glutenouy.com\/g7o2\/producto\/postre-brownie-de-dulce-de-leche-y-merengue-italiano\/","title":{"rendered":"Postre Brownie de Dulce de Leche y Merengue Italiano x 100 g"},"content":{"rendered":"<p>Ingredientes:<\/p>\n<p>Harina de arroz, almid\u00f3n de ma\u00edz, az\u00facar, cacao amargo, leche en polvo descremada, aceite alto oleico, huevos, margarina sin trans, nueces, polvo de hornear, vainilla. Dulce de leche, claras de huevo, az\u00facar impalpable y nueces.<\/p>\n<p>&nbsp;<\/p>\n","protected":false},"excerpt":{"rendered":"<p>Ingredientes: Harina de arroz, almid\u00f3n de ma\u00edz, az\u00facar, cacao amargo, leche en polvo descremada, aceite alto oleico, huevos, margarina sin trans, nueces, polvo de hornear, vainilla. Dulce de leche, claras de huevo, az\u00facar impalpable y nueces. &nbsp;<\/p>\n","protected":false},"featured_media":3459,"comment_status":"open","ping_status":"closed","template":"","meta":[],"product_brand":[],"product_cat":[33],"product_tag":[],"class_list":{"0":"post-153","1":"product","2":"type-product","3":"status-publish","4":"has-post-thumbnail","6":"product_cat-postres-con-azucar","8":"first","9":"instock","10":"taxable","11":"shipping-taxable","12":"purchasable","13":"product-type-simple"},"jetpack_sharing_enabled":true,"_links":{"self":[{"href":"https:\/\/glutenouy.com\/g7o2\/wp-json\/wp\/v2\/product\/153","targetHints":{"allow":["GET"]}}],"collection":[{"href":"https:\/\/glutenouy.com\/g7o2\/wp-json\/wp\/v2\/product"}],"about":[{"href":"https:\/\/glutenouy.com\/g7o2\/wp-json\/wp\/v2\/types\/product"}],"replies":[{"embeddable":true,"href":"https:\/\/glutenouy.com\/g7o2\/wp-json\/wp\/v2\/comments?post=153"}],"version-history":[{"count":4,"href":"https:\/\/glutenouy.com\/g7o2\/wp-json\/wp\/v2\/product\/153\/revisions"}],"predecessor-version":[{"id":3456,"href":"https:\/\/glutenouy.com\/g7o2\/wp-json\/wp\/v2\/product\/153\/revisions\/3456"}],"wp:featuredmedia":[{"embeddable":true,"href":"https:\/\/glutenouy.com\/g7o2\/wp-json\/wp\/v2\/media\/3459"}],"wp:attachment":[{"href":"https:\/\/glutenouy.com\/g7o2\/wp-json\/wp\/v2\/media?parent=153"}],"wp:term":[{"taxonomy":"product_brand","embeddable":true,"href":"https:\/\/glutenouy.com\/g7o2\/wp-json\/wp\/v2\/product_brand?post=153"},{"taxonomy":"product_cat","embeddable":true,"href":"https:\/\/glutenouy.com\/g7o2\/wp-json\/wp\/v2\/product_cat?post=153"},{"taxonomy":"product_tag","embeddable":true,"href":"https:\/\/glutenouy.com\/g7o2\/wp-json\/wp\/v2\/product_tag?post=153"}],"curies":[{"name":"wp","href":"https:\/\/api.w.org\/{rel}","templated":true}]}}