{"id":157,"date":"2020-11-06T16:52:13","date_gmt":"2020-11-06T19:52:13","guid":{"rendered":"https:\/\/glutenouy.com\/g7o2\/?post_type=product&#038;p=157"},"modified":"2026-02-03T12:36:26","modified_gmt":"2026-02-03T15:36:26","slug":"postre-lemon-sin-lactosa","status":"publish","type":"product","link":"https:\/\/glutenouy.com\/g7o2\/producto\/postre-lemon-sin-lactosa\/","title":{"rendered":"Postre Lemon x 100 g (Sin Lactosa)"},"content":{"rendered":"<p>Ingredientes:<\/p>\n<p><span style=\"font-weight: 400;\">A base de bizcochuelo, espuma de lim\u00f3n y merengue.<\/span><\/p>\n<p><span style=\"font-weight: 400;\">COMPOSICI\u00d3N NUTRICIONAL:<\/span><\/p>\n<table style=\"height: 44px;\" width=\"20\">\n<tbody>\n<tr>\n<td width=\"113\">Calor\u00edas &#8211; 214<\/td>\n<td width=\"173\">H. de Carbono &#8211; 46<\/td>\n<td width=\"97\">Prote\u00ednas &#8211; 4<\/td>\n<td width=\"137\">Grasas &#8211; 1.6<\/td>\n<\/tr>\n<tr>\n<td>Na &#8211; 51<\/td>\n<td>Col- 45<\/td>\n<td width=\"97\">Fibra &#8211; 0.3<\/td>\n<td>Grasas saturadas &#8211; 0.6<\/td>\n<\/tr>\n<\/tbody>\n<\/table>\n","protected":false},"excerpt":{"rendered":"<p>Ingredientes: A base de bizcochuelo, espuma de lim\u00f3n y merengue. COMPOSICI\u00d3N NUTRICIONAL: Calor\u00edas &#8211; 214 H. de Carbono &#8211; 46 Prote\u00ednas &#8211; 4 Grasas &#8211; 1.6 Na &#8211; 51 Col- 45 Fibra &#8211; 0.3 Grasas saturadas &#8211; 0.6<\/p>\n","protected":false},"featured_media":3458,"comment_status":"open","ping_status":"closed","template":"","meta":[],"product_brand":[],"product_cat":[33],"product_tag":[],"class_list":{"0":"post-157","1":"product","2":"type-product","3":"status-publish","4":"has-post-thumbnail","6":"product_cat-postres-con-azucar","8":"first","9":"instock","10":"taxable","11":"shipping-taxable","12":"purchasable","13":"product-type-simple"},"jetpack_sharing_enabled":true,"_links":{"self":[{"href":"https:\/\/glutenouy.com\/g7o2\/wp-json\/wp\/v2\/product\/157","targetHints":{"allow":["GET"]}}],"collection":[{"href":"https:\/\/glutenouy.com\/g7o2\/wp-json\/wp\/v2\/product"}],"about":[{"href":"https:\/\/glutenouy.com\/g7o2\/wp-json\/wp\/v2\/types\/product"}],"replies":[{"embeddable":true,"href":"https:\/\/glutenouy.com\/g7o2\/wp-json\/wp\/v2\/comments?post=157"}],"version-history":[{"count":3,"href":"https:\/\/glutenouy.com\/g7o2\/wp-json\/wp\/v2\/product\/157\/revisions"}],"predecessor-version":[{"id":3455,"href":"https:\/\/glutenouy.com\/g7o2\/wp-json\/wp\/v2\/product\/157\/revisions\/3455"}],"wp:featuredmedia":[{"embeddable":true,"href":"https:\/\/glutenouy.com\/g7o2\/wp-json\/wp\/v2\/media\/3458"}],"wp:attachment":[{"href":"https:\/\/glutenouy.com\/g7o2\/wp-json\/wp\/v2\/media?parent=157"}],"wp:term":[{"taxonomy":"product_brand","embeddable":true,"href":"https:\/\/glutenouy.com\/g7o2\/wp-json\/wp\/v2\/product_brand?post=157"},{"taxonomy":"product_cat","embeddable":true,"href":"https:\/\/glutenouy.com\/g7o2\/wp-json\/wp\/v2\/product_cat?post=157"},{"taxonomy":"product_tag","embeddable":true,"href":"https:\/\/glutenouy.com\/g7o2\/wp-json\/wp\/v2\/product_tag?post=157"}],"curies":[{"name":"wp","href":"https:\/\/api.w.org\/{rel}","templated":true}]}}