{"id":162,"date":"2020-11-06T16:58:13","date_gmt":"2020-11-06T19:58:13","guid":{"rendered":"https:\/\/glutenouy.com\/g7o2\/?post_type=product&#038;p=162"},"modified":"2026-02-03T13:17:36","modified_gmt":"2026-02-03T16:17:36","slug":"margarita-de-crema-50-g","status":"publish","type":"product","link":"https:\/\/glutenouy.com\/g7o2\/producto\/margarita-de-crema-50-g\/","title":{"rendered":"Croissant de Crema (50 g)"},"content":{"rendered":"<p>Ingredientes:<\/p>\n<p>Almid\u00f3n de ma\u00edz, harina de arroz, pure de papas deshidratado, levadura, lecitina de soja, huevos, az\u00facar, goma xantica, inulina, margarina sin trans, leche descremada, sal. Dulce de membrillo.<\/p>\n<p>COMPOSICI\u00d3N NUTRICIONAL:<\/p>\n<table style=\"height: 54px;\" width=\"160\">\n<tbody>\n<tr>\n<td width=\"122\"><\/td>\n<td width=\"113\">Calor\u00edas &#8211; 124<\/td>\n<td width=\"173\">H. de Carbono &#8211; 22<\/td>\n<td width=\"97\">Prote\u00ednas &#8211; 1.9<\/td>\n<td width=\"137\">Grasas &#8211; 3<\/td>\n<\/tr>\n<tr>\n<td width=\"122\"><\/td>\n<td width=\"113\">Na\u00a0 &#8211; 179<\/td>\n<td width=\"173\">Fibra &#8211; 0.4<\/td>\n<td width=\"97\">Grasas saturadas &#8211; 0.3<\/td>\n<td width=\"137\">Col &#8211; 33<\/td>\n<\/tr>\n<\/tbody>\n<\/table>\n","protected":false},"excerpt":{"rendered":"<p>Ingredientes: Almid\u00f3n de ma\u00edz, harina de arroz, pure de papas deshidratado, levadura, lecitina de soja, huevos, az\u00facar, goma xantica, inulina, margarina sin trans, leche descremada, sal. Dulce de membrillo. COMPOSICI\u00d3N NUTRICIONAL: Calor\u00edas &#8211; 124 H. de Carbono &#8211; 22 Prote\u00ednas&#8230; <\/p>\n<div class=\"readmore-section\"><a class=\"readmore-btn\" href=\"https:\/\/glutenouy.com\/g7o2\/producto\/margarita-de-crema-50-g\/\">Seguir leyendo <i class=\"fa fa-arrow-right\"><\/i><\/a><\/div>\n","protected":false},"featured_media":1186,"comment_status":"open","ping_status":"closed","template":"","meta":[],"product_brand":[],"product_cat":[17,58,32,25],"product_tag":[],"class_list":{"0":"post-162","1":"product","2":"type-product","3":"status-publish","4":"has-post-thumbnail","6":"product_cat-productos","7":"product_cat-meriendas-para-el-cole","8":"product_cat-bizcochos-reducidos-en-grasas","9":"product_cat-para-el-te","11":"first","12":"instock","13":"taxable","14":"shipping-taxable","15":"purchasable","16":"product-type-simple"},"jetpack_sharing_enabled":true,"_links":{"self":[{"href":"https:\/\/glutenouy.com\/g7o2\/wp-json\/wp\/v2\/product\/162","targetHints":{"allow":["GET"]}}],"collection":[{"href":"https:\/\/glutenouy.com\/g7o2\/wp-json\/wp\/v2\/product"}],"about":[{"href":"https:\/\/glutenouy.com\/g7o2\/wp-json\/wp\/v2\/types\/product"}],"replies":[{"embeddable":true,"href":"https:\/\/glutenouy.com\/g7o2\/wp-json\/wp\/v2\/comments?post=162"}],"version-history":[{"count":2,"href":"https:\/\/glutenouy.com\/g7o2\/wp-json\/wp\/v2\/product\/162\/revisions"}],"predecessor-version":[{"id":1894,"href":"https:\/\/glutenouy.com\/g7o2\/wp-json\/wp\/v2\/product\/162\/revisions\/1894"}],"wp:featuredmedia":[{"embeddable":true,"href":"https:\/\/glutenouy.com\/g7o2\/wp-json\/wp\/v2\/media\/1186"}],"wp:attachment":[{"href":"https:\/\/glutenouy.com\/g7o2\/wp-json\/wp\/v2\/media?parent=162"}],"wp:term":[{"taxonomy":"product_brand","embeddable":true,"href":"https:\/\/glutenouy.com\/g7o2\/wp-json\/wp\/v2\/product_brand?post=162"},{"taxonomy":"product_cat","embeddable":true,"href":"https:\/\/glutenouy.com\/g7o2\/wp-json\/wp\/v2\/product_cat?post=162"},{"taxonomy":"product_tag","embeddable":true,"href":"https:\/\/glutenouy.com\/g7o2\/wp-json\/wp\/v2\/product_tag?post=162"}],"curies":[{"name":"wp","href":"https:\/\/api.w.org\/{rel}","templated":true}]}}