{"id":165,"date":"2020-11-06T17:01:02","date_gmt":"2020-11-06T20:01:02","guid":{"rendered":"https:\/\/glutenouy.com\/g7o2\/?post_type=product&#038;p=165"},"modified":"2026-02-03T13:24:05","modified_gmt":"2026-02-03T16:24:05","slug":"roll-de-manzana-pasas-y-canela","status":"publish","type":"product","link":"https:\/\/glutenouy.com\/g7o2\/producto\/roll-de-manzana-pasas-y-canela\/","title":{"rendered":"Roll de Manzana, pasas y canela"},"content":{"rendered":"<p>Ingredientes:<\/p>\n<p>Almid\u00f3n de ma\u00edz, harina de arroz, pure de papas deshidratado, levadura, lecitina de soja, huevos, az\u00facar, goma xantica, inulina, margarina sin trans, leche descremada, sal.<\/p>\n<p>COMPOSICI\u00d3N NUTRICIONAL:<\/p>\n<table style=\"height: 54px;\" width=\"160\">\n<tbody>\n<tr>\n<td width=\"122\"><\/td>\n<td width=\"113\">Calor\u00edas &#8211; 274<\/td>\n<td width=\"173\">H. de Carbono &#8211; 51<\/td>\n<td width=\"97\">Prote\u00ednas &#8211; 4<\/td>\n<td width=\"137\">Grasas &#8211; 6<\/td>\n<\/tr>\n<tr>\n<td width=\"122\"><\/td>\n<td width=\"113\">Na\u00a0 &#8211; 333<\/td>\n<td width=\"173\">Fibra &#8211; 1<\/td>\n<td width=\"97\">Grasas saturadas &#8211; 0.7<\/td>\n<td width=\"137\">Col &#8211; 60<\/td>\n<\/tr>\n<\/tbody>\n<\/table>\n","protected":false},"excerpt":{"rendered":"<p>Ingredientes: Almid\u00f3n de ma\u00edz, harina de arroz, pure de papas deshidratado, levadura, lecitina de soja, huevos, az\u00facar, goma xantica, inulina, margarina sin trans, leche descremada, sal. COMPOSICI\u00d3N NUTRICIONAL: Calor\u00edas &#8211; 274 H. de Carbono &#8211; 51 Prote\u00ednas &#8211; 4 Grasas&#8230; <\/p>\n<div class=\"readmore-section\"><a class=\"readmore-btn\" href=\"https:\/\/glutenouy.com\/g7o2\/producto\/roll-de-manzana-pasas-y-canela\/\">Seguir leyendo <i class=\"fa fa-arrow-right\"><\/i><\/a><\/div>\n","protected":false},"featured_media":1168,"comment_status":"open","ping_status":"closed","template":"","meta":[],"product_brand":[],"product_cat":[32,25],"product_tag":[],"class_list":{"0":"post-165","1":"product","2":"type-product","3":"status-publish","4":"has-post-thumbnail","6":"product_cat-bizcochos-reducidos-en-grasas","7":"product_cat-para-el-te","9":"first","10":"instock","11":"taxable","12":"shipping-taxable","13":"purchasable","14":"product-type-simple"},"jetpack_sharing_enabled":true,"_links":{"self":[{"href":"https:\/\/glutenouy.com\/g7o2\/wp-json\/wp\/v2\/product\/165","targetHints":{"allow":["GET"]}}],"collection":[{"href":"https:\/\/glutenouy.com\/g7o2\/wp-json\/wp\/v2\/product"}],"about":[{"href":"https:\/\/glutenouy.com\/g7o2\/wp-json\/wp\/v2\/types\/product"}],"replies":[{"embeddable":true,"href":"https:\/\/glutenouy.com\/g7o2\/wp-json\/wp\/v2\/comments?post=165"}],"version-history":[{"count":2,"href":"https:\/\/glutenouy.com\/g7o2\/wp-json\/wp\/v2\/product\/165\/revisions"}],"predecessor-version":[{"id":1898,"href":"https:\/\/glutenouy.com\/g7o2\/wp-json\/wp\/v2\/product\/165\/revisions\/1898"}],"wp:featuredmedia":[{"embeddable":true,"href":"https:\/\/glutenouy.com\/g7o2\/wp-json\/wp\/v2\/media\/1168"}],"wp:attachment":[{"href":"https:\/\/glutenouy.com\/g7o2\/wp-json\/wp\/v2\/media?parent=165"}],"wp:term":[{"taxonomy":"product_brand","embeddable":true,"href":"https:\/\/glutenouy.com\/g7o2\/wp-json\/wp\/v2\/product_brand?post=165"},{"taxonomy":"product_cat","embeddable":true,"href":"https:\/\/glutenouy.com\/g7o2\/wp-json\/wp\/v2\/product_cat?post=165"},{"taxonomy":"product_tag","embeddable":true,"href":"https:\/\/glutenouy.com\/g7o2\/wp-json\/wp\/v2\/product_tag?post=165"}],"curies":[{"name":"wp","href":"https:\/\/api.w.org\/{rel}","templated":true}]}}