{"id":166,"date":"2020-11-06T17:02:37","date_gmt":"2020-11-06T20:02:37","guid":{"rendered":"https:\/\/glutenouy.com\/g7o2\/?post_type=product&#038;p=166"},"modified":"2025-02-03T12:01:56","modified_gmt":"2025-02-03T15:01:56","slug":"galletas-saladas-comunes-150-g","status":"publish","type":"product","link":"https:\/\/glutenouy.com\/g7o2\/producto\/galletas-saladas-comunes-150-g\/","title":{"rendered":"Galletas saladas Comunes 150 g"},"content":{"rendered":"<p>Ingredientes: Harina de arroz, almid\u00f3n de ma\u00edz, leche en polvo descremada, polvo de hornear, huevos, goma xantica, aceite alto oleico.<\/p>\n<p>COMPOSICI\u00d3N NUTRICIONAL por 30 g:<\/p>\n<table style=\"height: 97px;\" width=\"133\">\n<tbody>\n<tr>\n<td width=\"122\"><\/td>\n<td width=\"113\">Calor\u00edas &#8211; 108<\/td>\n<td width=\"173\">H. de Carbono &#8211; 19<\/td>\n<td width=\"97\">Prote\u00ednas &#8211; 2.5<\/td>\n<td width=\"137\">Grasas &#8211; 2.6<\/td>\n<\/tr>\n<tr>\n<td width=\"122\"><\/td>\n<td>Na &#8211; 50<\/td>\n<td width=\"173\">Col &#8211; 0<\/td>\n<td>Fibra &#8211; 0.3<\/td>\n<td width=\"137\">Grasas saturadas &#8211; 0.4<\/td>\n<\/tr>\n<\/tbody>\n<\/table>\n","protected":false},"excerpt":{"rendered":"<p>Ingredientes: Harina de arroz, almid\u00f3n de ma\u00edz, leche en polvo descremada, polvo de hornear, huevos, goma xantica, aceite alto oleico. COMPOSICI\u00d3N NUTRICIONAL por 30 g: Calor\u00edas &#8211; 108 H. de Carbono &#8211; 19 Prote\u00ednas &#8211; 2.5 Grasas &#8211; 2.6 Na&#8230; <\/p>\n<div class=\"readmore-section\"><a class=\"readmore-btn\" href=\"https:\/\/glutenouy.com\/g7o2\/producto\/galletas-saladas-comunes-150-g\/\">Seguir leyendo <i class=\"fa fa-arrow-right\"><\/i><\/a><\/div>\n","protected":false},"featured_media":877,"comment_status":"open","ping_status":"closed","template":"","meta":[],"product_brand":[],"product_cat":[17,58,31],"product_tag":[],"class_list":{"0":"post-166","1":"product","2":"type-product","3":"status-publish","4":"has-post-thumbnail","6":"product_cat-productos","7":"product_cat-meriendas-para-el-cole","8":"product_cat-galletas-saladas","10":"first","11":"instock","12":"taxable","13":"shipping-taxable","14":"purchasable","15":"product-type-simple"},"jetpack_sharing_enabled":true,"_links":{"self":[{"href":"https:\/\/glutenouy.com\/g7o2\/wp-json\/wp\/v2\/product\/166","targetHints":{"allow":["GET"]}}],"collection":[{"href":"https:\/\/glutenouy.com\/g7o2\/wp-json\/wp\/v2\/product"}],"about":[{"href":"https:\/\/glutenouy.com\/g7o2\/wp-json\/wp\/v2\/types\/product"}],"replies":[{"embeddable":true,"href":"https:\/\/glutenouy.com\/g7o2\/wp-json\/wp\/v2\/comments?post=166"}],"version-history":[{"count":3,"href":"https:\/\/glutenouy.com\/g7o2\/wp-json\/wp\/v2\/product\/166\/revisions"}],"predecessor-version":[{"id":1770,"href":"https:\/\/glutenouy.com\/g7o2\/wp-json\/wp\/v2\/product\/166\/revisions\/1770"}],"wp:featuredmedia":[{"embeddable":true,"href":"https:\/\/glutenouy.com\/g7o2\/wp-json\/wp\/v2\/media\/877"}],"wp:attachment":[{"href":"https:\/\/glutenouy.com\/g7o2\/wp-json\/wp\/v2\/media?parent=166"}],"wp:term":[{"taxonomy":"product_brand","embeddable":true,"href":"https:\/\/glutenouy.com\/g7o2\/wp-json\/wp\/v2\/product_brand?post=166"},{"taxonomy":"product_cat","embeddable":true,"href":"https:\/\/glutenouy.com\/g7o2\/wp-json\/wp\/v2\/product_cat?post=166"},{"taxonomy":"product_tag","embeddable":true,"href":"https:\/\/glutenouy.com\/g7o2\/wp-json\/wp\/v2\/product_tag?post=166"}],"curies":[{"name":"wp","href":"https:\/\/api.w.org\/{rel}","templated":true}]}}