{"id":167,"date":"2020-11-06T17:03:51","date_gmt":"2020-11-06T20:03:51","guid":{"rendered":"https:\/\/glutenouy.com\/g7o2\/?post_type=product&#038;p=167"},"modified":"2025-02-03T12:02:45","modified_gmt":"2025-02-03T15:02:45","slug":"galletas-saladas-con-sesamo-lino-o-chia-150-g","status":"publish","type":"product","link":"https:\/\/glutenouy.com\/g7o2\/producto\/galletas-saladas-con-sesamo-lino-o-chia-150-g\/","title":{"rendered":"Galletas Saladas con semillas 150 g"},"content":{"rendered":"<p>Ingredientes: Harina de arroz, almid\u00f3n de ma\u00edz, leche en polvo descremada, polvo de hornear, huevos, goma xantica, aceite alto oleico, semillas de ch\u00eda y lino.<\/p>\n<p>COMPOSICI\u00d3N NUTRICIONAL por 30 g:<\/p>\n<table style=\"height: 91px;\" width=\"135\">\n<tbody>\n<tr>\n<td width=\"122\"><\/td>\n<td width=\"113\">Calor\u00edas &#8211; 115<\/td>\n<td width=\"173\">H. de Carbono &#8211; 18<\/td>\n<td width=\"97\">Prote\u00ednas &#8211; 2.8<\/td>\n<td width=\"137\">Grasas &#8211; 3.8<\/td>\n<\/tr>\n<tr>\n<td width=\"122\"><\/td>\n<td>Na &#8211; 45<\/td>\n<td width=\"173\">Fibra &#8211; 0.6<\/td>\n<td>Grasas saturadas &#8211; 0.6<\/td>\n<td width=\"137\"><\/td>\n<\/tr>\n<\/tbody>\n<\/table>\n","protected":false},"excerpt":{"rendered":"<p>Ingredientes: Harina de arroz, almid\u00f3n de ma\u00edz, leche en polvo descremada, polvo de hornear, huevos, goma xantica, aceite alto oleico, semillas de ch\u00eda y lino. COMPOSICI\u00d3N NUTRICIONAL por 30 g: Calor\u00edas &#8211; 115 H. de Carbono &#8211; 18 Prote\u00ednas &#8211;&#8230; <\/p>\n<div class=\"readmore-section\"><a class=\"readmore-btn\" href=\"https:\/\/glutenouy.com\/g7o2\/producto\/galletas-saladas-con-sesamo-lino-o-chia-150-g\/\">Seguir leyendo <i class=\"fa fa-arrow-right\"><\/i><\/a><\/div>\n","protected":false},"featured_media":1184,"comment_status":"open","ping_status":"closed","template":"","meta":[],"product_brand":[],"product_cat":[31],"product_tag":[],"class_list":{"0":"post-167","1":"product","2":"type-product","3":"status-publish","4":"has-post-thumbnail","6":"product_cat-galletas-saladas","8":"first","9":"instock","10":"taxable","11":"shipping-taxable","12":"purchasable","13":"product-type-simple"},"jetpack_sharing_enabled":true,"_links":{"self":[{"href":"https:\/\/glutenouy.com\/g7o2\/wp-json\/wp\/v2\/product\/167","targetHints":{"allow":["GET"]}}],"collection":[{"href":"https:\/\/glutenouy.com\/g7o2\/wp-json\/wp\/v2\/product"}],"about":[{"href":"https:\/\/glutenouy.com\/g7o2\/wp-json\/wp\/v2\/types\/product"}],"replies":[{"embeddable":true,"href":"https:\/\/glutenouy.com\/g7o2\/wp-json\/wp\/v2\/comments?post=167"}],"version-history":[{"count":4,"href":"https:\/\/glutenouy.com\/g7o2\/wp-json\/wp\/v2\/product\/167\/revisions"}],"predecessor-version":[{"id":3643,"href":"https:\/\/glutenouy.com\/g7o2\/wp-json\/wp\/v2\/product\/167\/revisions\/3643"}],"wp:featuredmedia":[{"embeddable":true,"href":"https:\/\/glutenouy.com\/g7o2\/wp-json\/wp\/v2\/media\/1184"}],"wp:attachment":[{"href":"https:\/\/glutenouy.com\/g7o2\/wp-json\/wp\/v2\/media?parent=167"}],"wp:term":[{"taxonomy":"product_brand","embeddable":true,"href":"https:\/\/glutenouy.com\/g7o2\/wp-json\/wp\/v2\/product_brand?post=167"},{"taxonomy":"product_cat","embeddable":true,"href":"https:\/\/glutenouy.com\/g7o2\/wp-json\/wp\/v2\/product_cat?post=167"},{"taxonomy":"product_tag","embeddable":true,"href":"https:\/\/glutenouy.com\/g7o2\/wp-json\/wp\/v2\/product_tag?post=167"}],"curies":[{"name":"wp","href":"https:\/\/api.w.org\/{rel}","templated":true}]}}