{"id":170,"date":"2020-11-06T17:07:18","date_gmt":"2020-11-06T20:07:18","guid":{"rendered":"https:\/\/glutenouy.com\/g7o2\/?post_type=product&#038;p=170"},"modified":"2025-02-03T12:17:25","modified_gmt":"2025-02-03T15:17:25","slug":"palitos-de-queso-parmesano-x-150-g","status":"publish","type":"product","link":"https:\/\/glutenouy.com\/g7o2\/producto\/palitos-de-queso-parmesano-x-150-g\/","title":{"rendered":"Palitos de queso parmesano x 150 g"},"content":{"rendered":"<p>Ingredientes: Harina de arroz, almid\u00f3n de ma\u00edz, leche en polvo descremada, polvo de hornear, huevos, goma xantica, aceite alto oleico, queso parmesano.<\/p>\n<p>COMPOSICI\u00d3N NUTRICIONAL por 30 g:<\/p>\n<table style=\"height: 85px;\" width=\"93\">\n<tbody>\n<tr>\n<td width=\"122\"><\/td>\n<td width=\"113\">Calor\u00edas &#8211; 108<\/td>\n<td width=\"173\">H. de Carbono &#8211; 17<\/td>\n<td width=\"97\">Prote\u00ednas &#8211; 3<\/td>\n<td width=\"137\">Grasas &#8211; 2.5<\/td>\n<\/tr>\n<tr>\n<td width=\"122\"><\/td>\n<td>Na &#8211; 61<\/td>\n<td width=\"173\">Fibra &#8211; 0.2<\/td>\n<td>Grasas saturadas &#8211; 0.8<\/td>\n<td width=\"137\"><\/td>\n<\/tr>\n<\/tbody>\n<\/table>\n","protected":false},"excerpt":{"rendered":"<p>Ingredientes: Harina de arroz, almid\u00f3n de ma\u00edz, leche en polvo descremada, polvo de hornear, huevos, goma xantica, aceite alto oleico, queso parmesano. COMPOSICI\u00d3N NUTRICIONAL por 30 g: Calor\u00edas &#8211; 108 H. de Carbono &#8211; 17 Prote\u00ednas &#8211; 3 Grasas &#8211;&#8230; <\/p>\n<div class=\"readmore-section\"><a class=\"readmore-btn\" href=\"https:\/\/glutenouy.com\/g7o2\/producto\/palitos-de-queso-parmesano-x-150-g\/\">Seguir leyendo <i class=\"fa fa-arrow-right\"><\/i><\/a><\/div>\n","protected":false},"featured_media":526,"comment_status":"open","ping_status":"closed","template":"","meta":[],"product_brand":[],"product_cat":[17,58,31],"product_tag":[],"class_list":{"0":"post-170","1":"product","2":"type-product","3":"status-publish","4":"has-post-thumbnail","6":"product_cat-productos","7":"product_cat-meriendas-para-el-cole","8":"product_cat-galletas-saladas","10":"first","11":"instock","12":"taxable","13":"shipping-taxable","14":"purchasable","15":"product-type-simple"},"jetpack_sharing_enabled":true,"_links":{"self":[{"href":"https:\/\/glutenouy.com\/g7o2\/wp-json\/wp\/v2\/product\/170","targetHints":{"allow":["GET"]}}],"collection":[{"href":"https:\/\/glutenouy.com\/g7o2\/wp-json\/wp\/v2\/product"}],"about":[{"href":"https:\/\/glutenouy.com\/g7o2\/wp-json\/wp\/v2\/types\/product"}],"replies":[{"embeddable":true,"href":"https:\/\/glutenouy.com\/g7o2\/wp-json\/wp\/v2\/comments?post=170"}],"version-history":[{"count":3,"href":"https:\/\/glutenouy.com\/g7o2\/wp-json\/wp\/v2\/product\/170\/revisions"}],"predecessor-version":[{"id":1768,"href":"https:\/\/glutenouy.com\/g7o2\/wp-json\/wp\/v2\/product\/170\/revisions\/1768"}],"wp:featuredmedia":[{"embeddable":true,"href":"https:\/\/glutenouy.com\/g7o2\/wp-json\/wp\/v2\/media\/526"}],"wp:attachment":[{"href":"https:\/\/glutenouy.com\/g7o2\/wp-json\/wp\/v2\/media?parent=170"}],"wp:term":[{"taxonomy":"product_brand","embeddable":true,"href":"https:\/\/glutenouy.com\/g7o2\/wp-json\/wp\/v2\/product_brand?post=170"},{"taxonomy":"product_cat","embeddable":true,"href":"https:\/\/glutenouy.com\/g7o2\/wp-json\/wp\/v2\/product_cat?post=170"},{"taxonomy":"product_tag","embeddable":true,"href":"https:\/\/glutenouy.com\/g7o2\/wp-json\/wp\/v2\/product_tag?post=170"}],"curies":[{"name":"wp","href":"https:\/\/api.w.org\/{rel}","templated":true}]}}