{"id":172,"date":"2020-11-06T17:09:44","date_gmt":"2020-11-06T20:09:44","guid":{"rendered":"https:\/\/glutenouy.com\/g7o2\/?post_type=product&#038;p=172"},"modified":"2026-02-03T13:14:50","modified_gmt":"2026-02-03T16:14:50","slug":"galletas-banadas-c-chocolate-150-g-sin-azucar","status":"publish","type":"product","link":"https:\/\/glutenouy.com\/g7o2\/producto\/galletas-banadas-c-chocolate-150-g-sin-azucar\/","title":{"rendered":"Galletas de Naranja Ba\u00f1adas c\/Chocolate 150 g (Sin Az\u00facar)"},"content":{"rendered":"<p>Ingredientes: Almid\u00f3n de ma\u00edz, harina de arroz, leche en polvo descremada, polvo de hornear, sucralosa, vainilla, margarina Qually Light, huevos, ralladura de naranja y cobertura amarga.<\/p>\n<p>&nbsp;<\/p>\n<p>&nbsp;<\/p>\n<p>COMPOSICI\u00d3N NUTRICIONAL x 30 g:<\/p>\n<table style=\"height: 170px;\" width=\"86\">\n<tbody>\n<tr>\n<td width=\"192\"><\/td>\n<td width=\"44\">Calor\u00edas<\/p>\n<p>104<\/td>\n<td width=\"84\">H. de Carbono<\/p>\n<p>16<\/td>\n<td width=\"57\">Prote\u00ednas<\/p>\n<p>1.7<\/td>\n<td colspan=\"2\" width=\"150\">Grasas<\/p>\n<p>4<\/td>\n<\/tr>\n<tr>\n<td width=\"192\"><\/td>\n<td width=\"44\">Na<\/p>\n<p>57<\/td>\n<td width=\"84\">Col<\/p>\n<p>0<\/td>\n<td colspan=\"2\" width=\"65\">Fibra<\/p>\n<p>1<\/td>\n<td width=\"143\">Grasas saturadas<\/p>\n<p>0<\/td>\n<\/tr>\n<\/tbody>\n<\/table>\n","protected":false},"excerpt":{"rendered":"<p>Ingredientes: Almid\u00f3n de ma\u00edz, harina de arroz, leche en polvo descremada, polvo de hornear, sucralosa, vainilla, margarina Qually Light, huevos, ralladura de naranja y cobertura amarga. &nbsp; &nbsp; COMPOSICI\u00d3N NUTRICIONAL x 30 g: Calor\u00edas 104 H. de Carbono 16 Prote\u00ednas&#8230; <\/p>\n<div class=\"readmore-section\"><a class=\"readmore-btn\" href=\"https:\/\/glutenouy.com\/g7o2\/producto\/galletas-banadas-c-chocolate-150-g-sin-azucar\/\">Seguir leyendo <i class=\"fa fa-arrow-right\"><\/i><\/a><\/div>\n","protected":false},"featured_media":2501,"comment_status":"open","ping_status":"closed","template":"","meta":[],"product_brand":[],"product_cat":[17,30,58],"product_tag":[],"class_list":{"0":"post-172","1":"product","2":"type-product","3":"status-publish","4":"has-post-thumbnail","6":"product_cat-productos","7":"product_cat-galletitas-light-sin-azucar","8":"product_cat-meriendas-para-el-cole","10":"first","11":"instock","12":"taxable","13":"shipping-taxable","14":"purchasable","15":"product-type-simple"},"jetpack_sharing_enabled":true,"_links":{"self":[{"href":"https:\/\/glutenouy.com\/g7o2\/wp-json\/wp\/v2\/product\/172","targetHints":{"allow":["GET"]}}],"collection":[{"href":"https:\/\/glutenouy.com\/g7o2\/wp-json\/wp\/v2\/product"}],"about":[{"href":"https:\/\/glutenouy.com\/g7o2\/wp-json\/wp\/v2\/types\/product"}],"replies":[{"embeddable":true,"href":"https:\/\/glutenouy.com\/g7o2\/wp-json\/wp\/v2\/comments?post=172"}],"version-history":[{"count":3,"href":"https:\/\/glutenouy.com\/g7o2\/wp-json\/wp\/v2\/product\/172\/revisions"}],"predecessor-version":[{"id":2731,"href":"https:\/\/glutenouy.com\/g7o2\/wp-json\/wp\/v2\/product\/172\/revisions\/2731"}],"wp:featuredmedia":[{"embeddable":true,"href":"https:\/\/glutenouy.com\/g7o2\/wp-json\/wp\/v2\/media\/2501"}],"wp:attachment":[{"href":"https:\/\/glutenouy.com\/g7o2\/wp-json\/wp\/v2\/media?parent=172"}],"wp:term":[{"taxonomy":"product_brand","embeddable":true,"href":"https:\/\/glutenouy.com\/g7o2\/wp-json\/wp\/v2\/product_brand?post=172"},{"taxonomy":"product_cat","embeddable":true,"href":"https:\/\/glutenouy.com\/g7o2\/wp-json\/wp\/v2\/product_cat?post=172"},{"taxonomy":"product_tag","embeddable":true,"href":"https:\/\/glutenouy.com\/g7o2\/wp-json\/wp\/v2\/product_tag?post=172"}],"curies":[{"name":"wp","href":"https:\/\/api.w.org\/{rel}","templated":true}]}}