{"id":179,"date":"2020-11-06T17:19:06","date_gmt":"2020-11-06T20:19:06","guid":{"rendered":"https:\/\/glutenouy.com\/g7o2\/?post_type=product&#038;p=179"},"modified":"2026-02-03T13:13:00","modified_gmt":"2026-02-03T16:13:00","slug":"galletas-de-limon-150-g","status":"publish","type":"product","link":"https:\/\/glutenouy.com\/g7o2\/producto\/galletas-de-limon-150-g\/","title":{"rendered":"Galletas de Lim\u00f3n 150 g"},"content":{"rendered":"<p>Ingredientes:<\/p>\n<p>F\u00e9cula de ma\u00edz, harina de arroz, margarina light, aceite, ralladura de naranja, huevo, az\u00facar, polvo de hornear, vainilla (sabores: nueces, glaseadas, vainilla, lim\u00f3n, naranja, coco, pepitos de chocolate, ba\u00f1ada de cobertura, ba\u00f1ada glas\u00e9).<\/p>\n<p>COMPOSICI\u00d3N NUTRICIONAL:<\/p>\n<table style=\"height: 110px;\" width=\"40\">\n<tbody>\n<tr>\n<td width=\"113\">Calor\u00edas &#8211; 595<\/td>\n<td width=\"173\">H. de Carbono &#8211; 92<\/td>\n<td width=\"97\">Prote\u00ednas &#8211; 4.7<\/td>\n<td width=\"137\">Grasas &#8211; 23<\/td>\n<\/tr>\n<tr>\n<td>Na &#8211; 213<\/td>\n<td>Fibra &#8211; 1<\/td>\n<td width=\"97\">Grasas saturadas &#8211; 6<\/td>\n<td><\/td>\n<\/tr>\n<\/tbody>\n<\/table>\n","protected":false},"excerpt":{"rendered":"<p>Ingredientes: F\u00e9cula de ma\u00edz, harina de arroz, margarina light, aceite, ralladura de naranja, huevo, az\u00facar, polvo de hornear, vainilla (sabores: nueces, glaseadas, vainilla, lim\u00f3n, naranja, coco, pepitos de chocolate, ba\u00f1ada de cobertura, ba\u00f1ada glas\u00e9). COMPOSICI\u00d3N NUTRICIONAL: Calor\u00edas &#8211; 595 H&#8230;. <\/p>\n<div class=\"readmore-section\"><a class=\"readmore-btn\" href=\"https:\/\/glutenouy.com\/g7o2\/producto\/galletas-de-limon-150-g\/\">Seguir leyendo <i class=\"fa fa-arrow-right\"><\/i><\/a><\/div>\n","protected":false},"featured_media":2506,"comment_status":"open","ping_status":"closed","template":"","meta":[],"product_brand":[],"product_cat":[17,29,58],"product_tag":[],"class_list":{"0":"post-179","1":"product","2":"type-product","3":"status-publish","4":"has-post-thumbnail","6":"product_cat-productos","7":"product_cat-galletitas-dulces","8":"product_cat-meriendas-para-el-cole","10":"first","11":"instock","12":"taxable","13":"shipping-taxable","14":"purchasable","15":"product-type-simple"},"jetpack_sharing_enabled":true,"_links":{"self":[{"href":"https:\/\/glutenouy.com\/g7o2\/wp-json\/wp\/v2\/product\/179","targetHints":{"allow":["GET"]}}],"collection":[{"href":"https:\/\/glutenouy.com\/g7o2\/wp-json\/wp\/v2\/product"}],"about":[{"href":"https:\/\/glutenouy.com\/g7o2\/wp-json\/wp\/v2\/types\/product"}],"replies":[{"embeddable":true,"href":"https:\/\/glutenouy.com\/g7o2\/wp-json\/wp\/v2\/comments?post=179"}],"version-history":[{"count":1,"href":"https:\/\/glutenouy.com\/g7o2\/wp-json\/wp\/v2\/product\/179\/revisions"}],"predecessor-version":[{"id":1835,"href":"https:\/\/glutenouy.com\/g7o2\/wp-json\/wp\/v2\/product\/179\/revisions\/1835"}],"wp:featuredmedia":[{"embeddable":true,"href":"https:\/\/glutenouy.com\/g7o2\/wp-json\/wp\/v2\/media\/2506"}],"wp:attachment":[{"href":"https:\/\/glutenouy.com\/g7o2\/wp-json\/wp\/v2\/media?parent=179"}],"wp:term":[{"taxonomy":"product_brand","embeddable":true,"href":"https:\/\/glutenouy.com\/g7o2\/wp-json\/wp\/v2\/product_brand?post=179"},{"taxonomy":"product_cat","embeddable":true,"href":"https:\/\/glutenouy.com\/g7o2\/wp-json\/wp\/v2\/product_cat?post=179"},{"taxonomy":"product_tag","embeddable":true,"href":"https:\/\/glutenouy.com\/g7o2\/wp-json\/wp\/v2\/product_tag?post=179"}],"curies":[{"name":"wp","href":"https:\/\/api.w.org\/{rel}","templated":true}]}}