{"id":187,"date":"2020-11-06T17:26:49","date_gmt":"2020-11-06T20:26:49","guid":{"rendered":"https:\/\/glutenouy.com\/g7o2\/?post_type=product&#038;p=187"},"modified":"2026-02-03T13:11:56","modified_gmt":"2026-02-03T16:11:56","slug":"galletas-con-glase-de-colores-100-g","status":"publish","type":"product","link":"https:\/\/glutenouy.com\/g7o2\/producto\/galletas-con-glase-de-colores-100-g\/","title":{"rendered":"Galletas con Glase de Colores 150 g"},"content":{"rendered":"<p>Ingredientes: F\u00e9cula de ma\u00edz, harina de arroz, margarina light, aceite, ralladura de naranja, huevo, az\u00facar, polvo de hornear, vainilla, cobertura de chocolate.<\/p>\n<p>&nbsp;<\/p>\n<p>COMPOSICI\u00d3N NUTRICIONAL x 30 g:<\/p>\n<table style=\"height: 228px;\" width=\"172\">\n<tbody>\n<tr>\n<td width=\"192\"><\/td>\n<td width=\"53\">Calor\u00edas<\/p>\n<p>104<\/td>\n<td width=\"74\">H. de Carbono<\/p>\n<p>22<\/td>\n<td width=\"56\">Prote\u00ednas<\/p>\n<p>0.7<\/td>\n<td colspan=\"2\" width=\"151\">Grasas<\/p>\n<p>1.7<\/td>\n<\/tr>\n<tr>\n<td width=\"192\"><\/td>\n<td width=\"53\">Na<\/p>\n<p>28<\/td>\n<td width=\"74\">Col<\/p>\n<p>12<\/td>\n<td colspan=\"2\" width=\"65\">Fibra<\/p>\n<p>0.1<\/td>\n<td width=\"143\">Grasas saturadas<\/p>\n<p>0.1<\/td>\n<\/tr>\n<\/tbody>\n<\/table>\n","protected":false},"excerpt":{"rendered":"<p>Ingredientes: F\u00e9cula de ma\u00edz, harina de arroz, margarina light, aceite, ralladura de naranja, huevo, az\u00facar, polvo de hornear, vainilla, cobertura de chocolate. &nbsp; COMPOSICI\u00d3N NUTRICIONAL x 30 g: Calor\u00edas 104 H. de Carbono 22 Prote\u00ednas 0.7 Grasas 1.7 Na 28&#8230; <\/p>\n<div class=\"readmore-section\"><a class=\"readmore-btn\" href=\"https:\/\/glutenouy.com\/g7o2\/producto\/galletas-con-glase-de-colores-100-g\/\">Seguir leyendo <i class=\"fa fa-arrow-right\"><\/i><\/a><\/div>\n","protected":false},"featured_media":1001,"comment_status":"open","ping_status":"closed","template":"","meta":[],"product_brand":[],"product_cat":[17,29,58],"product_tag":[],"class_list":{"0":"post-187","1":"product","2":"type-product","3":"status-publish","4":"has-post-thumbnail","6":"product_cat-productos","7":"product_cat-galletitas-dulces","8":"product_cat-meriendas-para-el-cole","10":"first","11":"instock","12":"taxable","13":"shipping-taxable","14":"purchasable","15":"product-type-simple"},"jetpack_sharing_enabled":true,"_links":{"self":[{"href":"https:\/\/glutenouy.com\/g7o2\/wp-json\/wp\/v2\/product\/187","targetHints":{"allow":["GET"]}}],"collection":[{"href":"https:\/\/glutenouy.com\/g7o2\/wp-json\/wp\/v2\/product"}],"about":[{"href":"https:\/\/glutenouy.com\/g7o2\/wp-json\/wp\/v2\/types\/product"}],"replies":[{"embeddable":true,"href":"https:\/\/glutenouy.com\/g7o2\/wp-json\/wp\/v2\/comments?post=187"}],"version-history":[{"count":4,"href":"https:\/\/glutenouy.com\/g7o2\/wp-json\/wp\/v2\/product\/187\/revisions"}],"predecessor-version":[{"id":3905,"href":"https:\/\/glutenouy.com\/g7o2\/wp-json\/wp\/v2\/product\/187\/revisions\/3905"}],"wp:featuredmedia":[{"embeddable":true,"href":"https:\/\/glutenouy.com\/g7o2\/wp-json\/wp\/v2\/media\/1001"}],"wp:attachment":[{"href":"https:\/\/glutenouy.com\/g7o2\/wp-json\/wp\/v2\/media?parent=187"}],"wp:term":[{"taxonomy":"product_brand","embeddable":true,"href":"https:\/\/glutenouy.com\/g7o2\/wp-json\/wp\/v2\/product_brand?post=187"},{"taxonomy":"product_cat","embeddable":true,"href":"https:\/\/glutenouy.com\/g7o2\/wp-json\/wp\/v2\/product_cat?post=187"},{"taxonomy":"product_tag","embeddable":true,"href":"https:\/\/glutenouy.com\/g7o2\/wp-json\/wp\/v2\/product_tag?post=187"}],"curies":[{"name":"wp","href":"https:\/\/api.w.org\/{rel}","templated":true}]}}