{"id":197,"date":"2020-11-07T18:36:34","date_gmt":"2020-11-07T21:36:34","guid":{"rendered":"https:\/\/glutenouy.com\/g7o2\/?post_type=product&#038;p=197"},"modified":"2026-02-03T13:00:54","modified_gmt":"2026-02-03T16:00:54","slug":"cuadrado-de-coco-y-dulce-de-leche","status":"publish","type":"product","link":"https:\/\/glutenouy.com\/g7o2\/producto\/cuadrado-de-coco-y-dulce-de-leche\/","title":{"rendered":"Cuadrado de Coco y Dulce de Leche"},"content":{"rendered":"<p>Ingredientes:<\/p>\n<p><span style=\"font-weight: 400;\">Harina de arroz, almid\u00f3n de ma\u00edz, az\u00facar, huevos, aceite de girasol alto oleico, polvo de hornear, vainilla.<\/span><\/p>\n<p><span style=\"font-weight: 400;\">Coco rallado, margarina sin trans, miel, dulce de leche.<\/span><\/p>\n<p><span style=\"font-weight: 400;\">COMPOSICI\u00d3N NUTRICIONAL:<\/span><\/p>\n<table style=\"height: 113px;\" width=\"154\">\n<tbody>\n<tr>\n<td width=\"113\">Calor\u00edas &#8211; 561<\/td>\n<td width=\"173\">H. de Carbono &#8211; 68<\/td>\n<td width=\"97\">Prote\u00ednas &#8211; 10.4<\/td>\n<td width=\"137\">Grasas &#8211; 27.4<\/td>\n<\/tr>\n<tr>\n<td>Na &#8211; 106<\/td>\n<td>Fibra &#8211; 1.3<\/td>\n<td width=\"97\">Grasas saturadas &#8211; 10.6<\/td>\n<td width=\"137\"><\/td>\n<\/tr>\n<\/tbody>\n<\/table>\n","protected":false},"excerpt":{"rendered":"<p>Ingredientes: Harina de arroz, almid\u00f3n de ma\u00edz, az\u00facar, huevos, aceite de girasol alto oleico, polvo de hornear, vainilla. Coco rallado, margarina sin trans, miel, dulce de leche. COMPOSICI\u00d3N NUTRICIONAL: Calor\u00edas &#8211; 561 H. de Carbono &#8211; 68 Prote\u00ednas &#8211; 10.4&#8230; <\/p>\n<div class=\"readmore-section\"><a class=\"readmore-btn\" href=\"https:\/\/glutenouy.com\/g7o2\/producto\/cuadrado-de-coco-y-dulce-de-leche\/\">Seguir leyendo <i class=\"fa fa-arrow-right\"><\/i><\/a><\/div>\n","protected":false},"featured_media":534,"comment_status":"open","ping_status":"closed","template":"","meta":[],"product_brand":[],"product_cat":[27,25],"product_tag":[],"class_list":{"0":"post-197","1":"product","2":"type-product","3":"status-publish","4":"has-post-thumbnail","6":"product_cat-cuadrados-dulces","7":"product_cat-para-el-te","9":"first","10":"instock","11":"taxable","12":"shipping-taxable","13":"purchasable","14":"product-type-simple"},"jetpack_sharing_enabled":true,"_links":{"self":[{"href":"https:\/\/glutenouy.com\/g7o2\/wp-json\/wp\/v2\/product\/197","targetHints":{"allow":["GET"]}}],"collection":[{"href":"https:\/\/glutenouy.com\/g7o2\/wp-json\/wp\/v2\/product"}],"about":[{"href":"https:\/\/glutenouy.com\/g7o2\/wp-json\/wp\/v2\/types\/product"}],"replies":[{"embeddable":true,"href":"https:\/\/glutenouy.com\/g7o2\/wp-json\/wp\/v2\/comments?post=197"}],"version-history":[{"count":2,"href":"https:\/\/glutenouy.com\/g7o2\/wp-json\/wp\/v2\/product\/197\/revisions"}],"predecessor-version":[{"id":1854,"href":"https:\/\/glutenouy.com\/g7o2\/wp-json\/wp\/v2\/product\/197\/revisions\/1854"}],"wp:featuredmedia":[{"embeddable":true,"href":"https:\/\/glutenouy.com\/g7o2\/wp-json\/wp\/v2\/media\/534"}],"wp:attachment":[{"href":"https:\/\/glutenouy.com\/g7o2\/wp-json\/wp\/v2\/media?parent=197"}],"wp:term":[{"taxonomy":"product_brand","embeddable":true,"href":"https:\/\/glutenouy.com\/g7o2\/wp-json\/wp\/v2\/product_brand?post=197"},{"taxonomy":"product_cat","embeddable":true,"href":"https:\/\/glutenouy.com\/g7o2\/wp-json\/wp\/v2\/product_cat?post=197"},{"taxonomy":"product_tag","embeddable":true,"href":"https:\/\/glutenouy.com\/g7o2\/wp-json\/wp\/v2\/product_tag?post=197"}],"curies":[{"name":"wp","href":"https:\/\/api.w.org\/{rel}","templated":true}]}}