{"id":199,"date":"2020-11-07T18:39:40","date_gmt":"2020-11-07T21:39:40","guid":{"rendered":"https:\/\/glutenouy.com\/g7o2\/?post_type=product&#038;p=199"},"modified":"2026-02-03T13:00:34","modified_gmt":"2026-02-03T16:00:34","slug":"cuadrado-de-zanahoria-y-manzana","status":"publish","type":"product","link":"https:\/\/glutenouy.com\/g7o2\/producto\/cuadrado-de-zanahoria-y-manzana\/","title":{"rendered":"Cuadrado de Zanahoria y Manzana"},"content":{"rendered":"<p>Ingredientes:<\/p>\n<p><span style=\"font-weight: 400;\">Harina de arroz, f\u00e9cula de mandioca, almid\u00f3n de ma\u00edz, az\u00facar, zanahoria, manzana verde, huevos, aceite alto oleico, az\u00facar rubio, polvo de hornear, pasas de uva, miel, bicarbonato de sodio, vainilla, pimienta, piment\u00f3n, canela, nuez moscada y jalea de manzana.<\/span><\/p>\n<p><span style=\"font-weight: 400;\">COMPOSICI\u00d3N NUTRICIONAL:<\/span><\/p>\n<table style=\"height: 111px;\" width=\"85\">\n<tbody>\n<tr>\n<td width=\"113\">Calor\u00edas &#8211; 358<\/td>\n<td width=\"173\">H. de Carbono &#8211; 68<\/td>\n<td width=\"97\">Prote\u00ednas &#8211; 5<\/td>\n<td width=\"137\">Grasas &#8211; 7<\/td>\n<\/tr>\n<tr>\n<td>Na &#8211; 28<\/td>\n<td>Col 68<\/td>\n<td>Fibra &#8211; 2.5<\/td>\n<td width=\"137\">Grasas saturadas &#8211; 1<\/td>\n<\/tr>\n<\/tbody>\n<\/table>\n","protected":false},"excerpt":{"rendered":"<p>Ingredientes: Harina de arroz, f\u00e9cula de mandioca, almid\u00f3n de ma\u00edz, az\u00facar, zanahoria, manzana verde, huevos, aceite alto oleico, az\u00facar rubio, polvo de hornear, pasas de uva, miel, bicarbonato de sodio, vainilla, pimienta, piment\u00f3n, canela, nuez moscada y jalea de manzana&#8230;. <\/p>\n<div class=\"readmore-section\"><a class=\"readmore-btn\" href=\"https:\/\/glutenouy.com\/g7o2\/producto\/cuadrado-de-zanahoria-y-manzana\/\">Seguir leyendo <i class=\"fa fa-arrow-right\"><\/i><\/a><\/div>\n","protected":false},"featured_media":1000,"comment_status":"open","ping_status":"closed","template":"","meta":[],"product_brand":[],"product_cat":[17,27,58,25],"product_tag":[],"class_list":{"0":"post-199","1":"product","2":"type-product","3":"status-publish","4":"has-post-thumbnail","6":"product_cat-productos","7":"product_cat-cuadrados-dulces","8":"product_cat-meriendas-para-el-cole","9":"product_cat-para-el-te","11":"first","12":"instock","13":"taxable","14":"shipping-taxable","15":"purchasable","16":"product-type-simple"},"jetpack_sharing_enabled":true,"_links":{"self":[{"href":"https:\/\/glutenouy.com\/g7o2\/wp-json\/wp\/v2\/product\/199","targetHints":{"allow":["GET"]}}],"collection":[{"href":"https:\/\/glutenouy.com\/g7o2\/wp-json\/wp\/v2\/product"}],"about":[{"href":"https:\/\/glutenouy.com\/g7o2\/wp-json\/wp\/v2\/types\/product"}],"replies":[{"embeddable":true,"href":"https:\/\/glutenouy.com\/g7o2\/wp-json\/wp\/v2\/comments?post=199"}],"version-history":[{"count":2,"href":"https:\/\/glutenouy.com\/g7o2\/wp-json\/wp\/v2\/product\/199\/revisions"}],"predecessor-version":[{"id":1849,"href":"https:\/\/glutenouy.com\/g7o2\/wp-json\/wp\/v2\/product\/199\/revisions\/1849"}],"wp:featuredmedia":[{"embeddable":true,"href":"https:\/\/glutenouy.com\/g7o2\/wp-json\/wp\/v2\/media\/1000"}],"wp:attachment":[{"href":"https:\/\/glutenouy.com\/g7o2\/wp-json\/wp\/v2\/media?parent=199"}],"wp:term":[{"taxonomy":"product_brand","embeddable":true,"href":"https:\/\/glutenouy.com\/g7o2\/wp-json\/wp\/v2\/product_brand?post=199"},{"taxonomy":"product_cat","embeddable":true,"href":"https:\/\/glutenouy.com\/g7o2\/wp-json\/wp\/v2\/product_cat?post=199"},{"taxonomy":"product_tag","embeddable":true,"href":"https:\/\/glutenouy.com\/g7o2\/wp-json\/wp\/v2\/product_tag?post=199"}],"curies":[{"name":"wp","href":"https:\/\/api.w.org\/{rel}","templated":true}]}}