{"id":206,"date":"2020-11-07T18:48:35","date_gmt":"2020-11-07T21:48:35","guid":{"rendered":"https:\/\/glutenouy.com\/g7o2\/?post_type=product&#038;p=206"},"modified":"2026-02-03T12:58:56","modified_gmt":"2026-02-03T15:58:56","slug":"cuadrado-quindin-sin-lactosa","status":"publish","type":"product","link":"https:\/\/glutenouy.com\/g7o2\/producto\/cuadrado-quindin-sin-lactosa\/","title":{"rendered":"Cuadrado Quindin (sin lactosa)"},"content":{"rendered":"<p>Ingredientes:<\/p>\n<p><span style=\"font-weight: 400;\">Huevos, az\u00facar, coco rallado, miel, margarina sin trans, vainilla.<\/span><\/p>\n<p><span style=\"font-weight: 400;\">COMPOSICI\u00d3N NUTRICIONAL:<\/span><\/p>\n<table style=\"height: 44px;\" width=\"20\">\n<tbody>\n<tr>\n<td width=\"113\">Calor\u00edas &#8211; 386<\/td>\n<td width=\"173\">H. de Carbono &#8211; 79<\/td>\n<td width=\"97\">Prote\u00ednas &#8211; 3<\/td>\n<td width=\"137\">Grasas &#8211; 6<\/td>\n<\/tr>\n<tr>\n<td>Na &#8211; 67<\/td>\n<td>Fibra &#8211; 0<\/td>\n<td width=\"97\">Grasas saturadas &#8211; 2<\/td>\n<td><\/td>\n<\/tr>\n<\/tbody>\n<\/table>\n","protected":false},"excerpt":{"rendered":"<p>Ingredientes: Huevos, az\u00facar, coco rallado, miel, margarina sin trans, vainilla. COMPOSICI\u00d3N NUTRICIONAL: Calor\u00edas &#8211; 386 H. de Carbono &#8211; 79 Prote\u00ednas &#8211; 3 Grasas &#8211; 6 Na &#8211; 67 Fibra &#8211; 0 Grasas saturadas &#8211; 2<\/p>\n","protected":false},"featured_media":545,"comment_status":"open","ping_status":"closed","template":"","meta":[],"product_brand":[],"product_cat":[17,27,58,25],"product_tag":[],"class_list":{"0":"post-206","1":"product","2":"type-product","3":"status-publish","4":"has-post-thumbnail","6":"product_cat-productos","7":"product_cat-cuadrados-dulces","8":"product_cat-meriendas-para-el-cole","9":"product_cat-para-el-te","11":"first","12":"instock","13":"taxable","14":"shipping-taxable","15":"purchasable","16":"product-type-simple"},"jetpack_sharing_enabled":true,"_links":{"self":[{"href":"https:\/\/glutenouy.com\/g7o2\/wp-json\/wp\/v2\/product\/206","targetHints":{"allow":["GET"]}}],"collection":[{"href":"https:\/\/glutenouy.com\/g7o2\/wp-json\/wp\/v2\/product"}],"about":[{"href":"https:\/\/glutenouy.com\/g7o2\/wp-json\/wp\/v2\/types\/product"}],"replies":[{"embeddable":true,"href":"https:\/\/glutenouy.com\/g7o2\/wp-json\/wp\/v2\/comments?post=206"}],"version-history":[{"count":2,"href":"https:\/\/glutenouy.com\/g7o2\/wp-json\/wp\/v2\/product\/206\/revisions"}],"predecessor-version":[{"id":1859,"href":"https:\/\/glutenouy.com\/g7o2\/wp-json\/wp\/v2\/product\/206\/revisions\/1859"}],"wp:featuredmedia":[{"embeddable":true,"href":"https:\/\/glutenouy.com\/g7o2\/wp-json\/wp\/v2\/media\/545"}],"wp:attachment":[{"href":"https:\/\/glutenouy.com\/g7o2\/wp-json\/wp\/v2\/media?parent=206"}],"wp:term":[{"taxonomy":"product_brand","embeddable":true,"href":"https:\/\/glutenouy.com\/g7o2\/wp-json\/wp\/v2\/product_brand?post=206"},{"taxonomy":"product_cat","embeddable":true,"href":"https:\/\/glutenouy.com\/g7o2\/wp-json\/wp\/v2\/product_cat?post=206"},{"taxonomy":"product_tag","embeddable":true,"href":"https:\/\/glutenouy.com\/g7o2\/wp-json\/wp\/v2\/product_tag?post=206"}],"curies":[{"name":"wp","href":"https:\/\/api.w.org\/{rel}","templated":true}]}}