{"id":208,"date":"2020-11-07T18:53:27","date_gmt":"2020-11-07T21:53:27","guid":{"rendered":"https:\/\/glutenouy.com\/g7o2\/?post_type=product&#038;p=208"},"modified":"2026-02-03T13:18:10","modified_gmt":"2026-02-03T16:18:10","slug":"sandwich-de-jamon-y-queso-x4-unidades","status":"publish","type":"product","link":"https:\/\/glutenouy.com\/g7o2\/producto\/sandwich-de-jamon-y-queso-x4-unidades\/","title":{"rendered":"S\u00e1ndwich de jam\u00f3n y Queso x 4 unidades"},"content":{"rendered":"<p>Ingredientes:<\/p>\n<p><span style=\"font-weight: 400;\">Almid\u00f3n de ma\u00edz, harina de soja integral org\u00e1nica, maltodextrina, goma xantica, aceite de girasol alto oleico, levadura seca, az\u00facar, agua y sal. Queso untable magro ecomel, queso dambo claldy, jam\u00f3n centenario.<\/span><\/p>\n<p><span style=\"font-weight: 400;\">COMPOSICI\u00d3N NUTRICIONAL x 40 g:<\/span><\/p>\n<table style=\"height: 105px;\" width=\"128\">\n<tbody>\n<tr>\n<td width=\"113\">Calor\u00edas &#8211; 85<\/td>\n<td width=\"173\">H. de Carbono &#8211; 9<\/td>\n<td width=\"97\">Prote\u00ednas &#8211; 4.7<\/td>\n<td width=\"137\">Grasas &#8211; 28<\/td>\n<\/tr>\n<tr>\n<td>Na &#8211; 96<\/td>\n<td>Col 12<\/td>\n<td>Fibra &#8211; 0<\/td>\n<td width=\"137\">Grasas saturadas &#8211; 1.4<\/td>\n<\/tr>\n<\/tbody>\n<\/table>\n","protected":false},"excerpt":{"rendered":"<p>Ingredientes: Almid\u00f3n de ma\u00edz, harina de soja integral org\u00e1nica, maltodextrina, goma xantica, aceite de girasol alto oleico, levadura seca, az\u00facar, agua y sal. Queso untable magro ecomel, queso dambo claldy, jam\u00f3n centenario. COMPOSICI\u00d3N NUTRICIONAL x 40 g: Calor\u00edas &#8211; 85&#8230; <\/p>\n<div class=\"readmore-section\"><a class=\"readmore-btn\" href=\"https:\/\/glutenouy.com\/g7o2\/producto\/sandwich-de-jamon-y-queso-x4-unidades\/\">Seguir leyendo <i class=\"fa fa-arrow-right\"><\/i><\/a><\/div>\n","protected":false},"featured_media":2510,"comment_status":"open","ping_status":"closed","template":"","meta":[],"product_brand":[],"product_cat":[17,58,26],"product_tag":[],"class_list":{"0":"post-208","1":"product","2":"type-product","3":"status-publish","4":"has-post-thumbnail","6":"product_cat-productos","7":"product_cat-meriendas-para-el-cole","8":"product_cat-sandwiches","10":"first","11":"instock","12":"taxable","13":"shipping-taxable","14":"purchasable","15":"product-type-simple"},"jetpack_sharing_enabled":true,"_links":{"self":[{"href":"https:\/\/glutenouy.com\/g7o2\/wp-json\/wp\/v2\/product\/208","targetHints":{"allow":["GET"]}}],"collection":[{"href":"https:\/\/glutenouy.com\/g7o2\/wp-json\/wp\/v2\/product"}],"about":[{"href":"https:\/\/glutenouy.com\/g7o2\/wp-json\/wp\/v2\/types\/product"}],"replies":[{"embeddable":true,"href":"https:\/\/glutenouy.com\/g7o2\/wp-json\/wp\/v2\/comments?post=208"}],"version-history":[{"count":3,"href":"https:\/\/glutenouy.com\/g7o2\/wp-json\/wp\/v2\/product\/208\/revisions"}],"predecessor-version":[{"id":1844,"href":"https:\/\/glutenouy.com\/g7o2\/wp-json\/wp\/v2\/product\/208\/revisions\/1844"}],"wp:featuredmedia":[{"embeddable":true,"href":"https:\/\/glutenouy.com\/g7o2\/wp-json\/wp\/v2\/media\/2510"}],"wp:attachment":[{"href":"https:\/\/glutenouy.com\/g7o2\/wp-json\/wp\/v2\/media?parent=208"}],"wp:term":[{"taxonomy":"product_brand","embeddable":true,"href":"https:\/\/glutenouy.com\/g7o2\/wp-json\/wp\/v2\/product_brand?post=208"},{"taxonomy":"product_cat","embeddable":true,"href":"https:\/\/glutenouy.com\/g7o2\/wp-json\/wp\/v2\/product_cat?post=208"},{"taxonomy":"product_tag","embeddable":true,"href":"https:\/\/glutenouy.com\/g7o2\/wp-json\/wp\/v2\/product_tag?post=208"}],"curies":[{"name":"wp","href":"https:\/\/api.w.org\/{rel}","templated":true}]}}