{"id":209,"date":"2020-11-07T18:55:06","date_gmt":"2020-11-07T21:55:06","guid":{"rendered":"https:\/\/glutenouy.com\/g7o2\/?post_type=product&#038;p=209"},"modified":"2026-02-19T12:05:38","modified_gmt":"2026-02-19T15:05:38","slug":"sandwich-c-pan-de-semillas-lomito-y-queso-x-3-unidades","status":"publish","type":"product","link":"https:\/\/glutenouy.com\/g7o2\/producto\/sandwich-c-pan-de-semillas-lomito-y-queso-x-3-unidades\/","title":{"rendered":"S\u00e1ndwich c\/Pan de Semillas, Lomito y Queso x 3 unidades"},"content":{"rendered":"<p>Ingredientes:<\/p>\n<p><span style=\"font-weight: 400;\">Harina de arroz, leche en polvo descremada, huevos, aceite de girasol alto oleico, levadura seca, az\u00facar y sal. Semillas de s\u00e9samo, lino y girasol. Queso untable, dambo y lomito.<\/span><\/p>\n<p><span style=\"font-weight: 400;\">COMPOSICI\u00d3N NUTRICIONAL x 80 g\u00a0<\/span><span style=\"font-weight: 400;\">(1 unidad):<\/span><\/p>\n<table style=\"height: 96px;\" width=\"102\">\n<tbody>\n<tr>\n<td width=\"113\">Calor\u00edas &#8211; 182<\/td>\n<td width=\"173\">H. de Carbono &#8211; 19<\/td>\n<td width=\"97\">Prote\u00ednas &#8211; 11<\/td>\n<td width=\"137\">Grasas &#8211; 7<\/td>\n<\/tr>\n<tr>\n<td>Na &#8211; 193<\/td>\n<td>Col 28<\/td>\n<td>Fibra &#8211; 0.4<\/td>\n<td width=\"137\">Grasas saturadas &#8211; 3<\/td>\n<\/tr>\n<\/tbody>\n<\/table>\n","protected":false},"excerpt":{"rendered":"<p>Ingredientes: Harina de arroz, leche en polvo descremada, huevos, aceite de girasol alto oleico, levadura seca, az\u00facar y sal. Semillas de s\u00e9samo, lino y girasol. Queso untable, dambo y lomito. COMPOSICI\u00d3N NUTRICIONAL x 80 g\u00a0(1 unidad): Calor\u00edas &#8211; 182 H&#8230;. <\/p>\n<div class=\"readmore-section\"><a class=\"readmore-btn\" href=\"https:\/\/glutenouy.com\/g7o2\/producto\/sandwich-c-pan-de-semillas-lomito-y-queso-x-3-unidades\/\">Seguir leyendo <i class=\"fa fa-arrow-right\"><\/i><\/a><\/div>\n","protected":false},"featured_media":1200,"comment_status":"open","ping_status":"closed","template":"","meta":[],"product_brand":[],"product_cat":[17,26],"product_tag":[],"class_list":{"0":"post-209","1":"product","2":"type-product","3":"status-publish","4":"has-post-thumbnail","6":"product_cat-productos","7":"product_cat-sandwiches","9":"first","10":"instock","11":"taxable","12":"shipping-taxable","13":"purchasable","14":"product-type-simple"},"jetpack_sharing_enabled":true,"_links":{"self":[{"href":"https:\/\/glutenouy.com\/g7o2\/wp-json\/wp\/v2\/product\/209","targetHints":{"allow":["GET"]}}],"collection":[{"href":"https:\/\/glutenouy.com\/g7o2\/wp-json\/wp\/v2\/product"}],"about":[{"href":"https:\/\/glutenouy.com\/g7o2\/wp-json\/wp\/v2\/types\/product"}],"replies":[{"embeddable":true,"href":"https:\/\/glutenouy.com\/g7o2\/wp-json\/wp\/v2\/comments?post=209"}],"version-history":[{"count":3,"href":"https:\/\/glutenouy.com\/g7o2\/wp-json\/wp\/v2\/product\/209\/revisions"}],"predecessor-version":[{"id":1840,"href":"https:\/\/glutenouy.com\/g7o2\/wp-json\/wp\/v2\/product\/209\/revisions\/1840"}],"wp:featuredmedia":[{"embeddable":true,"href":"https:\/\/glutenouy.com\/g7o2\/wp-json\/wp\/v2\/media\/1200"}],"wp:attachment":[{"href":"https:\/\/glutenouy.com\/g7o2\/wp-json\/wp\/v2\/media?parent=209"}],"wp:term":[{"taxonomy":"product_brand","embeddable":true,"href":"https:\/\/glutenouy.com\/g7o2\/wp-json\/wp\/v2\/product_brand?post=209"},{"taxonomy":"product_cat","embeddable":true,"href":"https:\/\/glutenouy.com\/g7o2\/wp-json\/wp\/v2\/product_cat?post=209"},{"taxonomy":"product_tag","embeddable":true,"href":"https:\/\/glutenouy.com\/g7o2\/wp-json\/wp\/v2\/product_tag?post=209"}],"curies":[{"name":"wp","href":"https:\/\/api.w.org\/{rel}","templated":true}]}}