{"id":219,"date":"2020-11-09T14:05:08","date_gmt":"2020-11-09T17:05:08","guid":{"rendered":"https:\/\/glutenouy.com\/g7o2\/?post_type=product&#038;p=219"},"modified":"2025-02-03T11:34:59","modified_gmt":"2025-02-03T14:34:59","slug":"coquitos","status":"publish","type":"product","link":"https:\/\/glutenouy.com\/g7o2\/producto\/coquitos\/","title":{"rendered":"Coquitos"},"content":{"rendered":"<p>Ingredientes:<\/p>\n<p><span style=\"font-weight: 400;\">Coco rallado, claras de huevo, az\u00facar, vainilla y miel.<\/span><\/p>\n<p><span style=\"font-weight: 400;\">COMPOSICI\u00d3N NUTRICIONAL:<\/span><\/p>\n<table style=\"height: 44px;\" width=\"20\">\n<tbody>\n<tr>\n<td width=\"113\">Calor\u00edas &#8211; 440<\/td>\n<td width=\"173\">H. de Carbono &#8211; 50<\/td>\n<td width=\"97\">Prote\u00ednas &#8211; 5.1<\/td>\n<td width=\"137\">Grasas &#8211; 24<\/td>\n<\/tr>\n<tr>\n<td>Na &#8211;<span style=\"font-weight: 400;\">40<\/span><\/td>\n<td>Fibra &#8211; 1.4<\/td>\n<td width=\"97\">Grasas saturadas &#8211; 11<\/td>\n<td><\/td>\n<\/tr>\n<\/tbody>\n<\/table>\n","protected":false},"excerpt":{"rendered":"<p>Ingredientes: Coco rallado, claras de huevo, az\u00facar, vainilla y miel. COMPOSICI\u00d3N NUTRICIONAL: Calor\u00edas &#8211; 440 H. de Carbono &#8211; 50 Prote\u00ednas &#8211; 5.1 Grasas &#8211; 24 Na &#8211;40 Fibra &#8211; 1.4 Grasas saturadas &#8211; 11<\/p>\n","protected":false},"featured_media":1228,"comment_status":"open","ping_status":"closed","template":"","meta":[],"product_brand":[],"product_cat":[25],"product_tag":[],"class_list":{"0":"post-219","1":"product","2":"type-product","3":"status-publish","4":"has-post-thumbnail","6":"product_cat-para-el-te","8":"first","9":"instock","10":"taxable","11":"shipping-taxable","12":"purchasable","13":"product-type-simple"},"jetpack_sharing_enabled":true,"_links":{"self":[{"href":"https:\/\/glutenouy.com\/g7o2\/wp-json\/wp\/v2\/product\/219","targetHints":{"allow":["GET"]}}],"collection":[{"href":"https:\/\/glutenouy.com\/g7o2\/wp-json\/wp\/v2\/product"}],"about":[{"href":"https:\/\/glutenouy.com\/g7o2\/wp-json\/wp\/v2\/types\/product"}],"replies":[{"embeddable":true,"href":"https:\/\/glutenouy.com\/g7o2\/wp-json\/wp\/v2\/comments?post=219"}],"version-history":[{"count":2,"href":"https:\/\/glutenouy.com\/g7o2\/wp-json\/wp\/v2\/product\/219\/revisions"}],"predecessor-version":[{"id":1867,"href":"https:\/\/glutenouy.com\/g7o2\/wp-json\/wp\/v2\/product\/219\/revisions\/1867"}],"wp:featuredmedia":[{"embeddable":true,"href":"https:\/\/glutenouy.com\/g7o2\/wp-json\/wp\/v2\/media\/1228"}],"wp:attachment":[{"href":"https:\/\/glutenouy.com\/g7o2\/wp-json\/wp\/v2\/media?parent=219"}],"wp:term":[{"taxonomy":"product_brand","embeddable":true,"href":"https:\/\/glutenouy.com\/g7o2\/wp-json\/wp\/v2\/product_brand?post=219"},{"taxonomy":"product_cat","embeddable":true,"href":"https:\/\/glutenouy.com\/g7o2\/wp-json\/wp\/v2\/product_cat?post=219"},{"taxonomy":"product_tag","embeddable":true,"href":"https:\/\/glutenouy.com\/g7o2\/wp-json\/wp\/v2\/product_tag?post=219"}],"curies":[{"name":"wp","href":"https:\/\/api.w.org\/{rel}","templated":true}]}}