{"id":221,"date":"2020-11-09T14:06:46","date_gmt":"2020-11-09T17:06:46","guid":{"rendered":"https:\/\/glutenouy.com\/g7o2\/?post_type=product&#038;p=221"},"modified":"2025-09-26T09:59:24","modified_gmt":"2025-09-26T12:59:24","slug":"coockies-x-150-g","status":"publish","type":"product","link":"https:\/\/glutenouy.com\/g7o2\/producto\/coockies-x-150-g\/","title":{"rendered":"Coockies x 150 g"},"content":{"rendered":"<p>Ingredientes:<\/p>\n<p><span style=\"font-weight: 400;\">Harina de arroz, almid\u00f3n de ma\u00edz, f\u00e9cula de mandioca, harina de mandioca, leche en polvo descremada, polvo de hornear, az\u00facar rubio, yemas de huevo, aceite de girasol alto oleico, miel, manzana verde, coco rallado, ralladura de lim\u00f3n.<\/span><\/p>\n<p><span style=\"font-weight: 400;\">Sabores: naranja y con mitad de cobertura de chocolate, especias (canela, piment\u00f3n dulce, pimienta, nuez moscada).<\/span><\/p>\n<p><span style=\"font-weight: 400;\">COMPOSICI\u00d3N NUTRICIONAL x 30 g<\/span><\/p>\n<p><span style=\"font-weight: 400;\">Con especias\/naranja con cobertura<\/span><\/p>\n<table style=\"height: 134px;\" width=\"99\">\n<tbody>\n<tr>\n<td width=\"113\">Calor\u00edas &#8211; 104\/120<\/td>\n<td width=\"173\">H. de Carbono &#8211; 15\/17<\/td>\n<td width=\"97\">Prote\u00ednas &#8211; 1.2\/1.3<\/td>\n<td width=\"137\">Grasas &#8211; 4\/5<\/td>\n<\/tr>\n<tr>\n<td>Na &#8211; <span style=\"font-weight: 400;\">3\/3.3<\/span><\/td>\n<td>Fibra &#8211; <span style=\"font-weight: 400;\">0.3\/0.3<\/span><\/td>\n<td>Grasas saturadas &#8211; <span style=\"font-weight: 400;\">3\/3.3<\/span><\/td>\n<td width=\"137\"><\/td>\n<\/tr>\n<\/tbody>\n<\/table>\n","protected":false},"excerpt":{"rendered":"<p>Ingredientes: Harina de arroz, almid\u00f3n de ma\u00edz, f\u00e9cula de mandioca, harina de mandioca, leche en polvo descremada, polvo de hornear, az\u00facar rubio, yemas de huevo, aceite de girasol alto oleico, miel, manzana verde, coco rallado, ralladura de lim\u00f3n. Sabores: naranja&#8230; <\/p>\n<div class=\"readmore-section\"><a class=\"readmore-btn\" href=\"https:\/\/glutenouy.com\/g7o2\/producto\/coockies-x-150-g\/\">Seguir leyendo <i class=\"fa fa-arrow-right\"><\/i><\/a><\/div>\n","protected":false},"featured_media":1104,"comment_status":"open","ping_status":"closed","template":"","meta":[],"product_brand":[],"product_cat":[17],"product_tag":[],"class_list":{"0":"post-221","1":"product","2":"type-product","3":"status-publish","4":"has-post-thumbnail","6":"product_cat-productos","8":"first","9":"outofstock","10":"taxable","11":"shipping-taxable","12":"purchasable","13":"product-type-simple"},"jetpack_sharing_enabled":true,"_links":{"self":[{"href":"https:\/\/glutenouy.com\/g7o2\/wp-json\/wp\/v2\/product\/221","targetHints":{"allow":["GET"]}}],"collection":[{"href":"https:\/\/glutenouy.com\/g7o2\/wp-json\/wp\/v2\/product"}],"about":[{"href":"https:\/\/glutenouy.com\/g7o2\/wp-json\/wp\/v2\/types\/product"}],"replies":[{"embeddable":true,"href":"https:\/\/glutenouy.com\/g7o2\/wp-json\/wp\/v2\/comments?post=221"}],"version-history":[{"count":3,"href":"https:\/\/glutenouy.com\/g7o2\/wp-json\/wp\/v2\/product\/221\/revisions"}],"predecessor-version":[{"id":1853,"href":"https:\/\/glutenouy.com\/g7o2\/wp-json\/wp\/v2\/product\/221\/revisions\/1853"}],"wp:featuredmedia":[{"embeddable":true,"href":"https:\/\/glutenouy.com\/g7o2\/wp-json\/wp\/v2\/media\/1104"}],"wp:attachment":[{"href":"https:\/\/glutenouy.com\/g7o2\/wp-json\/wp\/v2\/media?parent=221"}],"wp:term":[{"taxonomy":"product_brand","embeddable":true,"href":"https:\/\/glutenouy.com\/g7o2\/wp-json\/wp\/v2\/product_brand?post=221"},{"taxonomy":"product_cat","embeddable":true,"href":"https:\/\/glutenouy.com\/g7o2\/wp-json\/wp\/v2\/product_cat?post=221"},{"taxonomy":"product_tag","embeddable":true,"href":"https:\/\/glutenouy.com\/g7o2\/wp-json\/wp\/v2\/product_tag?post=221"}],"curies":[{"name":"wp","href":"https:\/\/api.w.org\/{rel}","templated":true}]}}