{"id":222,"date":"2020-11-09T14:07:39","date_gmt":"2020-11-09T17:07:39","guid":{"rendered":"https:\/\/glutenouy.com\/g7o2\/?post_type=product&#038;p=222"},"modified":"2022-09-05T12:58:47","modified_gmt":"2022-09-05T15:58:47","slug":"merenguitos","status":"publish","type":"product","link":"https:\/\/glutenouy.com\/g7o2\/producto\/merenguitos\/","title":{"rendered":"Merenguitos"},"content":{"rendered":"<p>Ingredientes:<\/p>\n<p><span style=\"font-weight: 400;\">Claras de huevo, az\u00facar, az\u00facar impalpable.<\/span><\/p>\n<p><span style=\"font-weight: 400;\">COMPOSICI\u00d3N NUTRICIONAL:<\/span><\/p>\n<table style=\"height: 44px;\" width=\"20\">\n<tbody>\n<tr>\n<td width=\"113\">Calor\u00edas &#8211; 287<\/td>\n<td width=\"173\">H. de Carbono &#8211; 68<\/td>\n<td width=\"97\">Prote\u00ednas &#8211; 4<\/td>\n<td width=\"137\">Grasas &#8211; 0<\/td>\n<\/tr>\n<tr>\n<td>Na &#8211;<span style=\"font-weight: 400;\">60<\/span><\/td>\n<td>Fibra &#8211; 0<\/td>\n<td width=\"97\">Grasas saturadas &#8211; 0<\/td>\n<td><\/td>\n<\/tr>\n<\/tbody>\n<\/table>\n","protected":false},"excerpt":{"rendered":"<p>Ingredientes: Claras de huevo, az\u00facar, az\u00facar impalpable. COMPOSICI\u00d3N NUTRICIONAL: Calor\u00edas &#8211; 287 H. de Carbono &#8211; 68 Prote\u00ednas &#8211; 4 Grasas &#8211; 0 Na &#8211;60 Fibra &#8211; 0 Grasas saturadas &#8211; 0<\/p>\n","protected":false},"featured_media":1361,"comment_status":"open","ping_status":"closed","template":"","meta":[],"product_brand":[],"product_cat":[25],"product_tag":[],"class_list":{"0":"post-222","1":"product","2":"type-product","3":"status-publish","4":"has-post-thumbnail","6":"product_cat-para-el-te","8":"first","9":"instock","10":"taxable","11":"shipping-taxable","12":"purchasable","13":"product-type-simple"},"jetpack_sharing_enabled":true,"_links":{"self":[{"href":"https:\/\/glutenouy.com\/g7o2\/wp-json\/wp\/v2\/product\/222","targetHints":{"allow":["GET"]}}],"collection":[{"href":"https:\/\/glutenouy.com\/g7o2\/wp-json\/wp\/v2\/product"}],"about":[{"href":"https:\/\/glutenouy.com\/g7o2\/wp-json\/wp\/v2\/types\/product"}],"replies":[{"embeddable":true,"href":"https:\/\/glutenouy.com\/g7o2\/wp-json\/wp\/v2\/comments?post=222"}],"version-history":[{"count":2,"href":"https:\/\/glutenouy.com\/g7o2\/wp-json\/wp\/v2\/product\/222\/revisions"}],"predecessor-version":[{"id":1868,"href":"https:\/\/glutenouy.com\/g7o2\/wp-json\/wp\/v2\/product\/222\/revisions\/1868"}],"wp:featuredmedia":[{"embeddable":true,"href":"https:\/\/glutenouy.com\/g7o2\/wp-json\/wp\/v2\/media\/1361"}],"wp:attachment":[{"href":"https:\/\/glutenouy.com\/g7o2\/wp-json\/wp\/v2\/media?parent=222"}],"wp:term":[{"taxonomy":"product_brand","embeddable":true,"href":"https:\/\/glutenouy.com\/g7o2\/wp-json\/wp\/v2\/product_brand?post=222"},{"taxonomy":"product_cat","embeddable":true,"href":"https:\/\/glutenouy.com\/g7o2\/wp-json\/wp\/v2\/product_cat?post=222"},{"taxonomy":"product_tag","embeddable":true,"href":"https:\/\/glutenouy.com\/g7o2\/wp-json\/wp\/v2\/product_tag?post=222"}],"curies":[{"name":"wp","href":"https:\/\/api.w.org\/{rel}","templated":true}]}}