{"id":226,"date":"2020-11-09T14:11:13","date_gmt":"2020-11-09T17:11:13","guid":{"rendered":"https:\/\/glutenouy.com\/g7o2\/?post_type=product&#038;p=226"},"modified":"2025-05-17T09:21:12","modified_gmt":"2025-05-17T12:21:12","slug":"palitos-banados","status":"publish","type":"product","link":"https:\/\/glutenouy.com\/g7o2\/producto\/palitos-banados\/","title":{"rendered":"Palitos Ba\u00f1ados 200 g"},"content":{"rendered":"<p>Ingredientes:<\/p>\n<p>Almid\u00f3n de ma\u00edz, harina de arroz, leche en polvo descremada, az\u00facar, huevos, polvo de hornear, aceite alto oleico, margarina light sin trans y vainilla, cobertura negra.<\/p>\n<p>COMPOSICI\u00d3N NUTRICIONAL:<\/p>\n<table style=\"height: 54px;\" width=\"160\">\n<tbody>\n<tr>\n<td width=\"122\"><\/td>\n<td width=\"113\">Calor\u00edas &#8211; 388<\/td>\n<td width=\"173\">H. de Carbono &#8211; 61<\/td>\n<td width=\"97\">Prote\u00ednas &#8211; 5<\/td>\n<td width=\"137\">Grasas &#8211; 14<\/td>\n<\/tr>\n<tr>\n<td width=\"122\"><\/td>\n<td width=\"113\">Na\u00a0 &#8211; 176<\/td>\n<td width=\"173\">Fibra &#8211; 0.6<\/td>\n<td width=\"97\">Grasas saturadas &#8211; 7<\/td>\n<td width=\"137\">Col &#8211; 54<\/td>\n<\/tr>\n<\/tbody>\n<\/table>\n","protected":false},"excerpt":{"rendered":"<p>Ingredientes: Almid\u00f3n de ma\u00edz, harina de arroz, leche en polvo descremada, az\u00facar, huevos, polvo de hornear, aceite alto oleico, margarina light sin trans y vainilla, cobertura negra. COMPOSICI\u00d3N NUTRICIONAL: Calor\u00edas &#8211; 388 H. de Carbono &#8211; 61 Prote\u00ednas &#8211; 5&#8230; <\/p>\n<div class=\"readmore-section\"><a class=\"readmore-btn\" href=\"https:\/\/glutenouy.com\/g7o2\/producto\/palitos-banados\/\">Seguir leyendo <i class=\"fa fa-arrow-right\"><\/i><\/a><\/div>\n","protected":false},"featured_media":556,"comment_status":"open","ping_status":"closed","template":"","meta":[],"product_brand":[],"product_cat":[25],"product_tag":[],"class_list":{"0":"post-226","1":"product","2":"type-product","3":"status-publish","4":"has-post-thumbnail","6":"product_cat-para-el-te","8":"first","9":"instock","10":"taxable","11":"shipping-taxable","12":"purchasable","13":"product-type-simple"},"jetpack_sharing_enabled":true,"_links":{"self":[{"href":"https:\/\/glutenouy.com\/g7o2\/wp-json\/wp\/v2\/product\/226","targetHints":{"allow":["GET"]}}],"collection":[{"href":"https:\/\/glutenouy.com\/g7o2\/wp-json\/wp\/v2\/product"}],"about":[{"href":"https:\/\/glutenouy.com\/g7o2\/wp-json\/wp\/v2\/types\/product"}],"replies":[{"embeddable":true,"href":"https:\/\/glutenouy.com\/g7o2\/wp-json\/wp\/v2\/comments?post=226"}],"version-history":[{"count":4,"href":"https:\/\/glutenouy.com\/g7o2\/wp-json\/wp\/v2\/product\/226\/revisions"}],"predecessor-version":[{"id":3646,"href":"https:\/\/glutenouy.com\/g7o2\/wp-json\/wp\/v2\/product\/226\/revisions\/3646"}],"wp:featuredmedia":[{"embeddable":true,"href":"https:\/\/glutenouy.com\/g7o2\/wp-json\/wp\/v2\/media\/556"}],"wp:attachment":[{"href":"https:\/\/glutenouy.com\/g7o2\/wp-json\/wp\/v2\/media?parent=226"}],"wp:term":[{"taxonomy":"product_brand","embeddable":true,"href":"https:\/\/glutenouy.com\/g7o2\/wp-json\/wp\/v2\/product_brand?post=226"},{"taxonomy":"product_cat","embeddable":true,"href":"https:\/\/glutenouy.com\/g7o2\/wp-json\/wp\/v2\/product_cat?post=226"},{"taxonomy":"product_tag","embeddable":true,"href":"https:\/\/glutenouy.com\/g7o2\/wp-json\/wp\/v2\/product_tag?post=226"}],"curies":[{"name":"wp","href":"https:\/\/api.w.org\/{rel}","templated":true}]}}