{"id":266,"date":"2020-11-18T17:19:14","date_gmt":"2020-11-18T20:19:14","guid":{"rendered":"https:\/\/glutenouy.com\/g7o2\/?post_type=product&#038;p=266"},"modified":"2026-02-03T10:05:27","modified_gmt":"2026-02-03T13:05:27","slug":"pan-de-sandwich-800-g","status":"publish","type":"product","link":"https:\/\/glutenouy.com\/g7o2\/producto\/pan-de-sandwich-800-g\/","title":{"rendered":"Pan de s\u00e1ndwich grande(800 g)"},"content":{"rendered":"<p>Sin lactosa &#8211; sin huevo &#8211;\u00a0sin gluten &#8211;\u00a0sin grasas trans.<\/p>\n<p>Ingredientes: Almid\u00f3n de ma\u00edz, harina de soja integral org\u00e1nica, maltodextrina, goma xantica, aceite de girasol alto oleico, levadura seca, az\u00facar, agua y sal<\/p>\n<p>Valor nutricional:<\/p>\n<p>Porci\u00f3n: 50g &#8211; 2 rebanadas<\/p>\n<table style=\"height: 209px;\" width=\"355\">\n<tbody>\n<tr>\n<td width=\"106\"><\/td>\n<td width=\"138\">Cantidad por porci\u00f3n<\/td>\n<td width=\"64\">%VD<\/td>\n<\/tr>\n<tr>\n<td>Valor eneg\u00e9tico<\/td>\n<td>112 kcal<\/td>\n<td>6<\/td>\n<\/tr>\n<tr>\n<td>Carbohidratos<\/td>\n<td>24g<\/td>\n<td>8<\/td>\n<\/tr>\n<tr>\n<td>Prote\u00ednas<\/td>\n<td>1.4g<\/td>\n<td>2<\/td>\n<\/tr>\n<tr>\n<td>Grasas totales<\/td>\n<td>1.0g<\/td>\n<td>2<\/td>\n<\/tr>\n<tr>\n<td>Sodio<\/td>\n<td>136 mg<\/td>\n<td>6<\/td>\n<\/tr>\n<\/tbody>\n<\/table>\n<p>No aporta cantidades significativas de grasas trans, grasas saturadas y fibra alimentaria.<\/p>\n","protected":false},"excerpt":{"rendered":"<p>Pan de s\u00e1ndwich (800 g)<\/p>\n","protected":false},"featured_media":971,"comment_status":"open","ping_status":"closed","template":"","meta":[],"product_brand":[],"product_cat":[23,55],"product_tag":[],"class_list":{"0":"post-266","1":"product","2":"type-product","3":"status-publish","4":"has-post-thumbnail","6":"product_cat-panificados","7":"product_cat-veggie","9":"first","10":"instock","11":"taxable","12":"shipping-taxable","13":"purchasable","14":"product-type-simple"},"jetpack_sharing_enabled":true,"_links":{"self":[{"href":"https:\/\/glutenouy.com\/g7o2\/wp-json\/wp\/v2\/product\/266","targetHints":{"allow":["GET"]}}],"collection":[{"href":"https:\/\/glutenouy.com\/g7o2\/wp-json\/wp\/v2\/product"}],"about":[{"href":"https:\/\/glutenouy.com\/g7o2\/wp-json\/wp\/v2\/types\/product"}],"replies":[{"embeddable":true,"href":"https:\/\/glutenouy.com\/g7o2\/wp-json\/wp\/v2\/comments?post=266"}],"version-history":[{"count":5,"href":"https:\/\/glutenouy.com\/g7o2\/wp-json\/wp\/v2\/product\/266\/revisions"}],"predecessor-version":[{"id":3840,"href":"https:\/\/glutenouy.com\/g7o2\/wp-json\/wp\/v2\/product\/266\/revisions\/3840"}],"wp:featuredmedia":[{"embeddable":true,"href":"https:\/\/glutenouy.com\/g7o2\/wp-json\/wp\/v2\/media\/971"}],"wp:attachment":[{"href":"https:\/\/glutenouy.com\/g7o2\/wp-json\/wp\/v2\/media?parent=266"}],"wp:term":[{"taxonomy":"product_brand","embeddable":true,"href":"https:\/\/glutenouy.com\/g7o2\/wp-json\/wp\/v2\/product_brand?post=266"},{"taxonomy":"product_cat","embeddable":true,"href":"https:\/\/glutenouy.com\/g7o2\/wp-json\/wp\/v2\/product_cat?post=266"},{"taxonomy":"product_tag","embeddable":true,"href":"https:\/\/glutenouy.com\/g7o2\/wp-json\/wp\/v2\/product_tag?post=266"}],"curies":[{"name":"wp","href":"https:\/\/api.w.org\/{rel}","templated":true}]}}