{"id":282,"date":"2020-11-18T17:54:03","date_gmt":"2020-11-18T20:54:03","guid":{"rendered":"https:\/\/glutenouy.com\/g7o2\/?post_type=product&#038;p=282"},"modified":"2026-02-03T10:22:20","modified_gmt":"2026-02-03T13:22:20","slug":"pan-de-nuez-600-g","status":"publish","type":"product","link":"https:\/\/glutenouy.com\/g7o2\/producto\/pan-de-nuez-600-g\/","title":{"rendered":"Pan de Nuez (600 g)"},"content":{"rendered":"<p>Ingredientes: F\u00e9cula de mandioca, almid\u00f3n de ma\u00edz, harina de arroz, huevos, polvo de hornear, nueces, az\u00facar rubio, margarina light sin trans, leche descremada y sal.<\/p>\n<p>Valor nutricional:<\/p>\n<p>50g &#8211; 2 rebanadas finas<\/p>\n<table style=\"height: 98px;\" width=\"201\">\n<tbody>\n<tr>\n<td width=\"122\"><\/td>\n<td width=\"113\">Calor\u00edas &#8211; 186<\/td>\n<td width=\"173\">H. de Carbono &#8211; 32<\/td>\n<td width=\"97\">Prote\u00ednas &#8211; 6.8<\/td>\n<td width=\"137\">Grasas &#8211; 3.5<\/td>\n<\/tr>\n<tr>\n<td width=\"122\"><\/td>\n<td>Na &#8211; 127<\/td>\n<td width=\"173\">Col &#8211; 12<\/td>\n<td>Fibra &#8211; 1<\/td>\n<td width=\"137\">Grasas saturadas &#8211; 0<\/td>\n<\/tr>\n<\/tbody>\n<\/table>\n","protected":false},"excerpt":{"rendered":"<p>Pan de Nuez (600 g)<\/p>\n","protected":false},"featured_media":2857,"comment_status":"open","ping_status":"closed","template":"","meta":[],"product_brand":[],"product_cat":[23],"product_tag":[],"class_list":{"0":"post-282","1":"product","2":"type-product","3":"status-publish","4":"has-post-thumbnail","6":"product_cat-panificados","8":"first","9":"instock","10":"taxable","11":"shipping-taxable","12":"purchasable","13":"product-type-simple"},"jetpack_sharing_enabled":true,"_links":{"self":[{"href":"https:\/\/glutenouy.com\/g7o2\/wp-json\/wp\/v2\/product\/282","targetHints":{"allow":["GET"]}}],"collection":[{"href":"https:\/\/glutenouy.com\/g7o2\/wp-json\/wp\/v2\/product"}],"about":[{"href":"https:\/\/glutenouy.com\/g7o2\/wp-json\/wp\/v2\/types\/product"}],"replies":[{"embeddable":true,"href":"https:\/\/glutenouy.com\/g7o2\/wp-json\/wp\/v2\/comments?post=282"}],"version-history":[{"count":3,"href":"https:\/\/glutenouy.com\/g7o2\/wp-json\/wp\/v2\/product\/282\/revisions"}],"predecessor-version":[{"id":1740,"href":"https:\/\/glutenouy.com\/g7o2\/wp-json\/wp\/v2\/product\/282\/revisions\/1740"}],"wp:featuredmedia":[{"embeddable":true,"href":"https:\/\/glutenouy.com\/g7o2\/wp-json\/wp\/v2\/media\/2857"}],"wp:attachment":[{"href":"https:\/\/glutenouy.com\/g7o2\/wp-json\/wp\/v2\/media?parent=282"}],"wp:term":[{"taxonomy":"product_brand","embeddable":true,"href":"https:\/\/glutenouy.com\/g7o2\/wp-json\/wp\/v2\/product_brand?post=282"},{"taxonomy":"product_cat","embeddable":true,"href":"https:\/\/glutenouy.com\/g7o2\/wp-json\/wp\/v2\/product_cat?post=282"},{"taxonomy":"product_tag","embeddable":true,"href":"https:\/\/glutenouy.com\/g7o2\/wp-json\/wp\/v2\/product_tag?post=282"}],"curies":[{"name":"wp","href":"https:\/\/api.w.org\/{rel}","templated":true}]}}