{"id":288,"date":"2020-11-18T18:02:31","date_gmt":"2020-11-18T21:02:31","guid":{"rendered":"https:\/\/glutenouy.com\/g7o2\/?post_type=product&#038;p=288"},"modified":"2026-02-03T10:10:02","modified_gmt":"2026-02-03T13:10:02","slug":"pan-de-harina-de-soja-y-lino-x-700-g","status":"publish","type":"product","link":"https:\/\/glutenouy.com\/g7o2\/producto\/pan-de-harina-de-soja-y-lino-x-700-g\/","title":{"rendered":"Pan de harina de soja y lino x 700 g CORTADO"},"content":{"rendered":"<p>Ingredientes:<\/p>\n<p>Almid\u00f3n de ma\u00edz, f\u00e9cula de papa, harina de arroz, f\u00e9cula de mandioca, harina de soja organiza, trigo sarraceno, semillas de lino, lecitina de soja, polvo de hornear, aceite de girasol alto oleico, levadura seca, az\u00facar rubio, inulina, goma xantica, vinagre y sal.<\/p>\n<p>COMPOSICI\u00d3N NUTRICIONAL (dos rebanadas)<\/p>\n<table style=\"height: 119px;\" width=\"139\">\n<tbody>\n<tr>\n<td width=\"113\">Calor\u00edas &#8211; 107<\/td>\n<td width=\"173\">H. de Carbono &#8211; 20<\/td>\n<td width=\"97\">Prote\u00ednas &#8211; 0.9<\/td>\n<td width=\"137\">Grasas &#8211; 2.5<\/td>\n<\/tr>\n<tr>\n<td>Na &#8211; 177<\/td>\n<td>Fibra &#8211; 0.6<\/td>\n<td width=\"97\">Grasas saturadas &#8211; 0.4<\/td>\n<td><\/td>\n<\/tr>\n<\/tbody>\n<\/table>\n","protected":false},"excerpt":{"rendered":"<p><a href=\"http:\/\/glutenouy.com\/g7o\/productos\/pan-de-harina-de-soja-y-lino-x-700-g\/\">Pan de harina de soja y lino x 700 g<\/a><\/p>\n","protected":false},"featured_media":1233,"comment_status":"open","ping_status":"closed","template":"","meta":[],"product_brand":[],"product_cat":[23,55],"product_tag":[],"class_list":{"0":"post-288","1":"product","2":"type-product","3":"status-publish","4":"has-post-thumbnail","6":"product_cat-panificados","7":"product_cat-veggie","9":"first","10":"instock","11":"taxable","12":"shipping-taxable","13":"purchasable","14":"product-type-simple"},"jetpack_sharing_enabled":true,"_links":{"self":[{"href":"https:\/\/glutenouy.com\/g7o2\/wp-json\/wp\/v2\/product\/288","targetHints":{"allow":["GET"]}}],"collection":[{"href":"https:\/\/glutenouy.com\/g7o2\/wp-json\/wp\/v2\/product"}],"about":[{"href":"https:\/\/glutenouy.com\/g7o2\/wp-json\/wp\/v2\/types\/product"}],"replies":[{"embeddable":true,"href":"https:\/\/glutenouy.com\/g7o2\/wp-json\/wp\/v2\/comments?post=288"}],"version-history":[{"count":4,"href":"https:\/\/glutenouy.com\/g7o2\/wp-json\/wp\/v2\/product\/288\/revisions"}],"predecessor-version":[{"id":3786,"href":"https:\/\/glutenouy.com\/g7o2\/wp-json\/wp\/v2\/product\/288\/revisions\/3786"}],"wp:featuredmedia":[{"embeddable":true,"href":"https:\/\/glutenouy.com\/g7o2\/wp-json\/wp\/v2\/media\/1233"}],"wp:attachment":[{"href":"https:\/\/glutenouy.com\/g7o2\/wp-json\/wp\/v2\/media?parent=288"}],"wp:term":[{"taxonomy":"product_brand","embeddable":true,"href":"https:\/\/glutenouy.com\/g7o2\/wp-json\/wp\/v2\/product_brand?post=288"},{"taxonomy":"product_cat","embeddable":true,"href":"https:\/\/glutenouy.com\/g7o2\/wp-json\/wp\/v2\/product_cat?post=288"},{"taxonomy":"product_tag","embeddable":true,"href":"https:\/\/glutenouy.com\/g7o2\/wp-json\/wp\/v2\/product_tag?post=288"}],"curies":[{"name":"wp","href":"https:\/\/api.w.org\/{rel}","templated":true}]}}