{"id":308,"date":"2020-11-19T18:20:42","date_gmt":"2020-11-19T21:20:42","guid":{"rendered":"https:\/\/glutenouy.com\/g7o2\/?post_type=product&#038;p=308"},"modified":"2026-02-03T10:45:35","modified_gmt":"2026-02-03T13:45:35","slug":"tarta-de-pollo-puerro-y-champinones","status":"publish","type":"product","link":"https:\/\/glutenouy.com\/g7o2\/producto\/tarta-de-pollo-puerro-y-champinones\/","title":{"rendered":"Tarta de Pollo, Puerro y Champi\u00f1ones"},"content":{"rendered":"<p>Ingredientes:<\/p>\n<p>Masa: Harina de arroz, harina de mandioca, almid\u00f3n de ma\u00edz, huevos, aceite alto oleico, polvo de hornear, sal.<\/p>\n<p>Relleno: Suprema de pollo, puerros, champi\u00f1ones, muzzarella, huevo, almid\u00f3n de ma\u00edz y leche, ciboulette.<\/p>\n<p>COMPOSICI\u00d3N NUTRICIONAL:<\/p>\n<table style=\"height: 42px;\" width=\"49\">\n<tbody>\n<tr>\n<td width=\"122\"><\/td>\n<td width=\"113\">Calor\u00edas &#8211; 385<\/td>\n<td width=\"173\">H. de Carbono &#8211; 30<\/td>\n<td width=\"97\">Prote\u00ednas &#8211; 25<\/td>\n<td width=\"137\">Grasas &#8211; 19<\/td>\n<\/tr>\n<tr>\n<td width=\"122\"><\/td>\n<td width=\"113\">Na\u00a0 &#8211; 254<\/td>\n<td width=\"173\">Gr. Saturadas &#8211; 1.2<\/td>\n<td width=\"97\">Fibra &#8211; 6<\/td>\n<td width=\"137\">Grasas trans &#8211; 0<\/td>\n<\/tr>\n<\/tbody>\n<\/table>\n","protected":false},"excerpt":{"rendered":"<p>Tarta de Pollo, Puerro y Champi\u00f1ones<\/p>\n","protected":false},"featured_media":2497,"comment_status":"open","ping_status":"closed","template":"","meta":[],"product_brand":[],"product_cat":[21],"product_tag":[],"class_list":{"0":"post-308","1":"product","2":"type-product","3":"status-publish","4":"has-post-thumbnail","6":"product_cat-tartas-saladas","8":"first","9":"instock","10":"taxable","11":"shipping-taxable","12":"purchasable","13":"product-type-simple"},"jetpack_sharing_enabled":true,"_links":{"self":[{"href":"https:\/\/glutenouy.com\/g7o2\/wp-json\/wp\/v2\/product\/308","targetHints":{"allow":["GET"]}}],"collection":[{"href":"https:\/\/glutenouy.com\/g7o2\/wp-json\/wp\/v2\/product"}],"about":[{"href":"https:\/\/glutenouy.com\/g7o2\/wp-json\/wp\/v2\/types\/product"}],"replies":[{"embeddable":true,"href":"https:\/\/glutenouy.com\/g7o2\/wp-json\/wp\/v2\/comments?post=308"}],"version-history":[{"count":3,"href":"https:\/\/glutenouy.com\/g7o2\/wp-json\/wp\/v2\/product\/308\/revisions"}],"predecessor-version":[{"id":1806,"href":"https:\/\/glutenouy.com\/g7o2\/wp-json\/wp\/v2\/product\/308\/revisions\/1806"}],"wp:featuredmedia":[{"embeddable":true,"href":"https:\/\/glutenouy.com\/g7o2\/wp-json\/wp\/v2\/media\/2497"}],"wp:attachment":[{"href":"https:\/\/glutenouy.com\/g7o2\/wp-json\/wp\/v2\/media?parent=308"}],"wp:term":[{"taxonomy":"product_brand","embeddable":true,"href":"https:\/\/glutenouy.com\/g7o2\/wp-json\/wp\/v2\/product_brand?post=308"},{"taxonomy":"product_cat","embeddable":true,"href":"https:\/\/glutenouy.com\/g7o2\/wp-json\/wp\/v2\/product_cat?post=308"},{"taxonomy":"product_tag","embeddable":true,"href":"https:\/\/glutenouy.com\/g7o2\/wp-json\/wp\/v2\/product_tag?post=308"}],"curies":[{"name":"wp","href":"https:\/\/api.w.org\/{rel}","templated":true}]}}