{"id":313,"date":"2020-11-19T18:27:33","date_gmt":"2020-11-19T21:27:33","guid":{"rendered":"https:\/\/glutenouy.com\/g7o2\/?post_type=product&#038;p=313"},"modified":"2026-02-03T10:26:02","modified_gmt":"2026-02-03T13:26:02","slug":"tarta-de-champinones-queso-y-ciboulette","status":"publish","type":"product","link":"https:\/\/glutenouy.com\/g7o2\/producto\/tarta-de-champinones-queso-y-ciboulette\/","title":{"rendered":"Tarta de champi\u00f1ones queso y ciboulette"},"content":{"rendered":"<p>Ingredientes:<\/p>\n<p>Masa: Harina de arroz, harina de mandioca, almid\u00f3n de ma\u00edz, huevos, aceite alto oleico, polvo de hornear, sal.<\/p>\n<p>Relleno: champi\u00f1ones, cebolla, muzzarella, huevos, f\u00e9cula de ma\u00edz, leche fresca descremada, aceite alto oleico, ciboulette.<\/p>\n<p>COMPOSICI\u00d3N NUTRICIONAL:<\/p>\n<table style=\"height: 52px;\" width=\"5\">\n<tbody>\n<tr>\n<td width=\"122\"><\/td>\n<td width=\"113\">Calor\u00edas &#8211; 268<\/td>\n<td width=\"173\">H. de Carbono &#8211; 22<\/td>\n<td width=\"97\">Prote\u00ednas &#8211; 19<\/td>\n<td width=\"137\">Grasas &#8211; 11.5<\/td>\n<\/tr>\n<tr>\n<td width=\"122\"><\/td>\n<td width=\"113\">Na\u00a0 &#8211; 368<\/td>\n<td width=\"173\">Gr. Saturadas &#8211; 1.3<\/td>\n<td width=\"97\">Fibra &#8211; 4<\/td>\n<td width=\"137\">Grasas trans &#8211; 0<\/td>\n<\/tr>\n<\/tbody>\n<\/table>\n","protected":false},"excerpt":{"rendered":"<p>Tarta de champi\u00f1ones queso y ciboulette<\/p>\n","protected":false},"featured_media":623,"comment_status":"open","ping_status":"closed","template":"","meta":[],"product_brand":[],"product_cat":[21],"product_tag":[],"class_list":{"0":"post-313","1":"product","2":"type-product","3":"status-publish","4":"has-post-thumbnail","6":"product_cat-tartas-saladas","8":"first","9":"instock","10":"taxable","11":"shipping-taxable","12":"purchasable","13":"product-type-simple"},"jetpack_sharing_enabled":true,"_links":{"self":[{"href":"https:\/\/glutenouy.com\/g7o2\/wp-json\/wp\/v2\/product\/313","targetHints":{"allow":["GET"]}}],"collection":[{"href":"https:\/\/glutenouy.com\/g7o2\/wp-json\/wp\/v2\/product"}],"about":[{"href":"https:\/\/glutenouy.com\/g7o2\/wp-json\/wp\/v2\/types\/product"}],"replies":[{"embeddable":true,"href":"https:\/\/glutenouy.com\/g7o2\/wp-json\/wp\/v2\/comments?post=313"}],"version-history":[{"count":4,"href":"https:\/\/glutenouy.com\/g7o2\/wp-json\/wp\/v2\/product\/313\/revisions"}],"predecessor-version":[{"id":1793,"href":"https:\/\/glutenouy.com\/g7o2\/wp-json\/wp\/v2\/product\/313\/revisions\/1793"}],"wp:featuredmedia":[{"embeddable":true,"href":"https:\/\/glutenouy.com\/g7o2\/wp-json\/wp\/v2\/media\/623"}],"wp:attachment":[{"href":"https:\/\/glutenouy.com\/g7o2\/wp-json\/wp\/v2\/media?parent=313"}],"wp:term":[{"taxonomy":"product_brand","embeddable":true,"href":"https:\/\/glutenouy.com\/g7o2\/wp-json\/wp\/v2\/product_brand?post=313"},{"taxonomy":"product_cat","embeddable":true,"href":"https:\/\/glutenouy.com\/g7o2\/wp-json\/wp\/v2\/product_cat?post=313"},{"taxonomy":"product_tag","embeddable":true,"href":"https:\/\/glutenouy.com\/g7o2\/wp-json\/wp\/v2\/product_tag?post=313"}],"curies":[{"name":"wp","href":"https:\/\/api.w.org\/{rel}","templated":true}]}}