{"id":3346,"date":"2023-11-10T13:34:35","date_gmt":"2023-11-10T16:34:35","guid":{"rendered":"https:\/\/glutenouy.com\/g7o2\/?post_type=product&#038;p=3346"},"modified":"2026-02-03T13:25:28","modified_gmt":"2026-02-03T16:25:28","slug":"granola-artesanal","status":"publish","type":"product","link":"https:\/\/glutenouy.com\/g7o2\/producto\/granola-artesanal\/","title":{"rendered":"Granola artesanal x 200 g"},"content":{"rendered":"<p>Ingredientes: Avena sin gluten, man\u00ed, almendras, miel, cereales de ma\u00edz sin az\u00facar, semillas de girasol, semillas de ch\u00eda, pasas de uva y pasas de ciruela.<\/p>\n","protected":false},"excerpt":{"rendered":"<p>Ingredientes: Avena sin gluten, man\u00ed, almendras, miel, cereales de ma\u00edz sin az\u00facar, semillas de girasol, semillas de ch\u00eda, pasas de uva y pasas de ciruela.<\/p>\n","protected":false},"featured_media":3347,"comment_status":"closed","ping_status":"closed","template":"","meta":[],"product_brand":[],"product_cat":[17,25],"product_tag":[],"class_list":{"0":"post-3346","1":"product","2":"type-product","3":"status-publish","4":"has-post-thumbnail","6":"product_cat-productos","7":"product_cat-para-el-te","9":"first","10":"instock","11":"taxable","12":"shipping-taxable","13":"purchasable","14":"product-type-simple"},"jetpack_sharing_enabled":true,"_links":{"self":[{"href":"https:\/\/glutenouy.com\/g7o2\/wp-json\/wp\/v2\/product\/3346","targetHints":{"allow":["GET"]}}],"collection":[{"href":"https:\/\/glutenouy.com\/g7o2\/wp-json\/wp\/v2\/product"}],"about":[{"href":"https:\/\/glutenouy.com\/g7o2\/wp-json\/wp\/v2\/types\/product"}],"replies":[{"embeddable":true,"href":"https:\/\/glutenouy.com\/g7o2\/wp-json\/wp\/v2\/comments?post=3346"}],"version-history":[{"count":2,"href":"https:\/\/glutenouy.com\/g7o2\/wp-json\/wp\/v2\/product\/3346\/revisions"}],"predecessor-version":[{"id":3349,"href":"https:\/\/glutenouy.com\/g7o2\/wp-json\/wp\/v2\/product\/3346\/revisions\/3349"}],"wp:featuredmedia":[{"embeddable":true,"href":"https:\/\/glutenouy.com\/g7o2\/wp-json\/wp\/v2\/media\/3347"}],"wp:attachment":[{"href":"https:\/\/glutenouy.com\/g7o2\/wp-json\/wp\/v2\/media?parent=3346"}],"wp:term":[{"taxonomy":"product_brand","embeddable":true,"href":"https:\/\/glutenouy.com\/g7o2\/wp-json\/wp\/v2\/product_brand?post=3346"},{"taxonomy":"product_cat","embeddable":true,"href":"https:\/\/glutenouy.com\/g7o2\/wp-json\/wp\/v2\/product_cat?post=3346"},{"taxonomy":"product_tag","embeddable":true,"href":"https:\/\/glutenouy.com\/g7o2\/wp-json\/wp\/v2\/product_tag?post=3346"}],"curies":[{"name":"wp","href":"https:\/\/api.w.org\/{rel}","templated":true}]}}