{"id":700,"date":"2020-12-01T19:55:17","date_gmt":"2020-12-01T22:55:17","guid":{"rendered":"https:\/\/glutenouy.com\/g7o2\/?post_type=product&#038;p=700"},"modified":"2024-11-06T10:58:36","modified_gmt":"2024-11-06T13:58:36","slug":"pollo-a-la-portuguesa","status":"publish","type":"product","link":"https:\/\/glutenouy.com\/g7o2\/producto\/pollo-a-la-portuguesa\/","title":{"rendered":"Pollo a la portuguesa"},"content":{"rendered":"<p>Ingredientes:<\/p>\n<p>Suprema de pollo en cubitos, zanahoria en rodajas, cebolla aros, mor\u00f3n rojo aros, arvejas y salsa de tomate.<\/p>\n<table style=\"height: 81px;\" width=\"815\">\n<tbody>\n<tr>\n<td width=\"122\">COMPOSICI\u00d3N NUTRICIONAL<\/td>\n<td width=\"113\">Calor\u00edas &#8211; 243<\/td>\n<td width=\"173\">H. de Carbono &#8211; 17<\/td>\n<td width=\"97\">Prote\u00ednas &#8211; 26<\/td>\n<td width=\"137\">Grasas &#8211; 8<\/td>\n<\/tr>\n<tr>\n<td width=\"122\"><\/td>\n<td width=\"113\">Na\u00a0 &#8211; 570<\/td>\n<td width=\"173\">Col &#8211; 69<\/td>\n<td width=\"97\">Fibra &#8211; 5<\/td>\n<td width=\"137\">Grasas saturadas &#8211; 2.6<\/td>\n<\/tr>\n<\/tbody>\n<\/table>\n","protected":false},"excerpt":{"rendered":"<p>Ingredientes: Suprema de pollo en cubitos, zanahoria en rodajas, cebolla aros, mor\u00f3n rojo aros, arvejas y salsa de tomate. COMPOSICI\u00d3N NUTRICIONAL Calor\u00edas &#8211; 243 H. de Carbono &#8211; 17 Prote\u00ednas &#8211; 26 Grasas &#8211; 8 Na\u00a0 &#8211; 570 Col &#8211;&#8230; <\/p>\n<div class=\"readmore-section\"><a class=\"readmore-btn\" href=\"https:\/\/glutenouy.com\/g7o2\/producto\/pollo-a-la-portuguesa\/\">Seguir leyendo <i class=\"fa fa-arrow-right\"><\/i><\/a><\/div>\n","protected":false},"featured_media":2190,"comment_status":"closed","ping_status":"closed","template":"","meta":[],"product_brand":[],"product_cat":[44],"product_tag":[],"class_list":{"0":"post-700","1":"product","2":"type-product","3":"status-publish","4":"has-post-thumbnail","6":"product_cat-platos-de-comidas-saludables-sin-gluten","8":"first","9":"outofstock","10":"taxable","11":"shipping-taxable","12":"purchasable","13":"product-type-simple"},"jetpack_sharing_enabled":true,"_links":{"self":[{"href":"https:\/\/glutenouy.com\/g7o2\/wp-json\/wp\/v2\/product\/700","targetHints":{"allow":["GET"]}}],"collection":[{"href":"https:\/\/glutenouy.com\/g7o2\/wp-json\/wp\/v2\/product"}],"about":[{"href":"https:\/\/glutenouy.com\/g7o2\/wp-json\/wp\/v2\/types\/product"}],"replies":[{"embeddable":true,"href":"https:\/\/glutenouy.com\/g7o2\/wp-json\/wp\/v2\/comments?post=700"}],"version-history":[{"count":2,"href":"https:\/\/glutenouy.com\/g7o2\/wp-json\/wp\/v2\/product\/700\/revisions"}],"predecessor-version":[{"id":1578,"href":"https:\/\/glutenouy.com\/g7o2\/wp-json\/wp\/v2\/product\/700\/revisions\/1578"}],"wp:featuredmedia":[{"embeddable":true,"href":"https:\/\/glutenouy.com\/g7o2\/wp-json\/wp\/v2\/media\/2190"}],"wp:attachment":[{"href":"https:\/\/glutenouy.com\/g7o2\/wp-json\/wp\/v2\/media?parent=700"}],"wp:term":[{"taxonomy":"product_brand","embeddable":true,"href":"https:\/\/glutenouy.com\/g7o2\/wp-json\/wp\/v2\/product_brand?post=700"},{"taxonomy":"product_cat","embeddable":true,"href":"https:\/\/glutenouy.com\/g7o2\/wp-json\/wp\/v2\/product_cat?post=700"},{"taxonomy":"product_tag","embeddable":true,"href":"https:\/\/glutenouy.com\/g7o2\/wp-json\/wp\/v2\/product_tag?post=700"}],"curies":[{"name":"wp","href":"https:\/\/api.w.org\/{rel}","templated":true}]}}