{"id":704,"date":"2020-12-01T19:58:09","date_gmt":"2020-12-01T22:58:09","guid":{"rendered":"https:\/\/glutenouy.com\/g7o2\/?post_type=product&#038;p=704"},"modified":"2026-02-03T11:57:15","modified_gmt":"2026-02-03T14:57:15","slug":"cazuela-de-lentejas","status":"publish","type":"product","link":"https:\/\/glutenouy.com\/g7o2\/producto\/cazuela-de-lentejas\/","title":{"rendered":"Cazuela de lentejas"},"content":{"rendered":"<p>Ingredientes:<\/p>\n<p>Lentejas hervidas, salsa de tomate, cebolla, zanahoria, zapallitos, arvejas, or\u00e9gano, az\u00facar, sal.<\/p>\n<table style=\"height: 74px;\" width=\"798\">\n<tbody>\n<tr>\n<td width=\"122\">COMPOSICI\u00d3N NUTRICIONAL<\/td>\n<td width=\"113\">Calor\u00edas &#8211; 492<\/td>\n<td width=\"173\">H. de Carbono &#8211; 85<\/td>\n<td width=\"97\">Prote\u00ednas &#8211; 30<\/td>\n<td width=\"137\">Grasas &#8211; 3<\/td>\n<\/tr>\n<tr>\n<td width=\"122\"><\/td>\n<td width=\"113\">Na\u00a0 &#8211; 274<\/td>\n<td width=\"173\">Col<\/td>\n<td width=\"97\">Fibra &#8211; 18<\/td>\n<td width=\"137\">Grasas saturadas &#8211; 1<\/td>\n<\/tr>\n<\/tbody>\n<\/table>\n","protected":false},"excerpt":{"rendered":"<p>Ingredientes: Lentejas hervidas, salsa de tomate, cebolla, zanahoria, zapallitos, arvejas, or\u00e9gano, az\u00facar, sal. COMPOSICI\u00d3N NUTRICIONAL Calor\u00edas &#8211; 492 H. de Carbono &#8211; 85 Prote\u00ednas &#8211; 30 Grasas &#8211; 3 Na\u00a0 &#8211; 274 Col Fibra &#8211; 18 Grasas saturadas &#8211; 1<\/p>\n","protected":false},"featured_media":2196,"comment_status":"closed","ping_status":"closed","template":"","meta":[],"product_brand":[],"product_cat":[44,55],"product_tag":[],"class_list":{"0":"post-704","1":"product","2":"type-product","3":"status-publish","4":"has-post-thumbnail","6":"product_cat-platos-de-comidas-saludables-sin-gluten","7":"product_cat-veggie","9":"first","10":"instock","11":"taxable","12":"shipping-taxable","13":"purchasable","14":"product-type-simple"},"jetpack_sharing_enabled":true,"_links":{"self":[{"href":"https:\/\/glutenouy.com\/g7o2\/wp-json\/wp\/v2\/product\/704","targetHints":{"allow":["GET"]}}],"collection":[{"href":"https:\/\/glutenouy.com\/g7o2\/wp-json\/wp\/v2\/product"}],"about":[{"href":"https:\/\/glutenouy.com\/g7o2\/wp-json\/wp\/v2\/types\/product"}],"replies":[{"embeddable":true,"href":"https:\/\/glutenouy.com\/g7o2\/wp-json\/wp\/v2\/comments?post=704"}],"version-history":[{"count":2,"href":"https:\/\/glutenouy.com\/g7o2\/wp-json\/wp\/v2\/product\/704\/revisions"}],"predecessor-version":[{"id":1576,"href":"https:\/\/glutenouy.com\/g7o2\/wp-json\/wp\/v2\/product\/704\/revisions\/1576"}],"wp:featuredmedia":[{"embeddable":true,"href":"https:\/\/glutenouy.com\/g7o2\/wp-json\/wp\/v2\/media\/2196"}],"wp:attachment":[{"href":"https:\/\/glutenouy.com\/g7o2\/wp-json\/wp\/v2\/media?parent=704"}],"wp:term":[{"taxonomy":"product_brand","embeddable":true,"href":"https:\/\/glutenouy.com\/g7o2\/wp-json\/wp\/v2\/product_brand?post=704"},{"taxonomy":"product_cat","embeddable":true,"href":"https:\/\/glutenouy.com\/g7o2\/wp-json\/wp\/v2\/product_cat?post=704"},{"taxonomy":"product_tag","embeddable":true,"href":"https:\/\/glutenouy.com\/g7o2\/wp-json\/wp\/v2\/product_tag?post=704"}],"curies":[{"name":"wp","href":"https:\/\/api.w.org\/{rel}","templated":true}]}}