{"id":707,"date":"2020-12-01T19:58:38","date_gmt":"2020-12-01T22:58:38","guid":{"rendered":"https:\/\/glutenouy.com\/g7o2\/?post_type=product&#038;p=707"},"modified":"2024-08-01T14:19:46","modified_gmt":"2024-08-01T17:19:46","slug":"wok-vegetariano-con-semillas-y-salsa-de-soja","status":"publish","type":"product","link":"https:\/\/glutenouy.com\/g7o2\/producto\/wok-vegetariano-con-semillas-y-salsa-de-soja\/","title":{"rendered":"Wok Vegetariano con semillas y salsa de soja"},"content":{"rendered":"<p>Ingredientes:<\/p>\n<p>Zucchini, zapallitos, zanahorias, berenjenas, cebollas, salsa de soja, aceite, semillas de s\u00e9samo.<\/p>\n<table style=\"height: 80px;\" width=\"785\">\n<tbody>\n<tr>\n<td width=\"122\">COMPOSICI\u00d3N NUTRICIONAL<\/td>\n<td width=\"113\">Calor\u00edas &#8211; 177<\/td>\n<td width=\"173\">H. de Carbono &#8211; 23<\/td>\n<td width=\"97\">Prote\u00ednas &#8211; 9<\/td>\n<td width=\"137\">Grasas &#8211; 5.5<\/td>\n<\/tr>\n<tr>\n<td width=\"122\"><\/td>\n<td width=\"113\">Na\u00a0 &#8211; 909<\/td>\n<td width=\"173\">Col<\/td>\n<td width=\"97\">Fibra &#8211; 8<\/td>\n<td width=\"137\">Grasas saturadas &#8211; 0.8<\/td>\n<\/tr>\n<\/tbody>\n<\/table>\n","protected":false},"excerpt":{"rendered":"<p>Ingredientes: Zucchini, zapallitos, zanahorias, berenjenas, cebollas, salsa de soja, aceite, semillas de s\u00e9samo. COMPOSICI\u00d3N NUTRICIONAL Calor\u00edas &#8211; 177 H. de Carbono &#8211; 23 Prote\u00ednas &#8211; 9 Grasas &#8211; 5.5 Na\u00a0 &#8211; 909 Col Fibra &#8211; 8 Grasas saturadas &#8211; 0.8<\/p>\n","protected":false},"featured_media":2491,"comment_status":"closed","ping_status":"closed","template":"","meta":[],"product_brand":[],"product_cat":[44,55],"product_tag":[],"class_list":{"0":"post-707","1":"product","2":"type-product","3":"status-publish","4":"has-post-thumbnail","6":"product_cat-platos-de-comidas-saludables-sin-gluten","7":"product_cat-veggie","9":"first","10":"instock","11":"taxable","12":"shipping-taxable","13":"purchasable","14":"product-type-simple"},"jetpack_sharing_enabled":true,"_links":{"self":[{"href":"https:\/\/glutenouy.com\/g7o2\/wp-json\/wp\/v2\/product\/707","targetHints":{"allow":["GET"]}}],"collection":[{"href":"https:\/\/glutenouy.com\/g7o2\/wp-json\/wp\/v2\/product"}],"about":[{"href":"https:\/\/glutenouy.com\/g7o2\/wp-json\/wp\/v2\/types\/product"}],"replies":[{"embeddable":true,"href":"https:\/\/glutenouy.com\/g7o2\/wp-json\/wp\/v2\/comments?post=707"}],"version-history":[{"count":2,"href":"https:\/\/glutenouy.com\/g7o2\/wp-json\/wp\/v2\/product\/707\/revisions"}],"predecessor-version":[{"id":1577,"href":"https:\/\/glutenouy.com\/g7o2\/wp-json\/wp\/v2\/product\/707\/revisions\/1577"}],"wp:featuredmedia":[{"embeddable":true,"href":"https:\/\/glutenouy.com\/g7o2\/wp-json\/wp\/v2\/media\/2491"}],"wp:attachment":[{"href":"https:\/\/glutenouy.com\/g7o2\/wp-json\/wp\/v2\/media?parent=707"}],"wp:term":[{"taxonomy":"product_brand","embeddable":true,"href":"https:\/\/glutenouy.com\/g7o2\/wp-json\/wp\/v2\/product_brand?post=707"},{"taxonomy":"product_cat","embeddable":true,"href":"https:\/\/glutenouy.com\/g7o2\/wp-json\/wp\/v2\/product_cat?post=707"},{"taxonomy":"product_tag","embeddable":true,"href":"https:\/\/glutenouy.com\/g7o2\/wp-json\/wp\/v2\/product_tag?post=707"}],"curies":[{"name":"wp","href":"https:\/\/api.w.org\/{rel}","templated":true}]}}