{"id":720,"date":"2020-12-01T20:02:29","date_gmt":"2020-12-01T23:02:29","guid":{"rendered":"https:\/\/glutenouy.com\/g7o2\/?post_type=product&#038;p=720"},"modified":"2025-08-26T10:43:03","modified_gmt":"2025-08-26T13:43:03","slug":"milanesa-de-suprema-de-pollo-al-horno-200-g","status":"publish","type":"product","link":"https:\/\/glutenouy.com\/g7o2\/producto\/milanesa-de-suprema-de-pollo-al-horno-200-g\/","title":{"rendered":"Milanesa de suprema de pollo al horno (200 g)"},"content":{"rendered":"<p>Ingredientes:<\/p>\n<p>Suprema, huevos, leche, rebozador gluteno.<\/p>\n<table style=\"height: 83px;\" width=\"818\">\n<tbody>\n<tr>\n<td width=\"122\">COMPOSICI\u00d3N NUTRICIONAL<\/td>\n<td width=\"113\">Calor\u00edas &#8211; 415<\/td>\n<td width=\"173\">H. de Carbono &#8211; 8.7<\/td>\n<td width=\"97\">Prote\u00ednas &#8211; 52.7<\/td>\n<td width=\"137\">Grasas &#8211; 19<\/td>\n<\/tr>\n<tr>\n<td width=\"122\"><\/td>\n<td width=\"113\">Na\u00a0 &#8211; 347<\/td>\n<td width=\"173\">Col<\/td>\n<td width=\"97\">Fibra &#8211; 0<\/td>\n<td width=\"137\">Grasas saturadas &#8211; 7<\/td>\n<\/tr>\n<\/tbody>\n<\/table>\n","protected":false},"excerpt":{"rendered":"<p>Ingredientes: Suprema, huevos, leche, rebozador gluteno. COMPOSICI\u00d3N NUTRICIONAL Calor\u00edas &#8211; 415 H. de Carbono &#8211; 8.7 Prote\u00ednas &#8211; 52.7 Grasas &#8211; 19 Na\u00a0 &#8211; 347 Col Fibra &#8211; 0 Grasas saturadas &#8211; 7<\/p>\n","protected":false},"featured_media":2198,"comment_status":"closed","ping_status":"closed","template":"","meta":[],"product_brand":[],"product_cat":[44],"product_tag":[],"class_list":{"0":"post-720","1":"product","2":"type-product","3":"status-publish","4":"has-post-thumbnail","6":"product_cat-platos-de-comidas-saludables-sin-gluten","8":"first","9":"instock","10":"taxable","11":"shipping-taxable","12":"purchasable","13":"product-type-simple"},"jetpack_sharing_enabled":true,"_links":{"self":[{"href":"https:\/\/glutenouy.com\/g7o2\/wp-json\/wp\/v2\/product\/720","targetHints":{"allow":["GET"]}}],"collection":[{"href":"https:\/\/glutenouy.com\/g7o2\/wp-json\/wp\/v2\/product"}],"about":[{"href":"https:\/\/glutenouy.com\/g7o2\/wp-json\/wp\/v2\/types\/product"}],"replies":[{"embeddable":true,"href":"https:\/\/glutenouy.com\/g7o2\/wp-json\/wp\/v2\/comments?post=720"}],"version-history":[{"count":2,"href":"https:\/\/glutenouy.com\/g7o2\/wp-json\/wp\/v2\/product\/720\/revisions"}],"predecessor-version":[{"id":1572,"href":"https:\/\/glutenouy.com\/g7o2\/wp-json\/wp\/v2\/product\/720\/revisions\/1572"}],"wp:featuredmedia":[{"embeddable":true,"href":"https:\/\/glutenouy.com\/g7o2\/wp-json\/wp\/v2\/media\/2198"}],"wp:attachment":[{"href":"https:\/\/glutenouy.com\/g7o2\/wp-json\/wp\/v2\/media?parent=720"}],"wp:term":[{"taxonomy":"product_brand","embeddable":true,"href":"https:\/\/glutenouy.com\/g7o2\/wp-json\/wp\/v2\/product_brand?post=720"},{"taxonomy":"product_cat","embeddable":true,"href":"https:\/\/glutenouy.com\/g7o2\/wp-json\/wp\/v2\/product_cat?post=720"},{"taxonomy":"product_tag","embeddable":true,"href":"https:\/\/glutenouy.com\/g7o2\/wp-json\/wp\/v2\/product_tag?post=720"}],"curies":[{"name":"wp","href":"https:\/\/api.w.org\/{rel}","templated":true}]}}