{"id":759,"date":"2020-12-01T20:12:25","date_gmt":"2020-12-01T23:12:25","guid":{"rendered":"https:\/\/glutenouy.com\/g7o2\/?post_type=product&#038;p=759"},"modified":"2026-02-03T12:53:43","modified_gmt":"2026-02-03T15:53:43","slug":"hamburguesas-de-soja-con-calabaza-y-ciboulette-napolitanas-x-2-u","status":"publish","type":"product","link":"https:\/\/glutenouy.com\/g7o2\/producto\/hamburguesas-de-soja-con-calabaza-y-ciboulette-napolitanas-x-2-u\/","title":{"rendered":"Hamburguesas veganas de arvejas y calabaza x 2 u"},"content":{"rendered":"<p>Ingredientes:<\/p>\n<p>Soja texturizada, almid\u00f3n de ma\u00edz, curry, calabac\u00edn, lino, nuez moscada, ciboulette, tomate cherry, r\u00facula, queso vegano.<\/p>\n<table style=\"height: 71px;\" width=\"816\">\n<tbody>\n<tr>\n<td width=\"122\">COMPOSICI\u00d3N NUTRICIONAL<\/td>\n<td width=\"113\">Calor\u00edas &#8211; 420<\/td>\n<td width=\"173\">H. de Carbono &#8211; 53<\/td>\n<td width=\"97\">Prote\u00ednas &#8211; 20<\/td>\n<td width=\"137\">Grasas &#8211; 14<\/td>\n<\/tr>\n<tr>\n<td width=\"122\"><\/td>\n<td width=\"113\">Na\u00a0 &#8211; 370<\/td>\n<td width=\"173\">Col<\/td>\n<td width=\"97\">Fibra &#8211; 10<\/td>\n<td width=\"137\">Grasas saturadas &#8211; 1<\/td>\n<\/tr>\n<\/tbody>\n<\/table>\n","protected":false},"excerpt":{"rendered":"<p>Ingredientes: Soja texturizada, almid\u00f3n de ma\u00edz, curry, calabac\u00edn, lino, nuez moscada, ciboulette, tomate cherry, r\u00facula, queso vegano. COMPOSICI\u00d3N NUTRICIONAL Calor\u00edas &#8211; 420 H. de Carbono &#8211; 53 Prote\u00ednas &#8211; 20 Grasas &#8211; 14 Na\u00a0 &#8211; 370 Col Fibra &#8211; 10&#8230; <\/p>\n<div class=\"readmore-section\"><a class=\"readmore-btn\" href=\"https:\/\/glutenouy.com\/g7o2\/producto\/hamburguesas-de-soja-con-calabaza-y-ciboulette-napolitanas-x-2-u\/\">Seguir leyendo <i class=\"fa fa-arrow-right\"><\/i><\/a><\/div>\n","protected":false},"featured_media":2399,"comment_status":"closed","ping_status":"closed","template":"","meta":[],"product_brand":[],"product_cat":[44,55],"product_tag":[],"class_list":{"0":"post-759","1":"product","2":"type-product","3":"status-publish","4":"has-post-thumbnail","6":"product_cat-platos-de-comidas-saludables-sin-gluten","7":"product_cat-veggie","9":"first","10":"instock","11":"taxable","12":"shipping-taxable","13":"purchasable","14":"product-type-simple"},"jetpack_sharing_enabled":true,"_links":{"self":[{"href":"https:\/\/glutenouy.com\/g7o2\/wp-json\/wp\/v2\/product\/759","targetHints":{"allow":["GET"]}}],"collection":[{"href":"https:\/\/glutenouy.com\/g7o2\/wp-json\/wp\/v2\/product"}],"about":[{"href":"https:\/\/glutenouy.com\/g7o2\/wp-json\/wp\/v2\/types\/product"}],"replies":[{"embeddable":true,"href":"https:\/\/glutenouy.com\/g7o2\/wp-json\/wp\/v2\/comments?post=759"}],"version-history":[{"count":5,"href":"https:\/\/glutenouy.com\/g7o2\/wp-json\/wp\/v2\/product\/759\/revisions"}],"predecessor-version":[{"id":2358,"href":"https:\/\/glutenouy.com\/g7o2\/wp-json\/wp\/v2\/product\/759\/revisions\/2358"}],"wp:featuredmedia":[{"embeddable":true,"href":"https:\/\/glutenouy.com\/g7o2\/wp-json\/wp\/v2\/media\/2399"}],"wp:attachment":[{"href":"https:\/\/glutenouy.com\/g7o2\/wp-json\/wp\/v2\/media?parent=759"}],"wp:term":[{"taxonomy":"product_brand","embeddable":true,"href":"https:\/\/glutenouy.com\/g7o2\/wp-json\/wp\/v2\/product_brand?post=759"},{"taxonomy":"product_cat","embeddable":true,"href":"https:\/\/glutenouy.com\/g7o2\/wp-json\/wp\/v2\/product_cat?post=759"},{"taxonomy":"product_tag","embeddable":true,"href":"https:\/\/glutenouy.com\/g7o2\/wp-json\/wp\/v2\/product_tag?post=759"}],"curies":[{"name":"wp","href":"https:\/\/api.w.org\/{rel}","templated":true}]}}