{"id":797,"date":"2020-12-01T20:22:55","date_gmt":"2020-12-01T23:22:55","guid":{"rendered":"https:\/\/glutenouy.com\/g7o2\/?post_type=product&#038;p=797"},"modified":"2026-02-03T12:05:39","modified_gmt":"2026-02-03T15:05:39","slug":"zapallitos-o-berenjenas-o-zucchini-rellenos-de-carne-o-pollo","status":"publish","type":"product","link":"https:\/\/glutenouy.com\/g7o2\/producto\/zapallitos-o-berenjenas-o-zucchini-rellenos-de-carne-o-pollo\/","title":{"rendered":"Zapallitos o berenjenas o zucchini rellenos de carne"},"content":{"rendered":"<p>Ingredientes:<\/p>\n<p>Zapallito, carne picada magra, salsa de tomate, muzzarella, or\u00e9gano.<\/p>\n<table style=\"height: 77px;\" width=\"778\">\n<tbody>\n<tr>\n<td width=\"122\">COMPOSICI\u00d3N NUTRICIONAL<\/td>\n<td width=\"113\">Calor\u00edas &#8211; 462<\/td>\n<td width=\"173\">H. de Carbono &#8211; 21<\/td>\n<td width=\"97\">Prote\u00ednas &#8211; 45<\/td>\n<td width=\"137\">Grasas &#8211; 21<\/td>\n<\/tr>\n<tr>\n<td width=\"122\"><\/td>\n<td width=\"113\">Na\u00a0 &#8211; 422<\/td>\n<td width=\"173\">Col<\/td>\n<td width=\"97\">Fibra &#8211; 7.4<\/td>\n<td width=\"137\">Grasas saturadas &#8211; 11<\/td>\n<\/tr>\n<\/tbody>\n<\/table>\n","protected":false},"excerpt":{"rendered":"<p>Ingredientes: Zapallito, carne picada magra, salsa de tomate, muzzarella, or\u00e9gano. COMPOSICI\u00d3N NUTRICIONAL Calor\u00edas &#8211; 462 H. de Carbono &#8211; 21 Prote\u00ednas &#8211; 45 Grasas &#8211; 21 Na\u00a0 &#8211; 422 Col Fibra &#8211; 7.4 Grasas saturadas &#8211; 11<\/p>\n","protected":false},"featured_media":798,"comment_status":"closed","ping_status":"closed","template":"","meta":[],"product_brand":[],"product_cat":[44],"product_tag":[],"class_list":{"0":"post-797","1":"product","2":"type-product","3":"status-publish","4":"has-post-thumbnail","6":"product_cat-platos-de-comidas-saludables-sin-gluten","8":"first","9":"instock","10":"virtual","11":"taxable","12":"purchasable","13":"product-type-simple"},"jetpack_sharing_enabled":true,"_links":{"self":[{"href":"https:\/\/glutenouy.com\/g7o2\/wp-json\/wp\/v2\/product\/797","targetHints":{"allow":["GET"]}}],"collection":[{"href":"https:\/\/glutenouy.com\/g7o2\/wp-json\/wp\/v2\/product"}],"about":[{"href":"https:\/\/glutenouy.com\/g7o2\/wp-json\/wp\/v2\/types\/product"}],"replies":[{"embeddable":true,"href":"https:\/\/glutenouy.com\/g7o2\/wp-json\/wp\/v2\/comments?post=797"}],"version-history":[{"count":3,"href":"https:\/\/glutenouy.com\/g7o2\/wp-json\/wp\/v2\/product\/797\/revisions"}],"predecessor-version":[{"id":2270,"href":"https:\/\/glutenouy.com\/g7o2\/wp-json\/wp\/v2\/product\/797\/revisions\/2270"}],"wp:featuredmedia":[{"embeddable":true,"href":"https:\/\/glutenouy.com\/g7o2\/wp-json\/wp\/v2\/media\/798"}],"wp:attachment":[{"href":"https:\/\/glutenouy.com\/g7o2\/wp-json\/wp\/v2\/media?parent=797"}],"wp:term":[{"taxonomy":"product_brand","embeddable":true,"href":"https:\/\/glutenouy.com\/g7o2\/wp-json\/wp\/v2\/product_brand?post=797"},{"taxonomy":"product_cat","embeddable":true,"href":"https:\/\/glutenouy.com\/g7o2\/wp-json\/wp\/v2\/product_cat?post=797"},{"taxonomy":"product_tag","embeddable":true,"href":"https:\/\/glutenouy.com\/g7o2\/wp-json\/wp\/v2\/product_tag?post=797"}],"curies":[{"name":"wp","href":"https:\/\/api.w.org\/{rel}","templated":true}]}}