{"id":94,"date":"2020-11-05T16:46:46","date_gmt":"2020-11-05T16:46:46","guid":{"rendered":"https:\/\/glutenouy.com\/g7o2\/?post_type=product&#038;p=94"},"modified":"2021-08-10T17:12:01","modified_gmt":"2021-08-10T20:12:01","slug":"menu-5-lasana-de-jamon-queso-calabaza-y-espinaca-con-salsa-blanca-y-filetto-postre-ramon-jugo-o-agua","status":"publish","type":"product","link":"https:\/\/glutenouy.com\/g7o2\/producto\/menu-5-lasana-de-jamon-queso-calabaza-y-espinaca-con-salsa-blanca-y-filetto-postre-ramon-jugo-o-agua\/","title":{"rendered":"Men\u00fa 05- Lasa\u00f1a de jam\u00f3n, queso, calabaza y espinaca con salsa blanca y filetto- Postre Ram\u00f3n- Jugo o Agua"},"content":{"rendered":"","protected":false},"excerpt":{"rendered":"<div class=\"goods-item-title\">Lasa\u00f1a de jam\u00f3n, queso, calabaza y espinaca con salsa blanca y filetto- Postre Ram\u00f3n- Jugo o Agua<\/div>\n","protected":false},"featured_media":1505,"comment_status":"open","ping_status":"closed","template":"","meta":[],"product_brand":[],"product_cat":[17],"product_tag":[],"class_list":{"0":"post-94","1":"product","2":"type-product","3":"status-publish","4":"has-post-thumbnail","6":"product_cat-productos","8":"first","9":"instock","10":"taxable","11":"shipping-taxable","12":"product-type-simple"},"jetpack_sharing_enabled":true,"_links":{"self":[{"href":"https:\/\/glutenouy.com\/g7o2\/wp-json\/wp\/v2\/product\/94","targetHints":{"allow":["GET"]}}],"collection":[{"href":"https:\/\/glutenouy.com\/g7o2\/wp-json\/wp\/v2\/product"}],"about":[{"href":"https:\/\/glutenouy.com\/g7o2\/wp-json\/wp\/v2\/types\/product"}],"replies":[{"embeddable":true,"href":"https:\/\/glutenouy.com\/g7o2\/wp-json\/wp\/v2\/comments?post=94"}],"version-history":[{"count":1,"href":"https:\/\/glutenouy.com\/g7o2\/wp-json\/wp\/v2\/product\/94\/revisions"}],"predecessor-version":[{"id":1507,"href":"https:\/\/glutenouy.com\/g7o2\/wp-json\/wp\/v2\/product\/94\/revisions\/1507"}],"wp:featuredmedia":[{"embeddable":true,"href":"https:\/\/glutenouy.com\/g7o2\/wp-json\/wp\/v2\/media\/1505"}],"wp:attachment":[{"href":"https:\/\/glutenouy.com\/g7o2\/wp-json\/wp\/v2\/media?parent=94"}],"wp:term":[{"taxonomy":"product_brand","embeddable":true,"href":"https:\/\/glutenouy.com\/g7o2\/wp-json\/wp\/v2\/product_brand?post=94"},{"taxonomy":"product_cat","embeddable":true,"href":"https:\/\/glutenouy.com\/g7o2\/wp-json\/wp\/v2\/product_cat?post=94"},{"taxonomy":"product_tag","embeddable":true,"href":"https:\/\/glutenouy.com\/g7o2\/wp-json\/wp\/v2\/product_tag?post=94"}],"curies":[{"name":"wp","href":"https:\/\/api.w.org\/{rel}","templated":true}]}}